{"id":301,"date":"2011-09-12T16:47:04","date_gmt":"2011-09-12T14:47:04","guid":{"rendered":"https:\/\/kulturweit.blog\/wiki\/?page_id=301"},"modified":"2012-05-13T13:57:51","modified_gmt":"2012-05-13T11:57:51","slug":"spielregeln","status":"publish","type":"page","link":"https:\/\/kulturweit.blog\/wiki\/spielregeln\/","title":{"rendered":"Spielregeln"},"content":{"rendered":"<ol>\n<li>Gestalte deine Eintr\u00e4ge sachlich und informativ. (Zum Leitfaden zur Erstellung eines L\u00e4nderartikels &gt;<a href=\"https:\/\/kulturweit.blog\/wiki\/freiwilligenguide\/einsatzregionen-2\/leitfaden-zur-erstellung-eines-landerartikels\/\"> hier.<\/a>)<\/li>\n<li>Fasse dich m\u00f6glichst kurz.<\/li>\n<li>Verzichte auf Wertungen von Personen, Einsatzstellen und Entsendeorganisationen.<\/li>\n<li>Kritik an Politik, Religion, Werten und Normen deines Einsatzlandes sind zu unterlassen.<\/li>\n<li>Durch hochgeladenen Fotos d\u00fcrfen keine Urheberrechte verletzt\u00a0werden.<\/li>\n<li>Fotos sollten den Artikelthemen entsprechen.<\/li>\n<li>Lade keine Fotos von Personen hoch, die nicht damit einverstanden sind.<\/li>\n<li>Der Blog des Freiwilligen-Guides ist kein soziales Netzwerk, sondern ausschlie\u00dflich f\u00fcr den Informationsaustausch gedacht.<\/li>\n<li>Dies ist nicht der Platz f\u00fcr pers\u00f6nliche Erfahrungsberichte &#8211; daf\u00fcr kannst du den &gt;&gt;kulturweit&lt;&lt;-Blog verwenden.<\/li>\n<li>F\u00fcr den Inhalt der verlinkten Seiten ist der Freiwilligen-Guide nicht verantwortlich.<\/li>\n<li>Links sollen nur den Artikelthemen entsprechen.<\/li>\n<li>F\u00fcr alles Weitere gelten die <a href=\"https:\/\/kulturweit.blog\/agb\/\">Nutzungsbedingungen<\/a> des \u00bbkulturweit\u00ab-Blogs.<\/li>\n<\/ol>\n","protected":false},"excerpt":{"rendered":"<p>Gestalte deine Eintr\u00e4ge sachlich und informativ. (Zum Leitfaden zur Erstellung eines L\u00e4nderartikels &gt; hier.) Fasse dich m\u00f6glichst kurz. Verzichte auf Wertungen von Personen, Einsatzstellen und Entsendeorganisationen. Kritik an Politik, Religion, Werten und Normen deines Einsatzlandes sind zu unterlassen. Durch hochgeladenen &hellip;<\/p>\n<p class=\"read-more\"> <a class=\"more-link\" href=\"https:\/\/kulturweit.blog\/wiki\/spielregeln\/\"> <span class=\"screen-reader-text\">Spielregeln<\/span> Weiterlesen &raquo;<\/a><\/p>\n","protected":false},"author":631,"featured_media":0,"parent":0,"menu_order":0,"comment_status":"closed","ping_status":"closed","template":"sidebar-content-page.php","meta":{"footnotes":""},"class_list":["post-301","page","type-page","status-publish","hentry"],"amp_enabled":false,"_links":{"self":[{"href":"https:\/\/kulturweit.blog\/wiki\/wp-json\/wp\/v2\/pages\/301"}],"collection":[{"href":"https:\/\/kulturweit.blog\/wiki\/wp-json\/wp\/v2\/pages"}],"about":[{"href":"https:\/\/kulturweit.blog\/wiki\/wp-json\/wp\/v2\/types\/page"}],"author":[{"embeddable":true,"href":"https:\/\/kulturweit.blog\/wiki\/wp-json\/wp\/v2\/users\/631"}],"replies":[{"embeddable":true,"href":"https:\/\/kulturweit.blog\/wiki\/wp-json\/wp\/v2\/comments?post=301"}],"version-history":[{"count":1,"href":"https:\/\/kulturweit.blog\/wiki\/wp-json\/wp\/v2\/pages\/301\/revisions"}],"predecessor-version":[{"id":305,"href":"https:\/\/kulturweit.blog\/wiki\/wp-json\/wp\/v2\/pages\/301\/revisions\/305"}],"wp:attachment":[{"href":"https:\/\/kulturweit.blog\/wiki\/wp-json\/wp\/v2\/media?parent=301"}],"curies":[{"name":"wp","href":"https:\/\/api.w.org\/{rel}","templated":true}]}}