{"id":44,"date":"2022-10-06T09:30:43","date_gmt":"2022-10-06T01:30:43","guid":{"rendered":"https:\/\/kulturweit.blog\/ulaanbaatar\/?page_id=44"},"modified":"2022-10-17T09:31:27","modified_gmt":"2022-10-17T01:31:27","slug":"startseite","status":"publish","type":"page","link":"https:\/\/kulturweit.blog\/ulaanbaatar\/","title":{"rendered":"Herzlich Willkommen"},"content":{"rendered":"<p><span style=\"font-weight: 400\">Mein Name ist Mailin und ich mache momentan \u00fcber \u201ckulturweit\u201d, ein Programm der deutschen UNESCO-Kommission, ein Freiwilliges Soziales Jahr in der Mongolei. Ich bin in Ulaanbaatar an der 23. Schule, einer PASCH-Schule, die mit dem Goethe-Institut zusammenarbeitet, eingesetzt.\u00a0 Meine Aufgabe besteht darin, die Lehrkr\u00e4fte beim Deutschunterricht zu unterst\u00fctzen und mit den Kindern sprechen zu \u00fcben, da daf\u00fcr im regul\u00e4ren Unterricht oft nicht genug Zeit bleibt.\u00a0<\/span><\/p>\n<p><span style=\"font-weight: 400\">Dieser Blog handelt von meinen Erfahrungen und Erlebnissen in der Ferne und dient vor allem dazu, Familie und Freunde an meinem Leben hier teilhaben zu lassen.\u00a0<\/span><\/p>\n<p><span style=\"font-weight: 400\">Viel Spa\u00df beim Lesen,<\/span><\/p>\n<p><span style=\"font-weight: 400\">Mailin<\/span><\/p>\n<p><a href=\"https:\/\/kulturweit.blog\/ulaanbaatar\/files\/2022\/09\/DSC_2721.jpg\"><img loading=\"lazy\" decoding=\"async\" class=\"alignnone wp-image-8 size-full\" src=\"https:\/\/kulturweit.blog\/ulaanbaatar\/files\/2022\/09\/DSC_2721.jpg\" alt=\"\" width=\"1024\" height=\"680\" srcset=\"https:\/\/kulturweit.blog\/ulaanbaatar\/files\/2022\/09\/DSC_2721.jpg 1024w, https:\/\/kulturweit.blog\/ulaanbaatar\/files\/2022\/09\/DSC_2721-300x199.jpg 300w, https:\/\/kulturweit.blog\/ulaanbaatar\/files\/2022\/09\/DSC_2721-768x510.jpg 768w, https:\/\/kulturweit.blog\/ulaanbaatar\/files\/2022\/09\/DSC_2721-624x414.jpg 624w\" sizes=\"(max-width: 1024px) 100vw, 1024px\" \/><\/a><\/p>\n","protected":false},"excerpt":{"rendered":"<p>Mein Name ist Mailin und ich mache momentan \u00fcber \u201ckulturweit\u201d, ein Programm der deutschen UNESCO-Kommission, ein Freiwilliges Soziales Jahr in der Mongolei. Ich bin in Ulaanbaatar an der 23. Schule, einer PASCH-Schule, die mit dem Goethe-Institut zusammenarbeitet, eingesetzt.\u00a0 Meine Aufgabe besteht darin, die Lehrkr\u00e4fte beim Deutschunterricht zu unterst\u00fctzen und mit den Kindern sprechen zu \u00fcben, [&hellip;]<\/p>\n","protected":false},"author":3106,"featured_media":0,"parent":0,"menu_order":0,"comment_status":"closed","ping_status":"closed","template":"","meta":{"footnotes":""},"class_list":["post-44","page","type-page","status-publish","hentry"],"amp_enabled":false,"_links":{"self":[{"href":"https:\/\/kulturweit.blog\/ulaanbaatar\/wp-json\/wp\/v2\/pages\/44"}],"collection":[{"href":"https:\/\/kulturweit.blog\/ulaanbaatar\/wp-json\/wp\/v2\/pages"}],"about":[{"href":"https:\/\/kulturweit.blog\/ulaanbaatar\/wp-json\/wp\/v2\/types\/page"}],"author":[{"embeddable":true,"href":"https:\/\/kulturweit.blog\/ulaanbaatar\/wp-json\/wp\/v2\/users\/3106"}],"replies":[{"embeddable":true,"href":"https:\/\/kulturweit.blog\/ulaanbaatar\/wp-json\/wp\/v2\/comments?post=44"}],"version-history":[{"count":3,"href":"https:\/\/kulturweit.blog\/ulaanbaatar\/wp-json\/wp\/v2\/pages\/44\/revisions"}],"predecessor-version":[{"id":64,"href":"https:\/\/kulturweit.blog\/ulaanbaatar\/wp-json\/wp\/v2\/pages\/44\/revisions\/64"}],"wp:attachment":[{"href":"https:\/\/kulturweit.blog\/ulaanbaatar\/wp-json\/wp\/v2\/media?parent=44"}],"curies":[{"name":"wp","href":"https:\/\/api.w.org\/{rel}","templated":true}]}}