{"id":669,"date":"2010-02-19T15:41:37","date_gmt":"2010-02-19T18:41:37","guid":{"rendered":"https:\/\/kulturweit.blog\/thomas\/?page_id=669"},"modified":"2010-02-21T23:37:58","modified_gmt":"2010-02-22T02:37:58","slug":"das-nationalgetrank-mate","status":"publish","type":"page","link":"https:\/\/kulturweit.blog\/thomas\/everyday-life\/das-nationalgetrank-mate\/","title":{"rendered":"DAS (!!) Nationalgetr\u00e4nk &#8211; MATE"},"content":{"rendered":"<p>Wenn man die Getr\u00e4nkelandschaft Argentiniens betrachtet, findet man neben den \u00fcblichen Verd\u00e4chtigen (also dem Sortiment eines bestimmten Konzerns der zwei &#8222;C&#8220; in seinem Namen tr\u00e4gt) und den einheimischen Biermarken (die allesamt gr\u00f6\u00dftenteils ziemlich w\u00e4ssrig und lasch schmecken) vor allem eines:<\/p>\n<p>MATE!<\/p>\n<p>Und Mate ist nicht nur ein Getr\u00e4nk, sondern auch eine Lebenseinstellung. Mate kann man immer und \u00fcberall trinken! Und wer einmal in Argentinien, Uruguay oder Paraguay unterwegs war, wei\u00df, dass man an jeder Ecke und zu jedem Anlass Menschen Mate trinken sieht. Was man nun zum Mate-Trinken alles so braucht und wie das Yerba (also das &#8222;Pulver&#8220;) hergestellt wird, dazu jetzt mehr:<\/p>\n<p><em>Die Yerba &#8211; Grundlage eines jeden Mates<\/em><\/p>\n<p>Die Yerba sind die getrockneten und kleingeh\u00e4ckselten Bl\u00e4tter und Stiele des Mate-Strauchs (f\u00fcr die Biologen unter uns, korrekte Bezeichnung <em>Ilex paraguariensis,<\/em> geh\u00f6rt zur Gruppe der Stechpalmen). Diese Mate-Str\u00e4ucher wachsen in Argentinien vor allem in den nord\u00f6stlichen Provinzen Corrientes und Misiones. Mate-Pflanzungen entdeckt man hier \u00fcberall entlang der Stra\u00dfen. Der Mate-Strauch sieht so aus:<\/p>\n<div id=\"attachment_676\" style=\"width: 310px\" class=\"wp-caption aligncenter\"><a href=\"https:\/\/kulturweit.blog\/thomas\/files\/2010\/02\/Yerba_Mate_Bildgr\u00f6\u00dfe-\u00e4ndern.jpg\"><img loading=\"lazy\" decoding=\"async\" aria-describedby=\"caption-attachment-676\" class=\"size-medium wp-image-676\" title=\"Yerba_Mate_Strauch\" src=\"https:\/\/kulturweit.blog\/thomas\/files\/2010\/02\/Yerba_Mate_Bildgr\u00f6\u00dfe-\u00e4ndern-300x225.jpg\" alt=\"\" width=\"300\" height=\"225\" srcset=\"https:\/\/kulturweit.blog\/thomas\/files\/2010\/02\/Yerba_Mate_Bildgr\u00f6\u00dfe-\u00e4ndern-300x225.jpg 300w, https:\/\/kulturweit.blog\/thomas\/files\/2010\/02\/Yerba_Mate_Bildgr\u00f6\u00dfe-\u00e4ndern.jpg 800w\" sizes=\"(max-width: 300px) 100vw, 300px\" \/><\/a><p id=\"caption-attachment-676\" class=\"wp-caption-text\">Ein Yerba-Mate-Strauch<\/p><\/div>\n<p>Im s\u00fcdamerikanischen Winter (also dem deutschen Sommer) werden die Mate-Pflanzungen abgeerntet, wobei dabei die Bl\u00e4tter und d\u00fcnnen \u00c4ste mit Macheten abgeerntet werden. Danach geht es auf LKWs in die n\u00e4chste Mate-Fabrik:<\/p>\n<div id=\"attachment_677\" style=\"width: 310px\" class=\"wp-caption aligncenter\"><a href=\"https:\/\/kulturweit.blog\/thomas\/files\/2010\/02\/IMG_7069_Bildgr\u00f6\u00dfe-\u00e4ndern.jpg\"><img loading=\"lazy\" decoding=\"async\" aria-describedby=\"caption-attachment-677\" class=\"size-medium wp-image-677\" title=\"IMG_7069\" src=\"https:\/\/kulturweit.blog\/thomas\/files\/2010\/02\/IMG_7069_Bildgr\u00f6\u00dfe-\u00e4ndern-300x199.jpg\" alt=\"\" width=\"300\" height=\"199\" srcset=\"https:\/\/kulturweit.blog\/thomas\/files\/2010\/02\/IMG_7069_Bildgr\u00f6\u00dfe-\u00e4ndern-300x199.jpg 300w, https:\/\/kulturweit.blog\/thomas\/files\/2010\/02\/IMG_7069_Bildgr\u00f6\u00dfe-\u00e4ndern.jpg 800w\" sizes=\"(max-width: 300px) 100vw, 300px\" \/><\/a><p id=\"caption-attachment-677\" class=\"wp-caption-text\">Mate-Laster<\/p><\/div>\n<p>In der Fabrik wird der Mate zuerst ausgebreitet und vorgetrocknet. Danach geht es f\u00fcr eine knappe Minute in den 400\u00b0C hei\u00dfen Ofen, wo die Mate-Bl\u00e4tter weiter getrocknet werden. Nach einigen Runden in diversen gro\u00dfen, sich drehenden R\u00f6hren geht es in die Verpackungsanlage, wo der Mate in die Verkaufspackungen abgef\u00fcllt wird.<\/p>\n<div id=\"attachment_680\" style=\"width: 310px\" class=\"wp-caption aligncenter\"><a href=\"https:\/\/kulturweit.blog\/thomas\/files\/2010\/02\/IMG_7103_Bildgr\u00f6\u00dfe-\u00e4ndern.jpg\"><img loading=\"lazy\" decoding=\"async\" aria-describedby=\"caption-attachment-680\" class=\"size-medium wp-image-680\" title=\"IMG_7103_Bildgr\u00f6\u00dfe \u00e4ndern\" src=\"https:\/\/kulturweit.blog\/thomas\/files\/2010\/02\/IMG_7103_Bildgr\u00f6\u00dfe-\u00e4ndern-300x199.jpg\" alt=\"\" width=\"300\" height=\"199\" srcset=\"https:\/\/kulturweit.blog\/thomas\/files\/2010\/02\/IMG_7103_Bildgr\u00f6\u00dfe-\u00e4ndern-300x199.jpg 300w, https:\/\/kulturweit.blog\/thomas\/files\/2010\/02\/IMG_7103_Bildgr\u00f6\u00dfe-\u00e4ndern.jpg 800w\" sizes=\"(max-width: 300px) 100vw, 300px\" \/><\/a><p id=\"caption-attachment-680\" class=\"wp-caption-text\">Zum Trocknen ausgebreiteter Mate in der Fabrik<\/p><\/div>\n<div id=\"attachment_681\" style=\"width: 310px\" class=\"wp-caption aligncenter\"><a href=\"https:\/\/kulturweit.blog\/thomas\/files\/2010\/02\/IMG_7127_Bildgr\u00f6\u00dfe-\u00e4ndern.jpg\"><img loading=\"lazy\" decoding=\"async\" aria-describedby=\"caption-attachment-681\" class=\"size-medium wp-image-681\" title=\"IMG_7127_Bildgr\u00f6\u00dfe \u00e4ndern\" src=\"https:\/\/kulturweit.blog\/thomas\/files\/2010\/02\/IMG_7127_Bildgr\u00f6\u00dfe-\u00e4ndern-300x199.jpg\" alt=\"\" width=\"300\" height=\"199\" srcset=\"https:\/\/kulturweit.blog\/thomas\/files\/2010\/02\/IMG_7127_Bildgr\u00f6\u00dfe-\u00e4ndern-300x199.jpg 300w, https:\/\/kulturweit.blog\/thomas\/files\/2010\/02\/IMG_7127_Bildgr\u00f6\u00dfe-\u00e4ndern.jpg 800w\" sizes=\"(max-width: 300px) 100vw, 300px\" \/><\/a><p id=\"caption-attachment-681\" class=\"wp-caption-text\">Eine der R\u00f6hren zum &quot;Kleinh\u00e4ckseln&quot; des Yerba<\/p><\/div>\n<div id=\"attachment_682\" style=\"width: 310px\" class=\"wp-caption aligncenter\"><a href=\"https:\/\/kulturweit.blog\/thomas\/files\/2010\/02\/IMG_7138_Bildgr\u00f6\u00dfe-\u00e4ndern.jpg\"><img loading=\"lazy\" decoding=\"async\" aria-describedby=\"caption-attachment-682\" class=\"size-medium wp-image-682\" title=\"IMG_7138_Bildgr\u00f6\u00dfe \u00e4ndern\" src=\"https:\/\/kulturweit.blog\/thomas\/files\/2010\/02\/IMG_7138_Bildgr\u00f6\u00dfe-\u00e4ndern-300x199.jpg\" alt=\"\" width=\"300\" height=\"199\" srcset=\"https:\/\/kulturweit.blog\/thomas\/files\/2010\/02\/IMG_7138_Bildgr\u00f6\u00dfe-\u00e4ndern-300x199.jpg 300w, https:\/\/kulturweit.blog\/thomas\/files\/2010\/02\/IMG_7138_Bildgr\u00f6\u00dfe-\u00e4ndern.jpg 800w\" sizes=\"(max-width: 300px) 100vw, 300px\" \/><\/a><p id=\"caption-attachment-682\" class=\"wp-caption-text\">Yerba nach dem H\u00e4ckseln und Trocknen<\/p><\/div>\n<p>Es gibt unterschiedliche Mate-Sorten, so zum Beispiel &#8222;Mate Suave&#8220; (also &#8222;milder Mate&#8220;) &#8222;Mate con Hierbas&#8220; (Mate mit Kr\u00e4utern) usw. Au\u00dferdem gibt es nat\u00fcrlich auch verschiedene Hersteller, die bekanntesten sind Rosamonte, Mate Rojo, Aguantadora und Taragui.<\/p>\n<div id=\"attachment_679\" style=\"width: 195px\" class=\"wp-caption alignleft\"><a href=\"https:\/\/kulturweit.blog\/thomas\/files\/2010\/02\/rosamonte-kilo-400.jpg\"><img loading=\"lazy\" decoding=\"async\" aria-describedby=\"caption-attachment-679\" class=\"size-full wp-image-679 \" title=\"rosamonte-kilo-400\" src=\"https:\/\/kulturweit.blog\/thomas\/files\/2010\/02\/rosamonte-kilo-400.jpg\" alt=\"\" width=\"185\" height=\"297\" \/><\/a><p id=\"caption-attachment-679\" class=\"wp-caption-text\">Rosamonte<\/p><\/div>\n<div id=\"attachment_678\" style=\"width: 126px\" class=\"wp-caption alignleft\"><a href=\"https:\/\/kulturweit.blog\/thomas\/files\/2010\/02\/paquete-tradcional.png\"><img loading=\"lazy\" decoding=\"async\" aria-describedby=\"caption-attachment-678\" class=\"size-full wp-image-678 \" title=\"paquete-tradcional\" src=\"https:\/\/kulturweit.blog\/thomas\/files\/2010\/02\/paquete-tradcional.png\" alt=\"\" width=\"116\" height=\"175\" \/><\/a><p id=\"caption-attachment-678\" class=\"wp-caption-text\">Aguantadora &quot;Tradicional&quot;<\/p><\/div>\n<p><span style=\"color: #ffffff\">.<\/span><\/p>\n<p><span style=\"color: #ffffff\">.<\/span><\/p>\n<p><span style=\"color: #ffffff\">.<\/span><\/p>\n<p><span style=\"color: #ffffff\">.<\/span><\/p>\n<p><span style=\"color: #ffffff\">.<\/span><\/p>\n<p><span style=\"color: #ffffff\">.<\/span><\/p>\n<p><span style=\"color: #ffffff\">.<\/span><\/p>\n<p><span style=\"color: #ffffff\">.<\/span><\/p>\n<p><span style=\"color: #ffffff\">.<\/span><\/p>\n<p><span style=\"color: #ffffff\">.<\/span><\/p>\n<p><span style=\"color: #ffffff\">.<\/span><\/p>\n<p><span style=\"color: #ffffff\">.<\/span><\/p>\n<p><span style=\"color: #ffffff\">.<\/span><\/p>\n<p><span style=\"color: #ffffff\">.<\/span><\/p>\n<p>Die Jahresproduktion Argentiniens betr\u00e4gt ca. 240.000 Tonnen Yerba. \ud83d\ude09<\/p>\n<p><em>Die Kunst des Mate-Tee-Machens<\/em><\/p>\n<p>Nachdem wir jetzt wissen, wie das Yerba-Pulver hergestellt wird, geht es daran, wie man den Mate-Tee trinkt. Dies ist eine Kunst und gleichzeitig eine Zelebrierung.<br \/>\nZun\u00e4chst braucht man warmes\/hei\u00dfes Wasser, am Besten sind zwischen 60 und 80\u00b0C, KEIN kochendes Wasser!.<br \/>\nDann braucht man einen &#8222;Mate&#8220; bzw. auf deutsch ist dies eine Kalebasse. (Man merkt, &#8222;Mate&#8220; hat nicht nur <em>eine<\/em> Bedeutung).<br \/>\nDiese Kalebasse ist traditionell ein ausgeh\u00f6hlter K\u00fcrbis, es gibt aber auch Holz-Mate-Gef\u00e4\u00dfe.<br \/>\nIn diese Kalebasse f\u00fcllt man nun Yerba-Pulver, bis ca 3\/4 des Gef\u00e4\u00dfes voll sind. Dann sch\u00fcttelt man das Gef\u00e4\u00df und h\u00e4lt oben die Hand dar\u00fcber, dass nur der Staub auf- und herausgewirbelt wird, die Yerba aber drin bleibt.<br \/>\nAnschlie\u00dfend sch\u00fcttelt man den Mate leicht schr\u00e4g, sodass die Yerba auch schr\u00e4g im Gef\u00e4\u00df liegt. Nun kann man in diese L\u00fccke die Bombilla legen und danach den Mate wieder gerade halten. Die Bombilla ist der &#8222;Strohhalm&#8220; aus dem man nachher trinkt. Die Bombilla kann aus Metall oder Holz sein, hat oben ein flaches Mundst\u00fcck und unten kleine L\u00f6cher, durch die das Wasser angesaugt wird.<\/p>\n<p>Nun gie\u00dft man vorsichtig Wasser in das Mate-Gef\u00e4\u00df, bis kurz vor dem \u00dcberlaufen. Dann nimmt man den ersten Schluck aus der Bombilla und spuckt diesen gleich wieder aus, da er meistens sehr bitter ist.<br \/>\nMan gie\u00dft nun neu Wasser auf und trinkt gem\u00fctlich und gen\u00fc\u00dflich am Mate. Nach und nach l\u00e4sst die Geschmacksintensit\u00e4t nach.<br \/>\nHier noch eine wichtige Anmerkung von Charlotte: <em>&#8222;NIEMALS drin rumprokeln (ich w\u00fcrde es drin herumstochern\/-r\u00fchren nennen), das machen nur absolute Anf\u00e4nger und es kommt nicht gut an, da man probiert so lange wie m\u00f6glich einen Teil des Yerbas trocken zu halten!&#8220;<\/em><br \/>\nWichtig ist noch, dass Mate gerne\/fast immer in Gesellschaft getrunken wird. Dazu gibt es ein bestimmtes Ritual: Derjenige, der das hei\u00dfe Wasser hat (meistens in einer Thermoskanne) gie\u00dft immer neu auf und reicht den Mate an alle Anwesenden. Jeder trinkt einen Aufguss und gibt den Mate dann wieder zur\u00fcck. Alle trinken aus derselben Bombilla (!). Wenn man keinen weiteren Aufguss mehr will (und nur dann (!)) gibt man den Mate mit einem &#8222;Gracias&#8220; zur\u00fcck.<\/p>\n<div id=\"attachment_686\" style=\"width: 209px\" class=\"wp-caption aligncenter\"><a href=\"https:\/\/kulturweit.blog\/thomas\/files\/2010\/02\/IMG_6656_Bildgr\u00f6\u00dfe-\u00e4ndern.jpg\"><img loading=\"lazy\" decoding=\"async\" aria-describedby=\"caption-attachment-686\" class=\"size-medium wp-image-686\" title=\"IMG_6656_Bildgr\u00f6\u00dfe \u00e4ndern\" src=\"https:\/\/kulturweit.blog\/thomas\/files\/2010\/02\/IMG_6656_Bildgr\u00f6\u00dfe-\u00e4ndern-e1266604494896-199x300.jpg\" alt=\"\" width=\"199\" height=\"300\" srcset=\"https:\/\/kulturweit.blog\/thomas\/files\/2010\/02\/IMG_6656_Bildgr\u00f6\u00dfe-\u00e4ndern-e1266604494896-199x300.jpg 199w, https:\/\/kulturweit.blog\/thomas\/files\/2010\/02\/IMG_6656_Bildgr\u00f6\u00dfe-\u00e4ndern-e1266604494896.jpg 533w\" sizes=\"(max-width: 199px) 100vw, 199px\" \/><\/a><p id=\"caption-attachment-686\" class=\"wp-caption-text\">Von links nach rechts: Mate\/Kalebasse, Bombilla, Thermoskanne -&gt; alles was man zum Mate trinken braucht =)<\/p><\/div>\n<div id=\"attachment_684\" style=\"width: 310px\" class=\"wp-caption aligncenter\"><a href=\"https:\/\/kulturweit.blog\/thomas\/files\/2010\/02\/IMG_0696_Bildgr\u00f6\u00dfe-\u00e4ndern.jpg\"><img loading=\"lazy\" decoding=\"async\" aria-describedby=\"caption-attachment-684\" class=\"size-medium wp-image-684\" title=\"IMG_0696_Bildgr\u00f6\u00dfe \u00e4ndern\" src=\"https:\/\/kulturweit.blog\/thomas\/files\/2010\/02\/IMG_0696_Bildgr\u00f6\u00dfe-\u00e4ndern-300x199.jpg\" alt=\"\" width=\"300\" height=\"199\" srcset=\"https:\/\/kulturweit.blog\/thomas\/files\/2010\/02\/IMG_0696_Bildgr\u00f6\u00dfe-\u00e4ndern-300x199.jpg 300w, https:\/\/kulturweit.blog\/thomas\/files\/2010\/02\/IMG_0696_Bildgr\u00f6\u00dfe-\u00e4ndern.jpg 800w\" sizes=\"(max-width: 300px) 100vw, 300px\" \/><\/a><p id=\"caption-attachment-684\" class=\"wp-caption-text\">Yerba in einem Mate mitsamt Bombilla<\/p><\/div>\n<div id=\"attachment_685\" style=\"width: 310px\" class=\"wp-caption aligncenter\"><a href=\"https:\/\/kulturweit.blog\/thomas\/files\/2010\/02\/IMG_0697_Bildgr\u00f6\u00dfe-\u00e4ndern.jpg\"><img loading=\"lazy\" decoding=\"async\" aria-describedby=\"caption-attachment-685\" class=\"size-medium wp-image-685\" title=\"IMG_0697_Bildgr\u00f6\u00dfe \u00e4ndern\" src=\"https:\/\/kulturweit.blog\/thomas\/files\/2010\/02\/IMG_0697_Bildgr\u00f6\u00dfe-\u00e4ndern-300x199.jpg\" alt=\"\" width=\"300\" height=\"199\" srcset=\"https:\/\/kulturweit.blog\/thomas\/files\/2010\/02\/IMG_0697_Bildgr\u00f6\u00dfe-\u00e4ndern-300x199.jpg 300w, https:\/\/kulturweit.blog\/thomas\/files\/2010\/02\/IMG_0697_Bildgr\u00f6\u00dfe-\u00e4ndern.jpg 800w\" sizes=\"(max-width: 300px) 100vw, 300px\" \/><\/a><p id=\"caption-attachment-685\" class=\"wp-caption-text\">Ein gen\u00fc\u00dflicher Mate-Trinker<\/p><\/div>\n<p>Doch das war noch nicht alles: Mate ist ein wahres Allround-Talent:<br \/>\nDa es in Paraguay und im Norden Argentiniens im Sommer einfach zu hei\u00df ist um auch noch ein Hei\u00dfgetr\u00e4nk zu sich zu nehmen, gibt es &#8222;Terer\u00e9&#8220;. Alles funktioniert genau gleich wie beim normalen Mate, au\u00dfer dass man statt warmen Wasser kaltes Wasser (meistens sogar noch mit Eisw\u00fcrfeln) nimmt. Doch Terer\u00e9 muss man nicht nur mit kaltem Wasser trinken. Wenn man ein Alubecher zur Hand hat und in diesen die Yerba f\u00fcllt, kann man auch Orangen- oder Zitronensaft (verd\u00fcnnt mit Wasser und meistens mit Zucker ges\u00fc\u00dft) als &#8222;Wasserersatz&#8220; verwenden. Dann schmeckt der Terer\u00e9 s\u00fc\u00df und erfrischend, im Gegensatz zum tabakartigen Geschmack des Mates. (Den Alubecher braucht man, da die Fruchts\u00e4ure den K\u00fcrbis angreifen w\u00fcrde).<\/p>\n<p>Eine gute \u00dcbersicht zu allem obigen bietet zum einen <a href=\"http:\/\/www.aguantadora.com\/preparar-un-buen-mate.html\" target=\"_blank\">diese \u00dcbersicht, wie man einen guten Mate macht<\/a>; zum anderen der <a href=\"http:\/\/de.wikipedia.org\/wiki\/Mate\" target=\"_blank\">Wikipedia-Artikel zu Mate<\/a>.<\/p>\n","protected":false},"excerpt":{"rendered":"<p>Wenn man die Getr\u00e4nkelandschaft Argentiniens betrachtet, findet man neben den \u00fcblichen Verd\u00e4chtigen (also dem Sortiment eines bestimmten Konzerns der zwei &#8222;C&#8220; in seinem Namen tr\u00e4gt) und den einheimischen Biermarken (die allesamt gr\u00f6\u00dftenteils ziemlich w\u00e4ssrig und lasch schmecken) vor allem eines: MATE! Und Mate ist nicht nur ein Getr\u00e4nk, sondern auch eine Lebenseinstellung. Mate kann man [&hellip;]<\/p>\n","protected":false},"author":75,"featured_media":686,"parent":452,"menu_order":0,"comment_status":"open","ping_status":"open","template":"","meta":{"footnotes":""},"class_list":["post-669","page","type-page","status-publish","has-post-thumbnail","hentry"],"_links":{"self":[{"href":"https:\/\/kulturweit.blog\/thomas\/wp-json\/wp\/v2\/pages\/669"}],"collection":[{"href":"https:\/\/kulturweit.blog\/thomas\/wp-json\/wp\/v2\/pages"}],"about":[{"href":"https:\/\/kulturweit.blog\/thomas\/wp-json\/wp\/v2\/types\/page"}],"author":[{"embeddable":true,"href":"https:\/\/kulturweit.blog\/thomas\/wp-json\/wp\/v2\/users\/75"}],"replies":[{"embeddable":true,"href":"https:\/\/kulturweit.blog\/thomas\/wp-json\/wp\/v2\/comments?post=669"}],"version-history":[{"count":1,"href":"https:\/\/kulturweit.blog\/thomas\/wp-json\/wp\/v2\/pages\/669\/revisions"}],"predecessor-version":[{"id":706,"href":"https:\/\/kulturweit.blog\/thomas\/wp-json\/wp\/v2\/pages\/669\/revisions\/706"}],"up":[{"embeddable":true,"href":"https:\/\/kulturweit.blog\/thomas\/wp-json\/wp\/v2\/pages\/452"}],"wp:featuredmedia":[{"embeddable":true,"href":"https:\/\/kulturweit.blog\/thomas\/wp-json\/wp\/v2\/media\/686"}],"wp:attachment":[{"href":"https:\/\/kulturweit.blog\/thomas\/wp-json\/wp\/v2\/media?parent=669"}],"curies":[{"name":"wp","href":"https:\/\/api.w.org\/{rel}","templated":true}]}}