{"id":507,"date":"2009-11-28T23:13:46","date_gmt":"2009-11-29T02:13:46","guid":{"rendered":"https:\/\/kulturweit.blog\/thomas\/?page_id=507"},"modified":"2009-12-02T12:21:41","modified_gmt":"2009-12-02T15:21:41","slug":"money-matters","status":"publish","type":"page","link":"https:\/\/kulturweit.blog\/thomas\/everyday-life\/money-matters\/","title":{"rendered":"Money matters"},"content":{"rendered":"<p>Das liebe Geld &#8211; auch hier ein gro\u00dfes Thema. Auf die Geschichte des Pesos will ich hier jetzt gar nicht weiter eingehen, wer dazu n\u00e4heres wissen will, schaue mal hier vorbei: <a href=\"http:\/\/de.wikipedia.org\/wiki\/Argentinischer_Peso\" target=\"_blank\">wikipedia-Link<\/a><\/p>\n<p>Was ich viel interessanter finde, will ich an zwei kurzen Anekdoten aufzeigen:<\/p>\n<p>Ich stehe an der Supermarkt-Kasse, habe einige Kleinigkeiten gekauft und bezahle mit Scheinen. Dazu ist zu sagen, dass es Peso-Scheine mit dem Wert von 2,5, 10, 20, 50 und 100 Pesos gibt. Allen ist jedoch gemein, dass sich die Scheine lapprig und alt, ein bisschen wie Butterbrot-Papier anf\u00fchlen. Mag vielleicht auch an der feuchten Luft hier liegen, die Euros, die ich dabei habe, f\u00fchlen sich aber immer noch wie gewohnt an. Jedenfalls bezahle ich nicht genau passend, da ich noch kein Kleingeld habe, als Frisch-Angekommener. Als R\u00fcckgeld bekomme ich dann neben einem 2-Peso-Schein auch noch 2 Bonbons, die einem Wert von ca. 15 Centavos pro Bonbon entsprechen sollen&#8230;Nun ja, in der Supermartkasse war sonst wirklich kein Kleingeld mehr zu sehen, also nahm ich die Bonbons als Zahlungsmittel an&#8230;<\/p>\n<p>Wodurch der Kleingeld-Mangel verursacht wird, wurde mir dann in Buenos Aires klar:<br \/>\nWenn man mit einem der gesch\u00e4tzten Tausend Busse, die durch Buenos Aires fahren, mitfahren m\u00f6chte, so steigt man ein, sagt dem Fahrer seine Ausstiegshaltestelle bzw. das Ausstiegsstadtviertel und l\u00e4uft dann weiter zu einem Fahrkarten-Automaten&#8230;und dieser Automat nimmt nur M\u00fcnzgeld an! Man muss also immer und \u00fcberall M\u00fcnzgeld dabei haben, wenn man mit dem Bus fahren m\u00f6chte. Eine Alternative dazu gibt es nicht!!<\/p>\n<p>Nach dieser Erfahrung wusste ich dann auch, wo das ganze Kleingeld von Argentinien steckt &#8211; in den Fahrscheinautomaten der Bonaerenser Busse. Dazu passte erz\u00e4hlte mir Lukas, dass er davon gelesen h\u00e4tte, dass die Busunternehmen das M\u00fcnzgeld schon mal tagelang zur\u00fcckgehalten hatten um damit Druck auf die Regierung auszu\u00fcben.<\/p>\n<p>Ach ja: Als ich in Buenos Aires war, verbrachten ich auch schon mal 20 Minuten damit, gen\u00fcgend M\u00fcnzgeld zu ergattern, damit wir zu sechst mit dem Bus fahren konnten (dazu brauchten wir ca. 20 M\u00fcnzen) &#8211; die Kiosk-Betreiber haben sich nat\u00fcrlich auch auf den M\u00fcnzgeld-Mangel eingestellt und tauschen nicht direkt, sondern geben nur M\u00fcnzgeld als R\u00fcckgeld f\u00fcr einen kleinen Einkauf \ud83d\ude09<\/p>\n<p>Das war das vorl\u00e4ufige Ende der Rubrik &#8222;Everyday Life&#8220; &#8211; alle Beitr\u00e4ge im \u00dcberblick gibt es hier &#8211;&gt;<\/p>\n","protected":false},"excerpt":{"rendered":"<p>Das liebe Geld &#8211; auch hier ein gro\u00dfes Thema. Auf die Geschichte des Pesos will ich hier jetzt gar nicht weiter eingehen, wer dazu n\u00e4heres wissen will, schaue mal hier vorbei: wikipedia-Link Was ich viel interessanter finde, will ich an zwei kurzen Anekdoten aufzeigen: Ich stehe an der Supermarkt-Kasse, habe einige Kleinigkeiten gekauft und bezahle [&hellip;]<\/p>\n","protected":false},"author":75,"featured_media":0,"parent":452,"menu_order":10,"comment_status":"open","ping_status":"closed","template":"","meta":{"footnotes":""},"class_list":["post-507","page","type-page","status-publish","hentry"],"_links":{"self":[{"href":"https:\/\/kulturweit.blog\/thomas\/wp-json\/wp\/v2\/pages\/507"}],"collection":[{"href":"https:\/\/kulturweit.blog\/thomas\/wp-json\/wp\/v2\/pages"}],"about":[{"href":"https:\/\/kulturweit.blog\/thomas\/wp-json\/wp\/v2\/types\/page"}],"author":[{"embeddable":true,"href":"https:\/\/kulturweit.blog\/thomas\/wp-json\/wp\/v2\/users\/75"}],"replies":[{"embeddable":true,"href":"https:\/\/kulturweit.blog\/thomas\/wp-json\/wp\/v2\/comments?post=507"}],"version-history":[{"count":0,"href":"https:\/\/kulturweit.blog\/thomas\/wp-json\/wp\/v2\/pages\/507\/revisions"}],"up":[{"embeddable":true,"href":"https:\/\/kulturweit.blog\/thomas\/wp-json\/wp\/v2\/pages\/452"}],"wp:attachment":[{"href":"https:\/\/kulturweit.blog\/thomas\/wp-json\/wp\/v2\/media?parent=507"}],"curies":[{"name":"wp","href":"https:\/\/api.w.org\/{rel}","templated":true}]}}