{"id":505,"date":"2009-11-28T23:12:26","date_gmt":"2009-11-29T02:12:26","guid":{"rendered":"https:\/\/kulturweit.blog\/thomas\/?page_id=505"},"modified":"2010-02-19T15:54:19","modified_gmt":"2010-02-19T18:54:19","slug":"anybody-home","status":"publish","type":"page","link":"https:\/\/kulturweit.blog\/thomas\/everyday-life\/anybody-home\/","title":{"rendered":"Anybody home?"},"content":{"rendered":"<p>Du stehst in einem argentinischen Dorf mitten auf der Stra\u00dfe und wunderst dich, wieso 20 Meter entfernt jemand vor einem Zaun-Tor steht und in die H\u00e4nde klatscht?<\/p>\n<p>Deine Verwunderung l\u00e4sst sich ganz einfach aufkl\u00e4ren: Eine Klingel sucht man an vielen argentinischen H\u00e4usern auf dem Land vergeblich. Man braucht sie ja auch nicht, man hat seine Klingel schlie\u00dflich selbst dabei &#8211; die H\u00e4nde. Das hei\u00dft &#8211; wenn man in Argentinien an einer Haust\u00fcr klingeln will, bleibt man vor dem Gartenzaun-Tor stehen und klatscht ein paar Mal in die H\u00e4nde und siehe da &#8211; die\/der Hausbewohner\/in schaut zur T\u00fcr heraus&#8230;<\/p>\n<p>Noch mehr Bemerkenswertes aus dem <a href=\"https:\/\/kulturweit.blog\/thomas\/everyday-life\/\" target=\"_blank\">&#8222;Everyday Life&#8220;<\/a> gibt es jetzt zum Thema <a href=\"https:\/\/kulturweit.blog\/thomas\/everyday-life\/money-matters\/\" target=\"_self\">&#8222;Geld&#8220;<\/a><\/p>\n","protected":false},"excerpt":{"rendered":"<p>Du stehst in einem argentinischen Dorf mitten auf der Stra\u00dfe und wunderst dich, wieso 20 Meter entfernt jemand vor einem Zaun-Tor steht und in die H\u00e4nde klatscht? Deine Verwunderung l\u00e4sst sich ganz einfach aufkl\u00e4ren: Eine Klingel sucht man an vielen argentinischen H\u00e4usern auf dem Land vergeblich. Man braucht sie ja auch nicht, man hat seine [&hellip;]<\/p>\n","protected":false},"author":75,"featured_media":0,"parent":452,"menu_order":9,"comment_status":"open","ping_status":"closed","template":"","meta":{"footnotes":""},"class_list":["post-505","page","type-page","status-publish","hentry"],"_links":{"self":[{"href":"https:\/\/kulturweit.blog\/thomas\/wp-json\/wp\/v2\/pages\/505"}],"collection":[{"href":"https:\/\/kulturweit.blog\/thomas\/wp-json\/wp\/v2\/pages"}],"about":[{"href":"https:\/\/kulturweit.blog\/thomas\/wp-json\/wp\/v2\/types\/page"}],"author":[{"embeddable":true,"href":"https:\/\/kulturweit.blog\/thomas\/wp-json\/wp\/v2\/users\/75"}],"replies":[{"embeddable":true,"href":"https:\/\/kulturweit.blog\/thomas\/wp-json\/wp\/v2\/comments?post=505"}],"version-history":[{"count":1,"href":"https:\/\/kulturweit.blog\/thomas\/wp-json\/wp\/v2\/pages\/505\/revisions"}],"predecessor-version":[{"id":563,"href":"https:\/\/kulturweit.blog\/thomas\/wp-json\/wp\/v2\/pages\/505\/revisions\/563"}],"up":[{"embeddable":true,"href":"https:\/\/kulturweit.blog\/thomas\/wp-json\/wp\/v2\/pages\/452"}],"wp:attachment":[{"href":"https:\/\/kulturweit.blog\/thomas\/wp-json\/wp\/v2\/media?parent=505"}],"curies":[{"name":"wp","href":"https:\/\/api.w.org\/{rel}","templated":true}]}}