{"id":500,"date":"2009-12-02T11:50:14","date_gmt":"2009-12-02T14:50:14","guid":{"rendered":"https:\/\/kulturweit.blog\/thomas\/?page_id=500"},"modified":"2010-02-19T15:53:52","modified_gmt":"2010-02-19T18:53:52","slug":"canal-cinco","status":"publish","type":"page","link":"https:\/\/kulturweit.blog\/thomas\/everyday-life\/canal-cinco\/","title":{"rendered":"Canal Cinco!"},"content":{"rendered":"<p>Auch ein paar Worte zum Fernsehprogramm will ich noch verlieren:<\/p>\n<p>Zun\u00e4chst: Montecarlo hat seinen eigenen Fernsehsender! Die Freude verfliegt allerdings nachdem man ihn zum ersten Mal angeschaut hat &#8211; ist halt doch nur ein kleiner Sender, der auch nicht rund um die Uhr Produktionen sendet &#8211; aber immerhin!<\/p>\n<p>Ansonsten ist das Programm doch sehr abwechslungsreich:<br \/>\nEs gibt viele Telenovelas, man merkt, dass diese Gattung ihre Wurzeln im Lateinamerikanischen hat.<br \/>\nAu\u00dferdem gibt es viele Sport-Sendungen, vor allem nat\u00fcrlich zum argentinischen Nationalsport Fu\u00dfball, aber auch Tennis und die amerikanischen Sportarten werden live \u00fcbertragen (z.B. Baseball und Basketball). Wobei vielleicht noch wichtig ist, dass von den internationalen Ligen haupts\u00e4chlich die spanische und italienische, und \u00f6fters noch die englische Liga gezeigt wird, die Bundesliga ist kaum\/gar nicht zu finden.<br \/>\nWas sonst noch auff\u00e4llt: Es gibt relativ wenig politisches Programm, ich habe noch keine politische Talkshow oder dergleichen gesehen, auch kulturelles Programm gibt es kaum.<br \/>\nDaf\u00fcr aber viele US-Serien, die zum Gro\u00dfteil auch nur mit Untertiteln und im Originalton laufen. So zum Beispiel Law &amp; Order oder Dr.House. Wobei das bei Dr. House auch noch sehr interessant ist: Die Sendung l\u00e4uft jeden Abend, aber jeden Abend eine andere Staffel, die neuesten Episoden z.B. immer nur donnerstags&#8230;<br \/>\nUnd auch noch ganz wichtig: die Deutsche Welle geh\u00f6rt hier zum Standard-Repertoire des Kabelanschlusses&#8230;So bleibe ich immer up-to-date \u00fcber das Geschehen in Deutschland und auch die Talkshows tun gut \ud83d\ude09 (<a href=\"http:\/\/www.dw-world.de\" target=\"_blank\">DW-World<\/a> nutzt den Sendungen-Pool von ARD und ZDF)<\/p>\n<p>Weiter gehts in der Rubrik <a href=\"https:\/\/kulturweit.blog\/thomas\/everyday-life\/\" target=\"_blank\">&#8222;Everyday Life&#8220;<\/a> mit dem Thema <a href=\"https:\/\/kulturweit.blog\/thomas\/everyday-life\/von-weisbrot-und-schwarzbrot\/\" target=\"_self\">&#8222;Brot&#8220;<\/a><\/p>\n","protected":false},"excerpt":{"rendered":"<p>Auch ein paar Worte zum Fernsehprogramm will ich noch verlieren: Zun\u00e4chst: Montecarlo hat seinen eigenen Fernsehsender! Die Freude verfliegt allerdings nachdem man ihn zum ersten Mal angeschaut hat &#8211; ist halt doch nur ein kleiner Sender, der auch nicht rund um die Uhr Produktionen sendet &#8211; aber immerhin! Ansonsten ist das Programm doch sehr abwechslungsreich: [&hellip;]<\/p>\n","protected":false},"author":75,"featured_media":0,"parent":452,"menu_order":7,"comment_status":"closed","ping_status":"closed","template":"","meta":{"footnotes":""},"class_list":["post-500","page","type-page","status-publish","hentry"],"_links":{"self":[{"href":"https:\/\/kulturweit.blog\/thomas\/wp-json\/wp\/v2\/pages\/500"}],"collection":[{"href":"https:\/\/kulturweit.blog\/thomas\/wp-json\/wp\/v2\/pages"}],"about":[{"href":"https:\/\/kulturweit.blog\/thomas\/wp-json\/wp\/v2\/types\/page"}],"author":[{"embeddable":true,"href":"https:\/\/kulturweit.blog\/thomas\/wp-json\/wp\/v2\/users\/75"}],"replies":[{"embeddable":true,"href":"https:\/\/kulturweit.blog\/thomas\/wp-json\/wp\/v2\/comments?post=500"}],"version-history":[{"count":1,"href":"https:\/\/kulturweit.blog\/thomas\/wp-json\/wp\/v2\/pages\/500\/revisions"}],"predecessor-version":[{"id":562,"href":"https:\/\/kulturweit.blog\/thomas\/wp-json\/wp\/v2\/pages\/500\/revisions\/562"}],"up":[{"embeddable":true,"href":"https:\/\/kulturweit.blog\/thomas\/wp-json\/wp\/v2\/pages\/452"}],"wp:attachment":[{"href":"https:\/\/kulturweit.blog\/thomas\/wp-json\/wp\/v2\/media?parent=500"}],"curies":[{"name":"wp","href":"https:\/\/api.w.org\/{rel}","templated":true}]}}