{"id":488,"date":"2009-11-28T23:04:14","date_gmt":"2009-11-29T02:04:14","guid":{"rendered":"https:\/\/kulturweit.blog\/thomas\/?page_id=488"},"modified":"2010-02-19T15:54:01","modified_gmt":"2010-02-19T18:54:01","slug":"fahrt-noch","status":"publish","type":"page","link":"https:\/\/kulturweit.blog\/thomas\/everyday-life\/fahrt-noch\/","title":{"rendered":"F\u00e4hrt noch!"},"content":{"rendered":"<p>Der Autoverkehr &#8211; wohl eines der besten Beispiele, um Unterschiede zwischen L\u00e4ndern und Gesellschaften zu zeigen. Auch in Argentinien ist der Verkehr etwas ganz Besonderes. Zun\u00e4chst einmal ist es wichtig mit WAS man f\u00e4hrt.<br \/>\nHier auf dem Land gibt es vor allem viele Pick-Ups, neuere wie \u00e4ltere und auch die ein oder andere Limousine, wenn auch eher selten. Es gibt jedenfalls viele Kleinwagen, auch einige Autotypen, die es bei uns so nicht gibt (z.B. den VW Gol, Mischung aus Polo und Golf), aber vor allem gibt es hier noch richtig alte Autos, man k\u00f6nnte auch Rostlauben sagen. Obwohl es inzwischen in Argentinien neue Gesetze bzgl. der Sicherheit und Umweltfreundlichkeit der Autos. Nun ja, die Durchsetzung kommt wohl gerade erst in die G\u00e4nge \ud83d\ude09<br \/>\nHier einige Beispiele f\u00fcr Autos, die hier so rumfahren:<\/p>\n<div id=\"attachment_536\" style=\"width: 310px\" class=\"wp-caption aligncenter\"><a href=\"https:\/\/kulturweit.blog\/thomas\/files\/2009\/11\/IMG_7475.JPG\"><img loading=\"lazy\" decoding=\"async\" aria-describedby=\"caption-attachment-536\" class=\"size-medium wp-image-536\" title=\"IMG_7475\" src=\"https:\/\/kulturweit.blog\/thomas\/files\/2009\/11\/IMG_7475-300x199.jpg\" alt=\"Einer der typischen Holz-Laster hier\" width=\"300\" height=\"199\" srcset=\"https:\/\/kulturweit.blog\/thomas\/files\/2009\/11\/IMG_7475-300x199.jpg 300w, https:\/\/kulturweit.blog\/thomas\/files\/2009\/11\/IMG_7475.JPG 800w\" sizes=\"(max-width: 300px) 100vw, 300px\" \/><\/a><p id=\"caption-attachment-536\" class=\"wp-caption-text\">Einer der typischen Holz-Laster hier<\/p><\/div>\n<div id=\"attachment_537\" style=\"width: 310px\" class=\"wp-caption aligncenter\"><a href=\"https:\/\/kulturweit.blog\/thomas\/files\/2009\/11\/IMG_7508.JPG\"><img loading=\"lazy\" decoding=\"async\" aria-describedby=\"caption-attachment-537\" class=\"size-medium wp-image-537\" title=\"IMG_7508\" src=\"https:\/\/kulturweit.blog\/thomas\/files\/2009\/11\/IMG_7508-300x199.jpg\" alt=\"Neben diesen Peugeots fahren hier auch noch viele Fiat 600\" width=\"300\" height=\"199\" srcset=\"https:\/\/kulturweit.blog\/thomas\/files\/2009\/11\/IMG_7508-300x199.jpg 300w, https:\/\/kulturweit.blog\/thomas\/files\/2009\/11\/IMG_7508.JPG 800w\" sizes=\"(max-width: 300px) 100vw, 300px\" \/><\/a><p id=\"caption-attachment-537\" class=\"wp-caption-text\">Neben diesen Peugeots fahren hier auch noch viele Fiat 600<\/p><\/div>\n<div id=\"attachment_538\" style=\"width: 310px\" class=\"wp-caption aligncenter\"><a href=\"https:\/\/kulturweit.blog\/thomas\/files\/2009\/11\/IMG_8332.JPG\"><img loading=\"lazy\" decoding=\"async\" aria-describedby=\"caption-attachment-538\" class=\"size-medium wp-image-538\" title=\"IMG_8332\" src=\"https:\/\/kulturweit.blog\/thomas\/files\/2009\/11\/IMG_8332-300x199.jpg\" alt=\"Noch gut in Schuss, oder? ;-)\" width=\"300\" height=\"199\" srcset=\"https:\/\/kulturweit.blog\/thomas\/files\/2009\/11\/IMG_8332-300x199.jpg 300w, https:\/\/kulturweit.blog\/thomas\/files\/2009\/11\/IMG_8332.JPG 800w\" sizes=\"(max-width: 300px) 100vw, 300px\" \/><\/a><p id=\"caption-attachment-538\" class=\"wp-caption-text\">Noch gut in Schuss, oder? \ud83d\ude09<\/p><\/div>\n<p>Nun weiter zu den Stra\u00dfen: Die gro\u00dfen und wichtigen Stra\u00dfen sind geteert und auch in gutem Zustand, in und um Buenos Aires gibt es auch richtig gut ausgebaute Autobahnen. Hier in der Provinz gibt es allerdings auch so einige Stra\u00dfen, die auch Verbindungsstra\u00dfen zwischen D\u00f6rfern sind, die nicht geteert sind. Auch in Montecarlo gibt es viele Stra\u00dfen in Wohngebieten die nur mit Steinen gepflastert sind. Und damit das Wasser bei den heftigen Niederschl\u00e4gen hier auch immer gut abflie\u00dfen kann, sind die Stra\u00dfen alle leicht gekippt gebaut, sprich die rechte Fahrspur f\u00e4llt leicht nach au\u00dfen ab und die linke ebenso&#8230;wenn man an eine Kreuzung kommt, ist es auch v\u00f6llig normal, dass es erstmal in ein kleines Loch nach unten geht und dann wieder nach oben, dann hat man die &#8222;Wasserrinne&#8220; \u00fcberfahren &#8211; vor allem in Bussen ist dies doch auch ein kleines Abenteuer (schafft er es ohne aufzusetzen?). AUF den Stra\u00dfen gibt es dann noch einen wahren &#8222;Spa\u00dfkiller&#8220; &#8211; &#8222;Lomo de Burro&#8220; nennt es sich auf Spanisch &#8211; &#8222;Hubbel&#8220; w\u00fcrde man auf Schw\u00e4bisch sagen: Man muss davor immer richtig stark abbremsen nur um danach wieder auf die innerorts erlaubten 60km\/h zu beschleunigen &#8211; und zwischendurch zuerst ordentlich nach oben und dann nach unten katapultiert zu werden.<\/p>\n<p>Die Hupe hat hier \u00fcbrigens neben der auch in Deutschland bekannten &#8222;Du parkst falsch\/stehst im Weg&#8220; noch eine weitere Bedeutung: Wenn man jemanden neben der Stra\u00dfe laufen sieht, den man kennt, so ist es v\u00f6llig normal, kurz zu hupen und demjenigen zu winken &#8211; dieses Ph\u00e4nomen gibt es hier auch viel h\u00e4ufiger als in Deutschland.<\/p>\n<p>Noch ein Wort zum Busverkehr:<br \/>\nDas ist das R\u00fcckgrat der argentinischen Infrastruktur, Busse fahren an so ziemlich jeden Flecken im Land.<br \/>\nDabei gibt es allerdings deutliche Unterschiede: Gro\u00dfe, richtig moderne Reisebusse verbinden die Provinzen untereinander, meistens geht die Fahrt auch die Nacht hindurch (z.B. von Montecarlo nach Buenos Aires: nachmittags 17 Uhr Abfahrt, n\u00e4chster Morgen 9 Uhr in Buenos Aires). Der Komfort der Reisebusse ist auch nicht zu verachten, es gibt verschiedene Klassen&#8230; ich vergleiche diese mal mit den Klassen im Flugzeug:<\/p>\n<ul>\n<li>First Class ist hier Cama Suite bzw. Cama total: der Sitz, der so breit ist wie ein Sessel, kann komplett zum Bett umfunktioniert werden.<\/li>\n<li>Business Class ist hier Cama ejecutivo oder nur Cama: der Sitz ist immer noch so breit wie ein Sessel, kann allerdings nur 160\u00b0 nach hinten verstellt werden<\/li>\n<li>Economy Class ist Semi-Cama: Das sind die Bussitze, die man aus deutschen Reisebussen kennt, allerdings l\u00e4sst sich der Sitz weiter nach hinten verstellen, als in D<\/li>\n<\/ul>\n<p>Allen Klassen ist gemeinsam, dass man etwas zu Essen bekommt (auf den Langstrecken) und auch Getr\u00e4nke werden angeboten. Die gro\u00dfen \u00dcberlandbusse halten auch nur in den Bus-Terminals.<br \/>\nAnders wird es bei den Mittel- und Kurzstrecken: Die Mittelstrecken werden meistens mit Semi-Cama-Bussen bedient und sind bei mir zum Beispiel die Strecken innerhalb der Provinz. Es gibt manchmal einen kleinen, aber verdammt s\u00fc\u00dfen Kaffee und die Busse halten unterwegs \u00f6fters, auch in kleineren D\u00f6rfern.<br \/>\nDie Kurzstrecken werden meistens von \u00e4lteren, nicht mehr ganz so modernen Bussen bedient. Wichtig ist hier (und auch schon bei der Mittelstrecke): Wenn man den Arm hebt, wenn der Bus in die N\u00e4he kommt, NUR dann h\u00e4lt er auch an! Eine Bushaltestelle muss dabei \u00fcbrigens auch nicht immer in der N\u00e4he sein \ud83d\ude09<br \/>\nUnd noch eins: Genaue Fahrpl\u00e4ne gibt es nur f\u00fcr die Langstrecken, die Mittelstrecken haben ungef\u00e4hre Fahrpl\u00e4ne und die Busse hier im Ort kommen, wann Sie wollen \ud83d\ude09<\/p>\n<p>Noch mehr Wissenswertes aus meinem <a href=\"https:\/\/kulturweit.blog\/thomas\/everyday-life\/\" target=\"_blank\">&#8222;Everyday Life&#8220;<\/a> gibt es im n\u00e4chsten Beitrag zum Thema <a href=\"https:\/\/kulturweit.blog\/thomas\/everyday-life\/canal-cinco\/\" target=\"_self\">&#8222;Fernsehen&#8220;<\/a><\/p>\n","protected":false},"excerpt":{"rendered":"<p>Der Autoverkehr &#8211; wohl eines der besten Beispiele, um Unterschiede zwischen L\u00e4ndern und Gesellschaften zu zeigen. Auch in Argentinien ist der Verkehr etwas ganz Besonderes. Zun\u00e4chst einmal ist es wichtig mit WAS man f\u00e4hrt. Hier auf dem Land gibt es vor allem viele Pick-Ups, neuere wie \u00e4ltere und auch die ein oder andere Limousine, wenn [&hellip;]<\/p>\n","protected":false},"author":75,"featured_media":538,"parent":452,"menu_order":5,"comment_status":"open","ping_status":"closed","template":"","meta":{"footnotes":""},"class_list":["post-488","page","type-page","status-publish","has-post-thumbnail","hentry"],"_links":{"self":[{"href":"https:\/\/kulturweit.blog\/thomas\/wp-json\/wp\/v2\/pages\/488"}],"collection":[{"href":"https:\/\/kulturweit.blog\/thomas\/wp-json\/wp\/v2\/pages"}],"about":[{"href":"https:\/\/kulturweit.blog\/thomas\/wp-json\/wp\/v2\/types\/page"}],"author":[{"embeddable":true,"href":"https:\/\/kulturweit.blog\/thomas\/wp-json\/wp\/v2\/users\/75"}],"replies":[{"embeddable":true,"href":"https:\/\/kulturweit.blog\/thomas\/wp-json\/wp\/v2\/comments?post=488"}],"version-history":[{"count":1,"href":"https:\/\/kulturweit.blog\/thomas\/wp-json\/wp\/v2\/pages\/488\/revisions"}],"predecessor-version":[{"id":561,"href":"https:\/\/kulturweit.blog\/thomas\/wp-json\/wp\/v2\/pages\/488\/revisions\/561"}],"up":[{"embeddable":true,"href":"https:\/\/kulturweit.blog\/thomas\/wp-json\/wp\/v2\/pages\/452"}],"wp:featuredmedia":[{"embeddable":true,"href":"https:\/\/kulturweit.blog\/thomas\/wp-json\/wp\/v2\/media\/538"}],"wp:attachment":[{"href":"https:\/\/kulturweit.blog\/thomas\/wp-json\/wp\/v2\/media?parent=488"}],"curies":[{"name":"wp","href":"https:\/\/api.w.org\/{rel}","templated":true}]}}