{"id":484,"date":"2009-11-28T23:01:36","date_gmt":"2009-11-29T02:01:36","guid":{"rendered":"https:\/\/kulturweit.blog\/thomas\/?page_id=484"},"modified":"2009-12-02T12:19:17","modified_gmt":"2009-12-02T15:19:17","slug":"llamar-und-mensajes","status":"publish","type":"page","link":"https:\/\/kulturweit.blog\/thomas\/everyday-life\/llamar-und-mensajes\/","title":{"rendered":"Llamar und mensajes"},"content":{"rendered":"<p>Auch die Telefon- bzw. Handybenutzung hat hier so ihre Eigenheiten.<br \/>\nMan kann sich zun\u00e4chst ohne Probleme eine Prepaid-Karte samt Nummer bei einem beliebigen Anbieter holen, danach muss man diese dann noch mit Geld aufladen. Dies geht entweder per &#8222;Saldo virtual&#8220;, also mit Online-Aufladung in einem Kiosk oder mit einer Karte. Wobei bei der Online-Aufladung alle Betr\u00e4ge m\u00f6glich sind.<br \/>\nDoch aufgepasst! &#8211; Wenn man nun das Handy anrufen will, dann ist es zun\u00e4chst wichtig, von WAS man anruft: Handy oder Festnetz? Denn wenn man vom Festnetz anruft, dann muss man eine &#8222;15&#8220; zwischen Vorwahl und Nummer setzen. Wenn man von Handy zu Handy anruft oder smst, braucht man diese beiden Zahlen aber wiederum nicht. Wenn man SMS ins Ausland schicken m\u00f6chte oder jemanden auf einer ausl\u00e4ndischen Nummer anrufen will, so muss man dies erst freischalten lassen, in dem man in einem Call-Center anruft (Danke nochmal, Anna! \ud83d\ude09<\/p>\n<p>Soo..irgendwann ist das Handy-Guthaben dann vertelefoniert (da gehts schnell) oder &#8222;versmst&#8220; (da dauerts l\u00e4nger) und man muss wieder aufladen&#8230;wenn man nicht schon zu lange gewartet hat. Denn, das Prepaid-Guthaben muss innerhalb von einem Monat wieder erneut aufgeladen werden, sonst wird die Nummer deaktiviert und man kann weder anrufen noch smsen noch angerufen werden. Wenn man dann allerdings mehr als 20 Pesos aufl\u00e4dt, erh\u00e4lt man sagenhafte 5000 (!!) Frei-SMS&#8230;f\u00fcr 3 Tage \ud83d\ude09 Wie man das schaffen soll ist mir noch ein R\u00e4tsel&#8230;genau so, wie ich immer noch nicht wei\u00df, welche Nummer man in Deutschland eingeben muss, um eine SMS auf mein argentinisches Handy zu schicken oder mich anzurufen &#8211; habe schon viel probiert, nix hat geklappt&#8230;Naja, das deutsche Handy funktioniert hier ja auch \ud83d\ude42<\/p>\n<p>Weiter geht es mit der Rubrik <a href=\"https:\/\/kulturweit.blog\/thomas\/everyday-life\/\" target=\"_blank\">&#8222;Everyday Life&#8220;<\/a> mit einem Beitrag zum Thema <a href=\"https:\/\/kulturweit.blog\/thomas\/everyday-life\/richtige-schlangen-aus-menschlichem-fleisch-und-blut\/\" target=\"_blank\">Schlangen &#8211;&gt;<\/a><\/p>\n","protected":false},"excerpt":{"rendered":"<p>Auch die Telefon- bzw. Handybenutzung hat hier so ihre Eigenheiten. Man kann sich zun\u00e4chst ohne Probleme eine Prepaid-Karte samt Nummer bei einem beliebigen Anbieter holen, danach muss man diese dann noch mit Geld aufladen. Dies geht entweder per &#8222;Saldo virtual&#8220;, also mit Online-Aufladung in einem Kiosk oder mit einer Karte. Wobei bei der Online-Aufladung alle [&hellip;]<\/p>\n","protected":false},"author":75,"featured_media":0,"parent":452,"menu_order":3,"comment_status":"closed","ping_status":"closed","template":"","meta":{"footnotes":""},"class_list":["post-484","page","type-page","status-publish","hentry"],"_links":{"self":[{"href":"https:\/\/kulturweit.blog\/thomas\/wp-json\/wp\/v2\/pages\/484"}],"collection":[{"href":"https:\/\/kulturweit.blog\/thomas\/wp-json\/wp\/v2\/pages"}],"about":[{"href":"https:\/\/kulturweit.blog\/thomas\/wp-json\/wp\/v2\/types\/page"}],"author":[{"embeddable":true,"href":"https:\/\/kulturweit.blog\/thomas\/wp-json\/wp\/v2\/users\/75"}],"replies":[{"embeddable":true,"href":"https:\/\/kulturweit.blog\/thomas\/wp-json\/wp\/v2\/comments?post=484"}],"version-history":[{"count":1,"href":"https:\/\/kulturweit.blog\/thomas\/wp-json\/wp\/v2\/pages\/484\/revisions"}],"predecessor-version":[{"id":532,"href":"https:\/\/kulturweit.blog\/thomas\/wp-json\/wp\/v2\/pages\/484\/revisions\/532"}],"up":[{"embeddable":true,"href":"https:\/\/kulturweit.blog\/thomas\/wp-json\/wp\/v2\/pages\/452"}],"wp:attachment":[{"href":"https:\/\/kulturweit.blog\/thomas\/wp-json\/wp\/v2\/media?parent=484"}],"curies":[{"name":"wp","href":"https:\/\/api.w.org\/{rel}","templated":true}]}}