{"id":482,"date":"2009-11-28T23:00:17","date_gmt":"2009-11-29T02:00:17","guid":{"rendered":"https:\/\/kulturweit.blog\/thomas\/?page_id=482"},"modified":"2009-12-02T12:19:10","modified_gmt":"2009-12-02T15:19:10","slug":"mein-liebster-gast-strom","status":"publish","type":"page","link":"https:\/\/kulturweit.blog\/thomas\/everyday-life\/mein-liebster-gast-strom\/","title":{"rendered":"Mein liebster Gast: Strom"},"content":{"rendered":"<p>Mein allerliebster Gast hier in Montecarlo hei\u00dft auf deutsch &#8222;Strom&#8220; und auf Spanisch &#8222;Luz&#8220;, denn &#8222;Licht&#8220; (was es eigentlich w\u00f6rtlich \u00fcbersetzt hei\u00dft) wird hier synonym f\u00fcr Strom verwendet. Mit dem Strom ist es so eine Sache hier: Gewonnen wird er aus Wasserkraftwerken, dadurch, dass es hier so viel regnet\/geregnet hat, sind die Reservoirs voll, das ist nicht das Problem. Das gr\u00f6\u00dfere Problem ist die Netz-Infrastruktur: Die Leitungen sind entlang der Stra\u00dfen gespannt, allerdings die allermeiste Zeit auf Holzpf\u00e4hlen und nur vereinzelt auf Betonmasten. Wenn nun ein Gewitter, das hier ja immer gut heftig ausf\u00e4llt, mit Regen und vor allem Wind an den Holzpf\u00e4hlen zieht, kann man sich ja denken, was passiert &#8211; richtig! Mast knickt um &#8211; Stromleitung ist unterbrochen. Und genau so ist es bei eigentlich jedem Gewitter hier: Es f\u00e4ngt an zu regnen, dann kommt der Wind und die Blitze und dann ist schon bald darauf der Strom weg. Zum Gl\u00fcck l\u00e4uft der Laptop auch auf Akku, dann st\u00fcrzt er immerhin nicht ab, wenn mal wieder pl\u00f6tzlich der Strom weg ist.<br \/>\nWichtig ist noch, dass man w\u00e4hrend des Gewitters ALLE Stecker aus der Steckdose zieht. Denn, selbst wenn der Strom noch da ist, kann es passieren, dass ein Blitz in die Stromleitungen einschl\u00e4gt und dieser Blitz wird dann nicht irgendwo kompensiert, sondern der elektrische Impuls l\u00e4uft dann durch das komplette Stromnetz und w\u00fcrde erst im Transformator des elektrischen Ger\u00e4ts enden &#8211; indem der Blitz eben diesen zerst\u00f6rt und damit das elektrische Ger\u00e4t unbrauchbar macht. Deshalb &#8211; sch\u00f6n alle Stecker aus der Steckdose ziehen! Das gilt dann \u00fcbrigens auch f\u00fcr den Fernseher &#8211; sich also w\u00e4hrend des Gewitters vor dem Fernseher einzuigeln und zu warten, bis es vorbei ist -&gt; geht nicht! Wobei ich dazu wohl eh keine Zeit h\u00e4tte, da ich die Handt\u00fccher an und um mein Fenster herum wechseln muss, damit der Boden nicht total nass wird, wenn es mal wieder durch mein Fenster reinregnet \ud83d\ude09<br \/>\nAch ja: Spannungsschwankungen sind hier v\u00f6llig normal, alle Computer haben Transformatoren zum Ausgleichen vorgeschaltet, ich freue mich, wenn mein Laptop-Ladeger\u00e4t nach der hiesigen Tortur in Deutschland noch lange funktioniert \ud83d\ude09<br \/>\nUnd noch eine weitere kleine Anekdote zum Thema Strom:<br \/>\nWarmes Wasser gibt es hier kaum irgendwo aus dem Wasserhahn, nur die besseren H\u00e4user haben Durchlauf-Erhitzer. Deshalb sind auch die Duschen besonders, n\u00e4mlich mit elektrischen Duschk\u00f6pfen ausgestattet. Diese Duschk\u00f6pfe erhitzen dann das durchflie\u00dfende Dusch-Wasser, NACHDEM es erstmal ca. 3 bis 5 Kurzschl\u00fcsse samt Funkenblitzen im Duschkopf gegeben hat. Wenn man also das Wasser anstellt, kann man sch\u00f6n die Kurzschl\u00fcsse mit z\u00e4hlen und mehrere Sekunden warten, bis dann das Wasser gleichm\u00e4\u00dfig flie\u00dft &#8211; ich glaube, das werde ich in Deutschland vermissen, so sehr habe ich mich sch\u00f6n daran gew\u00f6hnt \ud83d\ude09<\/p>\n<p>Weiter geht&#8217;s in der Reihe &#8222;<a href=\"https:\/\/kulturweit.blog\/thomas\/everyday-life\/\" target=\"_blank\">Everyday Life&#8220;<\/a> mit dem Thema <a href=\"https:\/\/kulturweit.blog\/thomas\/everyday-life\/llamar-und-mensajes\/\" target=\"_blank\">Handy &amp; Telefon &#8211;&gt;<\/a><\/p>\n","protected":false},"excerpt":{"rendered":"<p>Mein allerliebster Gast hier in Montecarlo hei\u00dft auf deutsch &#8222;Strom&#8220; und auf Spanisch &#8222;Luz&#8220;, denn &#8222;Licht&#8220; (was es eigentlich w\u00f6rtlich \u00fcbersetzt hei\u00dft) wird hier synonym f\u00fcr Strom verwendet. Mit dem Strom ist es so eine Sache hier: Gewonnen wird er aus Wasserkraftwerken, dadurch, dass es hier so viel regnet\/geregnet hat, sind die Reservoirs voll, das [&hellip;]<\/p>\n","protected":false},"author":75,"featured_media":0,"parent":452,"menu_order":2,"comment_status":"closed","ping_status":"closed","template":"","meta":{"footnotes":""},"class_list":["post-482","page","type-page","status-publish","hentry"],"_links":{"self":[{"href":"https:\/\/kulturweit.blog\/thomas\/wp-json\/wp\/v2\/pages\/482"}],"collection":[{"href":"https:\/\/kulturweit.blog\/thomas\/wp-json\/wp\/v2\/pages"}],"about":[{"href":"https:\/\/kulturweit.blog\/thomas\/wp-json\/wp\/v2\/types\/page"}],"author":[{"embeddable":true,"href":"https:\/\/kulturweit.blog\/thomas\/wp-json\/wp\/v2\/users\/75"}],"replies":[{"embeddable":true,"href":"https:\/\/kulturweit.blog\/thomas\/wp-json\/wp\/v2\/comments?post=482"}],"version-history":[{"count":1,"href":"https:\/\/kulturweit.blog\/thomas\/wp-json\/wp\/v2\/pages\/482\/revisions"}],"predecessor-version":[{"id":567,"href":"https:\/\/kulturweit.blog\/thomas\/wp-json\/wp\/v2\/pages\/482\/revisions\/567"}],"up":[{"embeddable":true,"href":"https:\/\/kulturweit.blog\/thomas\/wp-json\/wp\/v2\/pages\/452"}],"wp:attachment":[{"href":"https:\/\/kulturweit.blog\/thomas\/wp-json\/wp\/v2\/media?parent=482"}],"curies":[{"name":"wp","href":"https:\/\/api.w.org\/{rel}","templated":true}]}}