{"id":452,"date":"2009-11-24T17:45:35","date_gmt":"2009-11-24T20:45:35","guid":{"rendered":"https:\/\/kulturweit.blog\/thomas\/?page_id=452"},"modified":"2009-12-02T12:38:50","modified_gmt":"2009-12-02T15:38:50","slug":"everyday-life","status":"publish","type":"page","link":"https:\/\/kulturweit.blog\/thomas\/everyday-life\/","title":{"rendered":"Everyday life"},"content":{"rendered":"<p>Abseits der normalen Blogeintr\u00e4ge soll diese Kategorie Platz und Raum bieten f\u00fcr die &#8222;allt\u00e4glichen Dinge&#8220;, f\u00fcr kleine und gr\u00f6\u00dfere Dinge, die einem hier in Argentinien bzw. in Montecarlo so begegnen. Dabei geht es um ganz verschiedene Dinge, denen aber allen gemein ist, dass sie <em>anders<\/em> sind, als in Deutschland tlw. sogar in Europa.<\/p>\n<p>Hier eine kleine Inhalts\u00fcbersicht, mit der Zeit wird diese vervollst\u00e4ndigt\/erg\u00e4nzt:<\/p>\n<ul>\n<li><a href=\"https:\/\/kulturweit.blog\/thomas\/everyday-life\/dorfleben\/\" target=\"_blank\">Dorfleben<\/a><\/li>\n<\/ul>\n<ul>\n<li><a href=\"https:\/\/kulturweit.blog\/thomas\/everyday-life\/mein-liebster-gast-strom\/\" target=\"_blank\">Strom (bzw. Synonym auf deutsch-argentinisch: Licht)<\/a><\/li>\n<\/ul>\n<ul>\n<li><a href=\"https:\/\/kulturweit.blog\/thomas\/everyday-life\/llamar-und-mensajes\/\" target=\"_blank\">Handy &amp; Telefon<\/a><\/li>\n<\/ul>\n<ul>\n<li><a href=\"https:\/\/kulturweit.blog\/thomas\/everyday-life\/richtige-schlangen-aus-menschlichem-fleisch-und-blut\/\" target=\"_blank\">Schlangen (aus menschlichem Fleisch und Blut)<\/a><\/li>\n<\/ul>\n<ul>\n<li><a href=\"https:\/\/kulturweit.blog\/thomas\/everyday-life\/fahrt-noch\/\" target=\"_blank\">Autos\/Verkehr<\/a><\/li>\n<\/ul>\n<ul>\n<li><a href=\"https:\/\/kulturweit.blog\/thomas\/everyday-life\/canal-cinco\/\" target=\"_blank\">Fernsehprogramm<\/a><\/li>\n<\/ul>\n<ul>\n<li><a href=\"https:\/\/kulturweit.blog\/thomas\/everyday-life\/von-weisbrot-und-schwarzbrot\/\" target=\"_blank\">Brot<\/a><\/li>\n<\/ul>\n<ul>\n<li><a href=\"https:\/\/kulturweit.blog\/thomas\/everyday-life\/anybody-home\/\" target=\"_blank\">Klingeln<\/a><\/li>\n<\/ul>\n<ul>\n<li><a href=\"https:\/\/kulturweit.blog\/thomas\/everyday-life\/money-matters\/\" target=\"_blank\">Geld<\/a><\/li>\n<\/ul>\n","protected":false},"excerpt":{"rendered":"<p>Abseits der normalen Blogeintr\u00e4ge soll diese Kategorie Platz und Raum bieten f\u00fcr die &#8222;allt\u00e4glichen Dinge&#8220;, f\u00fcr kleine und gr\u00f6\u00dfere Dinge, die einem hier in Argentinien bzw. in Montecarlo so begegnen. Dabei geht es um ganz verschiedene Dinge, denen aber allen gemein ist, dass sie anders sind, als in Deutschland tlw. sogar in Europa. Hier eine [&hellip;]<\/p>\n","protected":false},"author":75,"featured_media":0,"parent":0,"menu_order":1,"comment_status":"closed","ping_status":"closed","template":"","meta":{"footnotes":""},"class_list":["post-452","page","type-page","status-publish","hentry"],"_links":{"self":[{"href":"https:\/\/kulturweit.blog\/thomas\/wp-json\/wp\/v2\/pages\/452"}],"collection":[{"href":"https:\/\/kulturweit.blog\/thomas\/wp-json\/wp\/v2\/pages"}],"about":[{"href":"https:\/\/kulturweit.blog\/thomas\/wp-json\/wp\/v2\/types\/page"}],"author":[{"embeddable":true,"href":"https:\/\/kulturweit.blog\/thomas\/wp-json\/wp\/v2\/users\/75"}],"replies":[{"embeddable":true,"href":"https:\/\/kulturweit.blog\/thomas\/wp-json\/wp\/v2\/comments?post=452"}],"version-history":[{"count":1,"href":"https:\/\/kulturweit.blog\/thomas\/wp-json\/wp\/v2\/pages\/452\/revisions"}],"predecessor-version":[{"id":522,"href":"https:\/\/kulturweit.blog\/thomas\/wp-json\/wp\/v2\/pages\/452\/revisions\/522"}],"wp:attachment":[{"href":"https:\/\/kulturweit.blog\/thomas\/wp-json\/wp\/v2\/media?parent=452"}],"curies":[{"name":"wp","href":"https:\/\/api.w.org\/{rel}","templated":true}]}}