{"id":2,"date":"2017-09-14T18:19:09","date_gmt":"2017-09-14T16:19:09","guid":{"rendered":"https:\/\/kulturweit.blog\/theresainvietnam\/?page_id=2"},"modified":"2017-10-24T15:14:48","modified_gmt":"2017-10-24T13:14:48","slug":"beispiel-seite","status":"publish","type":"page","link":"https:\/\/kulturweit.blog\/theresainvietnam\/","title":{"rendered":"Und wer berichtet das Ganze?"},"content":{"rendered":"<h2><\/h2>\n<p><a href=\"https:\/\/kulturweit.blog\/theresainvietnam\/2017\/09\/14\/hallo-welt\/\" rel=\"bookmark\"><span style=\"color: #0066cc\">\u201eDie Komfortzone endet am Tellerrand\u2026\u201c<\/span><\/a> <!-- .entry-header --><\/p>\n<div class=\"entry-content\">\n<p>\u2026 Aber ich will raus und auf dem Tisch tanzen! Nach 12 Jahren des Schulbank Dr\u00fcckens, 18 Jahren im komfortablen Hotel Mama gelebt zu haben und noch nie l\u00e4nger als 2 Monate mein trautes Heim verlassen zu haben, m\u00f6chte ich etwas Neues kennenlernen.<br \/>\nDeshalb habe ich mich f\u00fcr einen Freiwilligendienst in der Hauptstadt Vietnams, Hanoi, entschieden.<\/p>\n<p>Ich bin 18 Jahre alt, frische Abiturientin (bin also bis zum 1. September, dem offiziellen Beginn meines Freiwilligendienst quasi arbeitslos gewesen und meine Eltern waren trotzdem stolz auf mich) und werde am Goethe-Institut in der Sprachabteilung arbeiten.<br \/>\nIn diesem Blog werde ich regelm\u00e4\u00dfig in Wort und Bild sowohl von meinen Abenteuern als auch von meinem Alltag in der Fremde berichten. Freut euch auf viele Bilder von k\u00f6stlichem vietnamesischen Essen und die Erlebnisse eines Kleinstadtkinds, das sich in einer 8-Millionen-Stadt zurechtfinden muss.<\/p>\n<p>Viel Spa\u00df beim Lesen!<br \/>\nTheresa<\/p>\n<p><strong>Randnotitz<\/strong>: F\u00fcr alle Leser*innen, die des Schw\u00e4bischen nicht m\u00e4chtig sind, eine kleine Erkl\u00e4rung zum Titel dieses Blogs: Die Wendung \u201eHa Noi!\u201c (meist mit Betonung auf dem langgezogenen \u201ao\u2018 gesprochen) gibt es auch im Schw\u00e4bischen und bedeutet in etwa \u201eAch nein!\u201c\/\u201cAuf keinen Fall!\u201c \u2013 Wer h\u00e4tte gedacht, dass es in einer Sprache auf der anderen Seite der Welt \u00e4hnliche Worte wie in meiner Heimatregion, dem sch\u00f6nen Oberschwaben gibt? Wobei \u201eHa N\u00f4i\u201c auf vietnamesisch \u201eStadt in der Biegung des Flusses\u201c hei\u00dft\u2026<\/p>\n<\/div>\n<p>&nbsp;<\/p>\n","protected":false},"excerpt":{"rendered":"<p>\u201eDie Komfortzone endet am Tellerrand\u2026\u201c \u2026 Aber ich will raus und auf dem Tisch tanzen! Nach 12 Jahren des Schulbank Dr\u00fcckens, 18 Jahren im komfortablen Hotel Mama gelebt zu haben und noch nie l\u00e4nger als 2 Monate mein trautes Heim verlassen zu haben, m\u00f6chte ich etwas Neues kennenlernen. Deshalb habe ich mich f\u00fcr einen Freiwilligendienst &hellip; <span class=\"more-link\"><a href=\"https:\/\/kulturweit.blog\/theresainvietnam\/\">Mehr lesen &raquo;<\/a><\/span><\/p>\n","protected":false},"author":2237,"featured_media":0,"parent":0,"menu_order":0,"comment_status":"closed","ping_status":"open","template":"","meta":{"footnotes":""},"class_list":["post-2","page","type-page","status-publish","hentry"],"amp_enabled":false,"_links":{"self":[{"href":"https:\/\/kulturweit.blog\/theresainvietnam\/wp-json\/wp\/v2\/pages\/2"}],"collection":[{"href":"https:\/\/kulturweit.blog\/theresainvietnam\/wp-json\/wp\/v2\/pages"}],"about":[{"href":"https:\/\/kulturweit.blog\/theresainvietnam\/wp-json\/wp\/v2\/types\/page"}],"author":[{"embeddable":true,"href":"https:\/\/kulturweit.blog\/theresainvietnam\/wp-json\/wp\/v2\/users\/2237"}],"replies":[{"embeddable":true,"href":"https:\/\/kulturweit.blog\/theresainvietnam\/wp-json\/wp\/v2\/comments?post=2"}],"version-history":[{"count":4,"href":"https:\/\/kulturweit.blog\/theresainvietnam\/wp-json\/wp\/v2\/pages\/2\/revisions"}],"predecessor-version":[{"id":105,"href":"https:\/\/kulturweit.blog\/theresainvietnam\/wp-json\/wp\/v2\/pages\/2\/revisions\/105"}],"wp:attachment":[{"href":"https:\/\/kulturweit.blog\/theresainvietnam\/wp-json\/wp\/v2\/media?parent=2"}],"curies":[{"name":"wp","href":"https:\/\/api.w.org\/{rel}","templated":true}]}}