{"id":166,"date":"2024-12-18T08:28:08","date_gmt":"2024-12-18T07:28:08","guid":{"rendered":"https:\/\/kulturweit.blog\/tdsf\/?page_id=166"},"modified":"2025-01-29T08:57:03","modified_gmt":"2025-01-29T07:57:03","slug":"166-2","status":"publish","type":"page","link":"https:\/\/kulturweit.blog\/tdsf\/166-2\/","title":{"rendered":"\u00dcber mich"},"content":{"rendered":"<p>\u10d2\u10d0\u10db\u10d0\u10e0\u10ef\u10dd\u10d1\u10d0! Gamarjoba! Hallo aus Tiflis!<\/p>\n<p>Ich hei\u00dfe Sophie und wohne am Rande des Taunus in der N\u00e4he der wundersch\u00f6nen Stadt Frankfurt am Main. Momentan lebe ich f\u00fcr sechs Monate in Tiflis (Georgien) und absolviere hier mein Freiwilliges Soziales Jahr (FSJ) im Ausland.<\/p>\n<p>In meinem Blog nehme ich euch mit auf eine Reise durch meine Erlebnisse, Eindr\u00fccke und Herausforderungen, die ich in Tiflis und dar\u00fcber hinaus erlebe. Dabei m\u00f6chte ich vor allem die Kultur, die Menschen und all die spannenden Details dieser au\u00dfergew\u00f6hnlichen Region mit euch teilen.<\/p>\n<p>Ich bin ein neugieriger, aufgeschlossener und engagierter Mensch, der gerne Neues ausprobiert und sich schnell f\u00fcr andere Kulturen und Lebensweisen begeistert. Dieses FSJ ist f\u00fcr mich eine gro\u00dfartige Gelegenheit, nicht nur etwas f\u00fcr andere zu tun, sondern auch pers\u00f6nlich zu wachsen und mein Verst\u00e4ndnis f\u00fcr die Welt zu erweitern. Ich freue mich darauf, die georgische Lebensweise \u2013 von der Sprache \u00fcber die Traditionen bis hin zu den k\u00f6stlichen Gerichten \u2013 besser kennenzulernen und in meine eigene Lebensweise zu integrieren.<\/p>\n<p>In meinem Blog m\u00f6chte ich euch zeigen, wie es mir in diesem Abenteuer ergeht, was ich lerne und welche \u00dcberraschungen der Alltag in Georgien f\u00fcr mich bereith\u00e4lt.<\/p>\n<p>Ich freue mich, dass du meinen Blog gefunden hast, und lade dich ein, regelm\u00e4\u00dfig vorbeizuschauen und mit mir zu entdecken, was diese faszinierende Kultur zu bieten hat!<\/p>\n<p>Viele Gr\u00fc\u00dfe aus Tiflis und bis zum n\u00e4chsten Artikel<br \/>\nEure Sophie<\/p>\n<p><a style=\"font-size: 1rem\" href=\"https:\/\/kulturweit.blog\/tdsf\/files\/2024\/12\/FullSizeRender.jpeg\"><img loading=\"lazy\" decoding=\"async\" class=\"alignnone wp-image-172 size-medium\" src=\"https:\/\/kulturweit.blog\/tdsf\/files\/2024\/12\/FullSizeRender-e1734507256581-300x542.jpeg\" alt=\"\" width=\"300\" height=\"542\" srcset=\"https:\/\/kulturweit.blog\/tdsf\/files\/2024\/12\/FullSizeRender-e1734507256581-300x542.jpeg 300w, https:\/\/kulturweit.blog\/tdsf\/files\/2024\/12\/FullSizeRender-e1734507256581.jpeg 457w\" sizes=\"(max-width: 300px) 100vw, 300px\" \/><\/a><\/p>\n<p><a href=\"https:\/\/kulturweit.blog\/tdsf\/files\/2024\/12\/FullSizeRender-1.jpeg\"><img loading=\"lazy\" decoding=\"async\" class=\"alignnone wp-image-174 size-full\" src=\"https:\/\/kulturweit.blog\/tdsf\/files\/2024\/12\/FullSizeRender-1-e1734507303944.jpeg\" alt=\"\" width=\"628\" height=\"660\" srcset=\"https:\/\/kulturweit.blog\/tdsf\/files\/2024\/12\/FullSizeRender-1-e1734507303944.jpeg 628w, https:\/\/kulturweit.blog\/tdsf\/files\/2024\/12\/FullSizeRender-1-e1734507303944-300x315.jpeg 300w, https:\/\/kulturweit.blog\/tdsf\/files\/2024\/12\/FullSizeRender-1-e1734507303944-624x656.jpeg 624w\" sizes=\"(max-width: 628px) 100vw, 628px\" \/><\/a><\/p>\n","protected":false},"excerpt":{"rendered":"<p>\u10d2\u10d0\u10db\u10d0\u10e0\u10ef\u10dd\u10d1\u10d0! Gamarjoba! Hallo aus Tiflis! Ich hei\u00dfe Sophie und wohne am Rande des Taunus in der N\u00e4he der wundersch\u00f6nen Stadt Frankfurt am Main. Momentan lebe ich f\u00fcr sechs Monate in Tiflis (Georgien) und absolviere hier mein Freiwilliges Soziales Jahr (FSJ) im Ausland. In meinem Blog nehme ich euch mit auf eine Reise durch meine Erlebnisse, [&hellip;]<\/p>\n","protected":false},"author":3279,"featured_media":0,"parent":0,"menu_order":0,"comment_status":"closed","ping_status":"closed","template":"","meta":{"footnotes":""},"class_list":["post-166","page","type-page","status-publish","hentry"],"amp_enabled":true,"_links":{"self":[{"href":"https:\/\/kulturweit.blog\/tdsf\/wp-json\/wp\/v2\/pages\/166"}],"collection":[{"href":"https:\/\/kulturweit.blog\/tdsf\/wp-json\/wp\/v2\/pages"}],"about":[{"href":"https:\/\/kulturweit.blog\/tdsf\/wp-json\/wp\/v2\/types\/page"}],"author":[{"embeddable":true,"href":"https:\/\/kulturweit.blog\/tdsf\/wp-json\/wp\/v2\/users\/3279"}],"replies":[{"embeddable":true,"href":"https:\/\/kulturweit.blog\/tdsf\/wp-json\/wp\/v2\/comments?post=166"}],"version-history":[{"count":4,"href":"https:\/\/kulturweit.blog\/tdsf\/wp-json\/wp\/v2\/pages\/166\/revisions"}],"predecessor-version":[{"id":180,"href":"https:\/\/kulturweit.blog\/tdsf\/wp-json\/wp\/v2\/pages\/166\/revisions\/180"}],"wp:attachment":[{"href":"https:\/\/kulturweit.blog\/tdsf\/wp-json\/wp\/v2\/media?parent=166"}],"curies":[{"name":"wp","href":"https:\/\/api.w.org\/{rel}","templated":true}]}}