{"id":40,"date":"2017-07-18T21:41:36","date_gmt":"2017-07-18T19:41:36","guid":{"rendered":"https:\/\/kulturweit.blog\/tallinnland\/?page_id=40"},"modified":"2017-07-23T23:29:29","modified_gmt":"2017-07-23T21:29:29","slug":"tere","status":"publish","type":"page","link":"https:\/\/kulturweit.blog\/tallinnland\/","title":{"rendered":"Tere!"},"content":{"rendered":"<p>Sch\u00f6n, dass Du Dich auf meinen Blog verirrt hast!<\/p>\n<p>Ich muss zugeben, dass dies mein erster Blog ist und ich eigentlich noch gar keinen wirklichen Plan habe, wie das alles funktioniert. Naja, wie sagt man so sch\u00f6n: &#8222;Probieren geht \u00fcber studieren&#8220;?<br \/>\nWie dem auch sei, ich lade Dich jedenfalls ganz herzlich dazu ein noch ein wenig hier zu verweilen und Dich auf meinem Blog umzusehen.<\/p>\n<p>F\u00fcr den Fall, dass Du mich noch nicht kennst, habe ich Dir hier ein paar Infos \u00fcber mich zusammengestellt.<br \/>\nIch hei\u00dfe Anna, bin 18 Jahre alt, liebe Pferde, den Schwimmsport und die Musik. Au\u00dferdem bin ich extrem neugierig und liebe es auch neue L\u00e4nder, Kulturen und Sitten kennenzulernen. Genau deshalb werde ich mich nun auch ein Jahr als kulturweit-Freiwillige in Tallinn aufhalten.<\/p>\n<p>Mit Hilfe dieses Blogs m\u00f6chte ich meine Erfahrungen und Erlebnisse mit Dir teilen, die ich dabei erleben werde.<\/p>\n<p>Ich w\u00fcrde mich freuen Dich bald wieder auf meinem Blog begr\u00fc\u00dfen zu d\u00fcrfen. \u00dcber Anregungen, Fragen und Feedbacks bin ich ebenfalls immer dankbar.<\/p>\n<p>Bleibt nur noch zu sagen: Viel Spa\u00df beim St\u00f6bern und Lesen!<\/p>\n<p>Liebe Gr\u00fc\u00dfe und bis bald, Anna<\/p>\n","protected":false},"excerpt":{"rendered":"<p>Sch\u00f6n, dass Du Dich auf meinen Blog verirrt hast! Ich muss zugeben, dass dies mein erster Blog ist und ich eigentlich noch gar keinen wirklichen Plan habe, wie das alles funktioniert. Naja, wie sagt man so sch\u00f6n: &#8222;Probieren geht \u00fcber studieren&#8220;? Wie dem auch sei, ich lade Dich jedenfalls ganz herzlich dazu ein noch ein &hellip; <span class=\"more-link\"><a href=\"https:\/\/kulturweit.blog\/tallinnland\/\">Mehr lesen &raquo;<\/a><\/span><\/p>\n","protected":false},"author":2247,"featured_media":0,"parent":0,"menu_order":0,"comment_status":"closed","ping_status":"closed","template":"","meta":{"footnotes":""},"class_list":["post-40","page","type-page","status-publish","hentry"],"amp_enabled":false,"_links":{"self":[{"href":"https:\/\/kulturweit.blog\/tallinnland\/wp-json\/wp\/v2\/pages\/40"}],"collection":[{"href":"https:\/\/kulturweit.blog\/tallinnland\/wp-json\/wp\/v2\/pages"}],"about":[{"href":"https:\/\/kulturweit.blog\/tallinnland\/wp-json\/wp\/v2\/types\/page"}],"author":[{"embeddable":true,"href":"https:\/\/kulturweit.blog\/tallinnland\/wp-json\/wp\/v2\/users\/2247"}],"replies":[{"embeddable":true,"href":"https:\/\/kulturweit.blog\/tallinnland\/wp-json\/wp\/v2\/comments?post=40"}],"version-history":[{"count":3,"href":"https:\/\/kulturweit.blog\/tallinnland\/wp-json\/wp\/v2\/pages\/40\/revisions"}],"predecessor-version":[{"id":54,"href":"https:\/\/kulturweit.blog\/tallinnland\/wp-json\/wp\/v2\/pages\/40\/revisions\/54"}],"wp:attachment":[{"href":"https:\/\/kulturweit.blog\/tallinnland\/wp-json\/wp\/v2\/media?parent=40"}],"curies":[{"name":"wp","href":"https:\/\/api.w.org\/{rel}","templated":true}]}}