{"id":98,"date":"2010-11-18T10:09:11","date_gmt":"2010-11-18T02:09:11","guid":{"rendered":"https:\/\/kulturweit.blog\/taicang\/"},"modified":"2011-03-20T16:29:36","modified_gmt":"2011-03-20T08:29:36","slug":"bilder","status":"publish","type":"page","link":"https:\/\/kulturweit.blog\/taicang\/bilder\/","title":{"rendered":"Bilder&#8230;"},"content":{"rendered":"<h3><span style=\"color: #ff0000\">Alle Photos sind im Moment nicht verfuegbar. Ich bitte um Verstaendnis.<\/span><\/h3>\n<p>&#8230;sind ein Ausschnitt der Wirklichkeit. Eine Fotogallerie aus China ist deshalb wie ein Guckloch, durch das wir ein wenig in die Realit\u00e4t dieser anderen Seite der Erde linsen k\u00f6nnen. Leider entgeht einem dabei alles an Ger\u00fcchen, Ger\u00e4uschen, an Gedanken und Texten, an Menschen und Dingen, was sich mit einem Foto kaum ad\u00e4quat ausdr\u00fccken l\u00e4sst.<\/p>\n<div>\n<dl>\n<dt><a href=\"..\/files\/2010\/11\/Tianjin.jpg\"><img loading=\"lazy\" decoding=\"async\" src=\"..\/files\/2010\/11\/Tianjin-640x480.jpg\" alt=\"stille Nacht\" width=\"640\" height=\"480\" \/><\/a> <\/dt>\n<dd>ein kleiner Einblick in&#8230;. Tianjin<\/dd>\n<\/dl>\n<\/div>\n<p>Ich hoffe ihr f\u00fchlt euch trotzdem ein bisschen hierher versetzt und nachher noch mehr Fragen zu China, die ihr mir dann auch gerne stellen k\u00f6nnt. Ich bem\u00fche mich mit den Bildbeschreibungen etwas Kontext zu den Bildern zu schaffen. Wenn ein Bild euren \u00c4rger erregt, warum auch immer, seid ihr eingeladen mich darauf hinzuweisen. Ich werde es dann entfernen.<\/p>\n<p>Viel Spa\u00df und danke f\u00fcr eure Kommentare!<\/p>\n<p>Zhuyixuan<\/p>\n","protected":false},"excerpt":{"rendered":"<p>Alle Photos sind im Moment nicht verfuegbar. Ich bitte um Verstaendnis. &#8230;sind ein Ausschnitt der Wirklichkeit. Eine Fotogallerie aus China ist deshalb wie ein Guckloch, durch das wir ein wenig in die Realit\u00e4t dieser anderen Seite der Erde linsen k\u00f6nnen. &hellip; <a href=\"https:\/\/kulturweit.blog\/taicang\/bilder\/\">Weiterlesen <span class=\"meta-nav\">&rarr;<\/span><\/a><\/p>\n","protected":false},"author":415,"featured_media":106,"parent":0,"menu_order":0,"comment_status":"open","ping_status":"open","template":"","meta":{"footnotes":""},"class_list":["post-98","page","type-page","status-publish","has-post-thumbnail","hentry"],"amp_enabled":true,"_links":{"self":[{"href":"https:\/\/kulturweit.blog\/taicang\/wp-json\/wp\/v2\/pages\/98"}],"collection":[{"href":"https:\/\/kulturweit.blog\/taicang\/wp-json\/wp\/v2\/pages"}],"about":[{"href":"https:\/\/kulturweit.blog\/taicang\/wp-json\/wp\/v2\/types\/page"}],"author":[{"embeddable":true,"href":"https:\/\/kulturweit.blog\/taicang\/wp-json\/wp\/v2\/users\/415"}],"replies":[{"embeddable":true,"href":"https:\/\/kulturweit.blog\/taicang\/wp-json\/wp\/v2\/comments?post=98"}],"version-history":[{"count":1,"href":"https:\/\/kulturweit.blog\/taicang\/wp-json\/wp\/v2\/pages\/98\/revisions"}],"predecessor-version":[{"id":154,"href":"https:\/\/kulturweit.blog\/taicang\/wp-json\/wp\/v2\/pages\/98\/revisions\/154"}],"wp:featuredmedia":[{"embeddable":true,"href":"https:\/\/kulturweit.blog\/taicang\/wp-json\/wp\/v2\/media\/106"}],"wp:attachment":[{"href":"https:\/\/kulturweit.blog\/taicang\/wp-json\/wp\/v2\/media?parent=98"}],"curies":[{"name":"wp","href":"https:\/\/api.w.org\/{rel}","templated":true}]}}