{"id":222,"date":"2011-05-24T18:03:10","date_gmt":"2011-05-24T10:03:10","guid":{"rendered":"https:\/\/kulturweit.blog\/taicang\/?page_id=222"},"modified":"2011-05-27T20:06:19","modified_gmt":"2011-05-27T12:06:19","slug":"materialien","status":"publish","type":"page","link":"https:\/\/kulturweit.blog\/taicang\/materialien\/","title":{"rendered":"Materialien&#8230;"},"content":{"rendered":"<h2><span style=\"text-decoration: underline\">F\u00fcr den Unterricht<\/span><\/h2>\n<p><span style=\"text-decoration: underline\">(Downloads sind bei Downloads)<br \/>\n<\/span><\/p>\n<p>Jedes Jahr ist Weihnachten, jedes Jahr  kommt Ostern und immer wieder muss freiwillige\/r eine Pr\u00e4sentation oder  eine Unterrichtseinheit dazu machen! Ich m\u00f6chte eure Kreativit\u00e4t  nat\u00fcrlich nicht einschr\u00e4nken oder gar unterbinden, aber falls ihr etwas auf die Schnelle braucht, sei es eine Idee oder eine Anregung: Hier sind sie.<\/p>\n<p>Folgendes  Material habe ich selbst gesammelt und geschrieben sowie damit  unterrichtet. Falls es euch hilft, freue ich mich; wenn ihr noch Fragen  dazu habt, schreibt mir.<br \/>\nDas .odt Format bezieht sich auf das  kostenlose Programm OpenOffice, dass alle Formate von Word\/Works\/etc.  \u00f6ffnen kann und sch\u00f6ner ist.<br \/>\nhttp:\/\/download.openoffice.org\/<br \/>\nDas Kreuzwortr\u00e4tsel habe ich mithilfe einer Seite im weiten Netz erstellt, einfach &#8222;Kreuzwortr\u00e4tsel Generator&#8220; o.\u00e4. suchen.<\/p>\n<p>F\u00fcr den Unterricht<\/p>\n<p>Jedes Jahr ist Weihnachten, jedes Jahr  kommt Ostern und immer wieder muss freiwillige\/r eine Pr\u00e4sentation oder  eine Unterrichtseinheit dazu machen! Ich m\u00f6chte eure Kreativit\u00e4t  nat\u00fcrlich nicht einschr\u00e4nken oder gar unterbinden, aber jede braucht ab  und zu etwas auf die Schnelle, sei es eine Idee oder eine Anregung.<\/p>\n<p>Folgendes  Material habe ich selbst gesammelt und geschrieben sowie damit  unterrichtet. Falls es euch hilft, freue ich mich; wenn ihr noch Fragen  dazu habt, schreibt mir.<br \/>\nDas .odt Format bezieht sich auf das  kostenlose Programm OpenOffice, dass alle Formate von Word\/Works\/etc.  \u00f6ffnen kann und sch\u00f6ner ist.<br \/>\nhttp:\/\/download.openoffice.org\/<\/p>\n<p>Weihnachten<\/p>\n<p>Material:<br \/>\n7x sehr einfache Texte mit chin. Vokabeln + 1 Quiz dazu<br \/>\n2x dt. Weihnachtslieder in chin. Noten<br \/>\n1x  den Tipp: Schaut mit den Kindern das Musikvideo zu: &#8222;The Power of Love&#8220;  von Frankie g\u00f6s to Hollywood. Weihnachtsstimmung! Als urdeutsche  Erg\u00e4nzung, mit Stimmungsfaktor und als Kulturbeispiel: Das  Weihnachtsoratorium von Bach h\u00f6ren. Da sind alle ganz ruhig.<\/p>\n<p>Methode:<br \/>\nGruppen mit ca.6 oder weniger bilden, an jeden Tisch 6x einen Text, f\u00fcr alle Sch\u00fcler Quizb\u00f6gen.<br \/>\n10 Minuten f\u00fcr jeden Text, danach rotieren, bis jede Gruppe an jedem Tisch war.<br \/>\nGemeinsam Ergebnisse vergleichen.<\/p>\n<p>Erfahrung:<br \/>\nDie  Texte sind sehr schwer, weil sie neu sind und die Sch\u00fcler sind kaum in  der Lage sie selbstst\u00e4ndig zu \u00fcbersetzen. Ich schiebe es auf den  deutschen Satzbau und die Bildungsmethoden. Es ist wie auch immer nicht  unm\u00f6glich und der besseren Klasse ist es gelungen, dass Quiz zu machen.  Als St\u00fctze umherlaufen und \u00fcbersetzen helfen ist wichtig f\u00fcr die  Motivation. Erst die Arbeit und danach die Belohnungen \ud83d\ude42  Weihnachtslieder eignen sich f\u00fcr das Neujahrsfest der Schule, Texte  \u00fcbersetzen ist sehr schwierig. Unbedingt mit Vorlage (Klavier oder  Musik) \u00fcben!!! Als Belohnung Kekse backen (siehe meinen Artikel dazu),  lecker.<\/p>\n<p>Ostern<\/p>\n<p>Material:<br \/>\n3x sehr einfache Texte mit chin. Vokabeln\u00a0 + 1 Kreuzwortr\u00e4tsel dazu<\/p>\n<p>Methode:<br \/>\nWie an Weihnachten.<\/p>\n<p>Erfahrung:<br \/>\nWeniger  kann mehr sein. Siehe Weihnachten. Statt der Kekse Ostereier basteln.  Das Wetter ausnutzen (wenn m\u00f6glich) und Osterolympiade mit Sachkh\u00fcpfen  und Eierlaufen ausprobieren (siehe Artikel).<\/p>\n<p>Till Eulenspiegel<\/p>\n<p>Material:<br \/>\n6x einfache Theaterst\u00fccke, Vokabeln m\u00fcssen noch erg\u00e4nzt werden<\/p>\n<p>Methode:<br \/>\nFreiwillige  finden\/rekrutieren und einen Theaterworkshop machen. Wir sind noch  nicht ganz&#8230;. fertig. Wie man sowas macht? Bin ich Lehrer?? Erinnert  euch einfach an das Improtheater vom Vorbereitungsseminar. Und habt Mut,  das Unkonventionelle zu wagen. Lange lebe das Theater \ud83d\ude42<\/p>\n<p>Erfahrung:<br \/>\nErwartet  keinerlei Initiative, rechnet mit M\u00e4dchen und Jungs, denen  Zusammenarbeiten peinlich ist. Bereitet so viel wie m\u00f6glich vor. Spielt  notfalls selbst mit.<\/p>\n<p>Was haben wir im Gesicht?<\/p>\n<p>Material:<br \/>\nEin Vokabelzettel zum Gesicht mit sch\u00f6nen Bildern!<\/p>\n<p>Methode:<br \/>\nDas k\u00f6nnt ihr bestimmt viel besser als ich \ud83d\ude42<\/p>\n<p>Erfahrung:<br \/>\nDieses Thema ist macht Spa\u00df, denn es ist sehr anwendungsfreundlich.e<\/p>\n<p>\u00e4<\/p>\n<p>tsel Generator&#8220; o.ae. suchen.<\/p>\n<p><span style=\"text-decoration: underline;color: #008000\">Weihnachten<\/span><\/p>\n<p>Material:<br \/>\n6x sehr einfache Texte mit chin. Vokabeln + 1 Quiz dazu<br \/>\n2x dt. Weihnachtslieder in chin. Noten<br \/>\n1x  den Tipp: Schaut mit den Kindern das Musikvideo zu: &#8222;The Power of Love&#8220;  von Frankie goes to Hollywood. Weihnachtsstimmung! Als urdeutsche  Erg\u00e4nzung, mit Stimmungsfaktor und als Kulturbeispiel: Das  Weihnachtsoratorium von Bach h\u00f6ren. Da sind alle ganz ruhig.<\/p>\n<p>Methode:<br \/>\nGruppen mit ca.6 oder weniger bilden, an jeden Tisch 6x einen Text, f\u00fcr alle Sch\u00fcler Quizb\u00f6gen.<br \/>\n10 Minuten f\u00fcr jeden Text, danach rotieren, bis jede Gruppe an jedem Tisch war.<br \/>\nGemeinsam Ergebnisse vergleichen.<\/p>\n<p>Erfahrung:<br \/>\nDie  Texte sind sehr schwer, weil sie neu sind und die Sch\u00fcler sind kaum in  der Lage sie selbstst\u00e4ndig zu \u00fcbersetzen. Ich schiebe es auf den  deutschen Satzbau und die Bildungsmethoden. Es ist wie auch immer nicht  unm\u00f6glich und der besseren Klasse ist es gelungen, dass Quiz zu machen.  Als St\u00fctze umherlaufen und \u00fcbersetzen helfen ist wichtig f\u00fcr die  Motivation. Erst die Arbeit und danach die Belohnungen \ud83d\ude42  Weihnachtslieder eignen sich f\u00fcr das Neujahrsfest der Schule, Texte  \u00fcbersetzen ist sehr schwierig. Unbedingt mit Vorlage (Klavier oder  Musik) \u00fcben!!! Als Belohnung Kekse backen (siehe meinen Artikel dazu),  lecker.<\/p>\n<p><span style=\"text-decoration: underline;color: #008000\">Ostern<\/span><\/p>\n<p>Material:<br \/>\n3x sehr einfache Texte mit chin. Vokabeln\u00a0 + 1 Kreuzwortr\u00e4tsel dazu<\/p>\n<p>Methode:<br \/>\nWie an Weihnachten.<\/p>\n<p>Erfahrung:<br \/>\nWeniger  kann mehr sein. Siehe Weihnachten. Statt der Kekse Ostereier basteln.  Das Wetter ausnutzen (wenn m\u00f6glich) und Osterolympiade mit Sachkh\u00fcpfen  und Eierlaufen ausprobieren (siehe Artikel).<\/p>\n<p><span style=\"text-decoration: underline\"><span style=\"color: #008000\">Till Eulenspiegel<\/span><\/span><\/p>\n<p>Material:<br \/>\n6x einfache Theaterst\u00fccke, Vokabeln m\u00fcssen noch erg\u00e4nzt werden<\/p>\n<p>Methode:<br \/>\nFreiwillige  finden\/rekrutieren und einen Theaterworkshop machen. Wir sind noch  nicht ganz&#8230;. fertig. Wie man sowas macht? Bin ich Lehrer?? Erinnert  euch einfach an das Improtheater vom Vorbereitungsseminar. Und habt Mut,  das Unkonventionelle zu wagen. Lange lebe das Theater \ud83d\ude42<\/p>\n<p>Erfahrung:<br \/>\nErwartet  keinerlei Initiative, rechnet mit M\u00e4dchen und Jungs, denen  Zusammenarbeiten peinlich ist. Bereitet so viel wie m\u00f6glich vor. Spielt  notfalls selbst mit.<\/p>\n<p><span style=\"text-decoration: underline\"><span style=\"color: #008000\">Was haben wir im Gesicht?<\/span><\/span><\/p>\n<p>Material:<br \/>\nEin Vokabelzettel zum Gesicht mit sch\u00f6nen Bildern!<\/p>\n<p>Methode:<br \/>\nDas k\u00f6nnt ihr bestimmt viel besser als ich \ud83d\ude42<\/p>\n<p>Erfahrung:<br \/>\nDieses Thema ist macht Spa\u00df, denn es ist sehr anwendungsfreundlich.<\/p>\n","protected":false},"excerpt":{"rendered":"<p>F\u00fcr den Unterricht (Downloads sind bei Downloads) Jedes Jahr ist Weihnachten, jedes Jahr kommt Ostern und immer wieder muss freiwillige\/r eine Pr\u00e4sentation oder eine Unterrichtseinheit dazu machen! Ich m\u00f6chte eure Kreativit\u00e4t nat\u00fcrlich nicht einschr\u00e4nken oder gar unterbinden, aber falls ihr &hellip; <a href=\"https:\/\/kulturweit.blog\/taicang\/materialien\/\">Weiterlesen <span class=\"meta-nav\">&rarr;<\/span><\/a><\/p>\n","protected":false},"author":415,"featured_media":0,"parent":0,"menu_order":0,"comment_status":"open","ping_status":"closed","template":"","meta":{"footnotes":""},"class_list":["post-222","page","type-page","status-publish","hentry"],"amp_enabled":true,"_links":{"self":[{"href":"https:\/\/kulturweit.blog\/taicang\/wp-json\/wp\/v2\/pages\/222"}],"collection":[{"href":"https:\/\/kulturweit.blog\/taicang\/wp-json\/wp\/v2\/pages"}],"about":[{"href":"https:\/\/kulturweit.blog\/taicang\/wp-json\/wp\/v2\/types\/page"}],"author":[{"embeddable":true,"href":"https:\/\/kulturweit.blog\/taicang\/wp-json\/wp\/v2\/users\/415"}],"replies":[{"embeddable":true,"href":"https:\/\/kulturweit.blog\/taicang\/wp-json\/wp\/v2\/comments?post=222"}],"version-history":[{"count":1,"href":"https:\/\/kulturweit.blog\/taicang\/wp-json\/wp\/v2\/pages\/222\/revisions"}],"predecessor-version":[{"id":224,"href":"https:\/\/kulturweit.blog\/taicang\/wp-json\/wp\/v2\/pages\/222\/revisions\/224"}],"wp:attachment":[{"href":"https:\/\/kulturweit.blog\/taicang\/wp-json\/wp\/v2\/media?parent=222"}],"curies":[{"name":"wp","href":"https:\/\/api.w.org\/{rel}","templated":true}]}}