{"id":2,"date":"2010-09-30T02:12:08","date_gmt":"2010-09-29T18:12:08","guid":{"rendered":"https:\/\/kulturweit.blog\/taicang\/?page_id=2"},"modified":"2010-11-18T09:57:21","modified_gmt":"2010-11-18T01:57:21","slug":"ueber","status":"publish","type":"page","link":"https:\/\/kulturweit.blog\/taicang\/ueber\/","title":{"rendered":"\u00dcber\u2026"},"content":{"rendered":"<h4>Heute mal eine kleine Erl\u00e4uterung zu mir und meiner Arbeit.<\/h4>\n<h4>Genaueres \u00fcber:<\/h4>\n<h2>Den Freiwilligendienst<\/h2>\n<p>Hallo,<\/p>\n<p>ich bin ein Freiwilliger des &gt;&gt;kulturweit&lt;&lt;-Freiwilligenprogrammes vom<\/p>\n<div>\n<dl>\n<dt><a href=\"..\/files\/2010\/09\/kulturweit-logo.jpg\"><img loading=\"lazy\" decoding=\"async\" src=\"..\/files\/2010\/09\/kulturweit-logo-300x248.jpg\" alt=\"Das Logo des &gt;&gt;kulturweit&lt;&lt;-Freiwilligendienstes\" width=\"300\" height=\"248\" \/><\/a> <\/dt>\n<dd>Der Freiwilligendienst des Ausw\u00e4rtigen Amtes<\/dd>\n<\/dl>\n<\/div>\n<p>Ausw\u00e4rtigen Amt. Die Aufgabe dieses Programmes ist die Unterst\u00fctzung   der Deutschen Kulturinstitutionen im Ausland durch junge Freiwillige  aus  Deutschland. Es soll den Austausch zwischen den Kulturen und das  Lernen  der deutschen Sprache im Ausland verbessern. Die Freiwilligen  sollen  ein modernes und positives Deutschlandbild vermitteln.<\/p>\n<p>Nach meinem Abitur leiste ich den &gt;&gt;kulturweit&lt;&lt;-Dienst   als Ersatz f\u00fcr meinen Zivildienst. Ich arbeite f\u00fcr das Goetheinstitut in   Shanghai und meine Einsatzstelle ist das Taicang Vocational Education   Center, eine Berufsschule, die auch zum &#8222;Abitur&#8220; f\u00fchrt. Meine Aufgabe   ist es, im Deutschunterricht zu helfen und Deutschlernen interessant zu   machen.<\/p>\n<h2>China<\/h2>\n<div>\n<dl>\n<dt><a rel=\"attachment wp-att-35\" href=\"https:\/\/kulturweit.blog\/taicang\/ueber\/attachment\/35\/\"><img loading=\"lazy\" decoding=\"async\" src=\"..\/files\/2010\/09\/china-225x300.jpg\" alt=\"Ein Portrait Chinas\" width=\"225\" height=\"300\" \/><\/a> <\/dt>\n<dd>China, zusammengefasst<\/dd>\n<\/dl>\n<\/div>\n<p>Ich bin nach meinem 10-monatigen Sch\u00fcleraustausch mit AFS bin ich zum   zweiten mal in diesem grossen Land. Das erste Mal verbrachte ich in   Tianjin, einer Gro\u00dfstadt in der N\u00e4he Beijings im Norden. Im Vergleich   dazu liegt mein jetziger Einsatzort s\u00fcdlich. Nach meinenErfahrungen ist   es sehr schwer, ein allumfassendes Chinabild zu haben, weil China sehr   gro\u00df ist und \u00fcber eine sehr lange, eng verkn\u00fcpfte Geschichte verf\u00fcgt.   Dazu hilft es sich vorzustellen, man m\u00fcsste Gro\u00dfeuropa mit dem nahen   Osten und Russland beschreiben, wenn es \u00fcber die letzten 3000 Jahre   lange Jahrhunderte gelegentlich zentral regiert worden w\u00e4re. Wie bei   dieser Vorstellung ist China f\u00fcr Landesfremde ein un\u00fcberschaubares   B\u00fcndel an Geschichte, Kultur, Politik und nicht zu letzt Menschen in   gro\u00dfer Zahl. In einem Satz:Nichts trifft auf ganz China zu, aber das   meiste ist irgendwo und irgendwann in China zutreffend.<\/p>\n<h2>Taicang<\/h2>\n<div>\n<dl>\n<dt><a href=\"..\/files\/2010\/09\/land.jpg\"><img loading=\"lazy\" decoding=\"async\" src=\"..\/files\/2010\/09\/land-300x225.jpg\" alt=\"Eines von Taicangs Doerfern\" width=\"300\" height=\"225\" \/><\/a> <\/dt>\n<dd>Ein Aussenbezirk von Taicang<\/dd>\n<\/dl>\n<\/div>\n<p>Wer das allwissende Internet benutzt, wie eben jetzt, um mehr \u00fcber   Taicang zu erfahren, der oder die wird folgendes bemerken: Taicang ist   eine Stadt im wirtschaftlichen Aufbruch. Zahlreiche Statistiken und   Auszeichnungen preisen seine Eignung f\u00fcr Investitionen. Wer sich daf\u00fcr   interessiert findet reichlich:<\/p>\n<p>(F\u00fcr den Inhalt und die Authentizit\u00e4t folgender Seiten bin ich nichtverantwortlich:)<\/p>\n<p>http:\/\/www.jiangsu.net\/city\/city.php?name=taicang (Germany Industrial   Park!)http:\/\/en.wikipedia.org\/wiki\/Taicang (National Longevity City   !!)http:\/\/www.taicang-roundtable.cn\/index.php?option=com_content&amp;view=category&amp;id=29&amp;Itemid=60   (Ortsans\u00e4ssige deutschsprachige Auslandsfirmen)<br \/>\nhttp:\/\/chinatravelguide.com\/ctgwiki\/Taicang (mit einem sehr ber\u00fchrenden &#8222;Informationsvideo&#8220; \u00fcber das &#8222;Goldene Taicang&#8220;)<\/p>\n<p>Im Interesse der Leserinnen und Leser werde ich die relevanten   Informationen kurz zusammenfassen: Taicang ist eine rasch expandierende  Kleinstadt, die von vielen Ortschaften und Doerfern umgeben ist, die  keine klaren Grenzen zum Stadtgebiet haben, bzw. dazugehoeren. Dadurch  scheint es riesig! Es liegt in der Provinz Jiangsu  im n\u00f6rdlichen  Einzugsbereich von Shanghai und hat mittlerweile knapp 0.5  Mio.  Einwohner. Es liegt in der s\u00fcdlichen Jiangsu-Ebene am S\u00fcdufer des   Yangzi-Fluss. Traditionell eine agrarwirtschaftliche Gegend, profitiert  der aufsteigende Wirtschaftsraum Taicang jetzt von seiner g\u00fcnstigen  Hafenlage und der N\u00e4he zu Shanghai. Die  Hauptressource ist neben der  Arbeitskraft das reichlich vorhandene  S\u00fc\u00dfwasser. Das Klima ist mild und  feucht und vom ostasiatischen Monsun  beeinflusst bei einer  Durchschnittstemperatur von 15. Es gibt eine kurze  Regenzeit mit hoher  Luftfeuchtigkeit im Juni.<\/p>\n<div>\n<dl>\n<dt><a href=\"..\/files\/2010\/09\/taicang.jpg\"><img loading=\"lazy\" decoding=\"async\" src=\"..\/files\/2010\/09\/taicang-225x300.jpg\" alt=\"Taicang &quot;Innenstadt&quot;\" width=\"225\" height=\"300\" \/><\/a> <\/dt>\n<dd>Das moderne Taicang<\/dd>\n<\/dl>\n<\/div>\n<p>Seinen Ursprung hat der &#8222;Gro\u00dfe Speicher&#8220; (w\u00f6rtl. \u00fcbers.) als   zentraler Reis- und Getreidelagerplatz zur Zeit der Streitenden Reiche   (220-280 v.u.Z.). In der Yuan Dynastie (1271\u20131368) galt Taicang als der   beste Hafen der Welt und war Ausgangsbasis der gr\u00f6\u00dften chinesischen   Entdeckungsreise unter Zheng He von 1405 bis 1433. Neben seinem Status   als vorbildliche, fortschrittliche Industriestadt ist Taicang bekannt   f\u00fcr seinen Reichtum moderner Schriftsteller, K\u00fcnstler und   Wissenschaftler.<\/p>\n<p>Was sagt einem das jetzt \u00fcber das heutige Taicang? Abgesehen von den   wirtschaftlichen Informationen recht wenig. Deshalb sehe ich es als   meine Aufgabe etwas \u00fcber das gegenw\u00e4rtige Taicang zu berichten. Dabei   denke ich an die Menschen, die H\u00e4user, die Stra\u00dfen und die Landschaft   Taicangs, die ich vielleicht mit meinem Fahrrad erkunden kann.<\/p>\n<p>Zusatz: Nach einer ersten Fahrradtour in die Ortschaft Pailou kann ich ein paar Aufnahmen aus der Umgebung beisteuern!<\/p>\n<p>http:\/\/citizen.fotopic.net\/c1917048.html geheimes wort: reishalm<\/p>\n<h2>Die Schule &#8211; Jiangsu Taicang Vocational Education Center<\/h2>\n<div>\n<dl>\n<dt><a href=\"..\/files\/2010\/09\/schule-2.jpg\"><img loading=\"lazy\" decoding=\"async\" src=\"..\/files\/2010\/09\/schule-2-300x225.jpg\" alt=\"\" width=\"300\" height=\"225\" \/><\/a> <\/dt>\n<dd>Sportplatz der Schule<\/dd>\n<\/dl>\n<\/div>\n<p>Das TCVEC ist eine moderne Berufsschule in der N\u00e4he des   \u00fcberschaubaren Zentrumsvon Taicang. Es verf\u00fcgt \u00fcber 4 Zweige, die   verschiedene Berufsgruppen als Ziel haben, zur Zeit sind mir davon nur   einige bekannt. Angeboten wird auf jeden Fall eine Ausbildung zum   Maschinenkontrolleur, zur Kleidungsmanufakteurin, zum Buchhalter (zur   Buchhalterin), zur Touristikspezialistin. Ihr seht,<\/p>\n<div>\n<dl>\n<dt><a href=\"..\/files\/2010\/09\/schule.jpg\"><img loading=\"lazy\" decoding=\"async\" src=\"..\/files\/2010\/09\/schule-300x225.jpg\" alt=\"unsere Schule\" width=\"300\" height=\"225\" \/><\/a> <\/dt>\n<dd>Schulalltag in der Pause<\/dd>\n<\/dl>\n<\/div>\n<p>dass ich geschlechtsspezifisch\u00a0 formuliert habe, das soll die   Verteilung in den Kursen veranschaulichen. Das Gel\u00e4nde verf\u00fcgt \u00fcber   Laboratorien, Maschinens\u00e4le, Unterrichtsgeb\u00e4ude, ein Verwaltungsgeb\u00e4ude,   eine B\u00fccherei, ein eigenes Sportzentrum, Sportpl\u00e4tze sowie Wohnheime   f\u00fcr Sch\u00fcler und Lehrer. Die Sch\u00fcler tragen eine Schuluniform und es gibt   die landesweit \u00fcbliche Flaggenzeremonie am Montag, t\u00e4gliche   Augenmeditation und Morgen\u00fcbungen. Jeden Tag finden 5-6 Stunden a 45   Minuten Unterricht statt. Dazu kommen Praktika w\u00e4hrend der Schulzeit,   beim Dualen System jeweils ein halbes Semester. Die Praktika finden bei   deutschen Firmen, haupts\u00e4chlich dem Schulpartner Schaeffler Stadt. &#8222;Mit   dem Blick auf die Welt, auf die Sch\u00fcler und auf die lokale Wirtschaft&#8220;   (Bannerspruch)<\/p>\n<h2>Meine Aufgabe<\/h2>\n<div>\n<dl>\n<dt><a href=\"..\/files\/2010\/09\/unterricht.jpg\"><img loading=\"lazy\" decoding=\"async\" src=\"..\/files\/2010\/09\/unterricht-150x150.jpg\" alt=\"Aus dem Unterricht\" width=\"150\" height=\"150\" \/><\/a> <\/dt>\n<dd>im Unterricht<\/dd>\n<\/dl>\n<\/div>\n<p>Mein Ziel, guten Deutschunterricht zu machen, verfolge ich zusammen   mit einer anderen Lehrerin. Weil eine andere Lehrerin gegangen ist,   m\u00fcssen wir ihre Klasse f\u00fcr 3 Wochen \u00fcbernehmen, bis sie ins Praktikum   gehen. Das erfordert, dass ich eine Stunde die Woche alleine   unterrichte!<br \/>\nAnsonsten unterrichte ich mit Wu Dan 13 Stunden die Woche. Das klingt   nach nicht viel, es erfordert aber eine gute Unterrichtsvorbereitung,   die unter Umst\u00e4nden sehr lange (und sp\u00e4t) werden kann. Dazu kommt an   zwei Morgen in der Woche 20 Minuten &#8222;Fr\u00fchlesen&#8220; zum W\u00f6rter- und   Aussprachetraining. Ich versuche mich zus\u00e4tzlich auch noch in   chinesischer Sprache, Geschichte und Kultur (klassische Musik)   weiterzubilden.<br \/>\nIm Unterricht bin ich angehalten den kreativen konstruktivistischen   Ansatz zu verfolgen. Das bedeutet, die Sch\u00fcler sollen m\u00f6glichst   individuell und selbstst\u00e4ndig lernen. Sie sollen verschiedene Medien   nutzen und in verschiedenen Sozialformen (Plenum, Gruppe, Partner,   Individuum) arbeiten. Sie sollen viel Reden und Regeln selbst   erarbeiten. Leider bin ich kein ausgebildeter Lehrer und die   Klassensituation ist nicht perfekt daf\u00fcr geeignet. Es gibt zwischen 40   und 48 Sch\u00fcler pro Klasse. Ich versuche dennoch mein bestes und finde   gute Unterst\u00fctzung bei Wu Dan. Zusammen k\u00f6nnen wir die modernen   deutschen Lehrmaterialien nutzen. Mit der Zeit werde ich mich   eingearbeitet haben und besseren Unterricht machen k\u00f6nnen.<\/p>\n<h2>Meinen Blog<\/h2>\n<p>Ich m\u00f6chte viele interessante Artikel zu verschiedenen Themen und mit   Bildern ver\u00f6ffentlichen. Dabei verzichte ich weitestgehend auf   Alltagsdarstellungen, weil es davon schon sehr viele auf kulturweit-blog   gibt. Ich hoffe ihr habt Spa\u00df beim Lesen! Bei Anmerkungen, Kritik und   W\u00fcnschen freue ich mich auf eure Kommentare und E-Mails.<\/p>\n<p>Wir sehen uns!<br \/>\nEinen sch\u00f6nen Tag w\u00fcnscht euch,<br \/>\nZhuyixuan<\/p>\n","protected":false},"excerpt":{"rendered":"<p>Heute mal eine kleine Erl\u00e4uterung zu mir und meiner Arbeit. Genaueres \u00fcber: Den Freiwilligendienst Hallo, ich bin ein Freiwilliger des &gt;&gt;kulturweit&lt;&lt;-Freiwilligenprogrammes vom Der Freiwilligendienst des Ausw\u00e4rtigen Amtes Ausw\u00e4rtigen Amt. Die Aufgabe dieses Programmes ist die Unterst\u00fctzung der Deutschen Kulturinstitutionen im &hellip; <a href=\"https:\/\/kulturweit.blog\/taicang\/ueber\/\">Weiterlesen <span class=\"meta-nav\">&rarr;<\/span><\/a><\/p>\n","protected":false},"author":415,"featured_media":41,"parent":0,"menu_order":0,"comment_status":"open","ping_status":"closed","template":"","meta":{"footnotes":""},"class_list":["post-2","page","type-page","status-publish","has-post-thumbnail","hentry"],"amp_enabled":true,"_links":{"self":[{"href":"https:\/\/kulturweit.blog\/taicang\/wp-json\/wp\/v2\/pages\/2"}],"collection":[{"href":"https:\/\/kulturweit.blog\/taicang\/wp-json\/wp\/v2\/pages"}],"about":[{"href":"https:\/\/kulturweit.blog\/taicang\/wp-json\/wp\/v2\/types\/page"}],"author":[{"embeddable":true,"href":"https:\/\/kulturweit.blog\/taicang\/wp-json\/wp\/v2\/users\/415"}],"replies":[{"embeddable":true,"href":"https:\/\/kulturweit.blog\/taicang\/wp-json\/wp\/v2\/comments?post=2"}],"version-history":[{"count":1,"href":"https:\/\/kulturweit.blog\/taicang\/wp-json\/wp\/v2\/pages\/2\/revisions"}],"predecessor-version":[{"id":33,"href":"https:\/\/kulturweit.blog\/taicang\/wp-json\/wp\/v2\/pages\/2\/revisions\/33"}],"wp:featuredmedia":[{"embeddable":true,"href":"https:\/\/kulturweit.blog\/taicang\/wp-json\/wp\/v2\/media\/41"}],"wp:attachment":[{"href":"https:\/\/kulturweit.blog\/taicang\/wp-json\/wp\/v2\/media?parent=2"}],"curies":[{"name":"wp","href":"https:\/\/api.w.org\/{rel}","templated":true}]}}