{"id":248,"date":"2012-11-25T11:42:26","date_gmt":"2012-11-25T10:42:26","guid":{"rendered":"https:\/\/kulturweit.blog\/svenjamongolei\/?page_id=248"},"modified":"2012-12-10T04:09:00","modified_gmt":"2012-12-10T03:09:00","slug":"kuriositaten","status":"publish","type":"page","link":"https:\/\/kulturweit.blog\/svenjamongolei\/kuriositaten\/","title":{"rendered":"Kuriosit\u00e4ten"},"content":{"rendered":"<p>Lust auf Billard? Die Mongolen anscheinend immer und \u00fcberall. An jeder Ecke, auch einfach mitten auf der Stra\u00dfe stehen Billardtische, die exzessiv genutzt werden. Wer die da wohl hingestellt hat&#8230;<\/p>\n<p>&nbsp;<\/p>\n<p>Der Schwarzmarkt macht im Winter nicht zu, und da der ja zum gr\u00f6\u00dften Teil unter freiem Himmel platziert ist und es im Winter locker -40\u00b0 werden, m\u00fcssen sich die Verk\u00e4ufer warm halten. Also basteln sie sich entweder \u00fcberdimensional gro\u00dfe Schuhe, die dann vermutlich aus allem bestehen, was warm h\u00e4lt, oder sie stellen sie in Styroporkisten, um die K\u00e4lte vom Boden abzuhalten.<\/p>\n<p>&nbsp;<\/p>\n<p>Wir heizen nicht nur die Stra\u00dfe, weil wir eine Zentralheizung haben, die man nicht mehr ausschalten kann, wenn sie am 15.September erst einmal in Gang gekommen ist. Sondern wir beheizen auch die T\u00fcrgriffe. Jedenfalls tut das das Bauministerium.<\/p>\n<p>&nbsp;<\/p>\n<p>Augen auf im Stra\u00dfenverkehr! Denn Gefahren lauern \u00fcberall, seien es Abbieger, die lieber sterben als bremsen, Zebrastreifen, die niemand beachtet oder Gullidecken, die entweder locker sind oder g\u00e4nzlich fehlen.<\/p>\n<p>&nbsp;<\/p>\n<p>\u201eSag mir mal deine Adresse, ich m\u00f6chte dir einen Brief schreiben!\u201c. Das eine hat hier mit dem anderen nichts zu tun. Denn es gibt nur ganz wenige Briefk\u00e4sten, und wenn, dann wei\u00df niemand, wozu man diese seltsame Kiste im Hausflur benutzt. Wenn man etwas auf dem Postweg erhalten m\u00f6chte, muss man sich ein Postfach in der Post mieten, was f\u00fcr Ausl\u00e4nder aber auch nicht gerade einfach ist.<\/p>\n<p>&nbsp;<\/p>\n<p>Manchmal h\u00f6rt man von irgendwo eine seltsame <a href=\"http:\/\/www.youtube.com\/watch?v=YLPs-ugljn0\">Melodie<\/a> ert\u00f6nen. Am Anfang dachte ich, dass es vielleicht von einem Schulhof k\u00e4me, wo jemand aus welchen Gr\u00fcnden auch immer, auf einem fl\u00f6ten\u00e4hnlichen Instrument spielt oder noch unwahrscheinlicher, von einem Eiswagen. Aber nein, in Wahrheit ist es nur das M\u00fcllauto, das vor sich hin dudelt, um den Leuten zu melden, dass es jetzt da ist. Denn man muss seinen M\u00fcll selber dort hin bringen.<br \/>\n\u00dcbrigens kann jeder Einwohner der Stadt die Melodie summen \ud83d\ude09<\/p>\n<p>&nbsp;<\/p>\n<p>Improvisation und Spontanitaet ist alles! Im Vorraus wird hoechstens fuer eine Woche geplant, und so habe ich auch letztens erfahren, dass meine Schule am 01.Maerz abgerissen wird. Wohin dann die Schueler und Lehrer, und letzendlich auch ich, dann versetzt werden, weiss ich wohl fruehstens Mitte Februar. Aber man muss auch sagen, wenn alle so denken und handeln, funktioniert dieses System sogar&#8230;<\/p>\n<p>&nbsp;<\/p>\n","protected":false},"excerpt":{"rendered":"<p>Lust auf Billard? Die Mongolen anscheinend immer und \u00fcberall. An jeder Ecke, auch einfach mitten auf der Stra\u00dfe stehen Billardtische, die exzessiv genutzt werden. Wer die da wohl hingestellt hat&#8230; &nbsp; Der Schwarzmarkt macht im Winter nicht zu, und da &hellip; <a href=\"https:\/\/kulturweit.blog\/svenjamongolei\/kuriositaten\/\">Weiterlesen <span class=\"meta-nav\">&rarr;<\/span><\/a><\/p>\n","protected":false},"author":899,"featured_media":0,"parent":0,"menu_order":0,"comment_status":"open","ping_status":"open","template":"","meta":{"footnotes":""},"class_list":["post-248","page","type-page","status-publish","hentry"],"amp_enabled":true,"_links":{"self":[{"href":"https:\/\/kulturweit.blog\/svenjamongolei\/wp-json\/wp\/v2\/pages\/248"}],"collection":[{"href":"https:\/\/kulturweit.blog\/svenjamongolei\/wp-json\/wp\/v2\/pages"}],"about":[{"href":"https:\/\/kulturweit.blog\/svenjamongolei\/wp-json\/wp\/v2\/types\/page"}],"author":[{"embeddable":true,"href":"https:\/\/kulturweit.blog\/svenjamongolei\/wp-json\/wp\/v2\/users\/899"}],"replies":[{"embeddable":true,"href":"https:\/\/kulturweit.blog\/svenjamongolei\/wp-json\/wp\/v2\/comments?post=248"}],"version-history":[{"count":1,"href":"https:\/\/kulturweit.blog\/svenjamongolei\/wp-json\/wp\/v2\/pages\/248\/revisions"}],"predecessor-version":[{"id":255,"href":"https:\/\/kulturweit.blog\/svenjamongolei\/wp-json\/wp\/v2\/pages\/248\/revisions\/255"}],"wp:attachment":[{"href":"https:\/\/kulturweit.blog\/svenjamongolei\/wp-json\/wp\/v2\/media?parent=248"}],"curies":[{"name":"wp","href":"https:\/\/api.w.org\/{rel}","templated":true}]}}