{"id":14,"date":"2012-08-28T13:11:48","date_gmt":"2012-08-28T11:11:48","guid":{"rendered":"https:\/\/kulturweit.blog\/svenjamongolei\/?page_id=14"},"modified":"2012-08-28T13:11:48","modified_gmt":"2012-08-28T11:11:48","slug":"schule-38","status":"publish","type":"page","link":"https:\/\/kulturweit.blog\/svenjamongolei\/schule-38\/","title":{"rendered":"Schule 38"},"content":{"rendered":"<p>Der Freiwilligendienst &#8222;kulturweit&#8220; entsendet gemeinsam mit verschiedenen Unterorganisation jedes Jahr mutige, junge Leute in die Welt. Meine Organisation ist der PAD (P\u00e4dagogischer Austauschdienst). Deshalb werde ich das n\u00e4chste Jahr an der Alexander von Humboldt Schule (Schule 38) in Ulaanbaatar arbeiten. Meine Aufgaben sind ganz unterschiedlich und reichen von Assistenz der Lehrer im Unterricht bis zur Projektarbeit am Nachmittag mit interessierten Sch\u00fclern.<br \/>\nBis vor kurzem war Sebastian dort als Freiwilliger und hat ein Video \u00fcber die Schule gedreht:<br \/>\n<iframe loading=\"lazy\" src=\"http:\/\/www.youtube.com\/embed\/Wzn7mqwrOEI\" frameborder=\"0\" width=\"420\" height=\"315\"><\/iframe><br \/>\nWas ich \u00fcber das n\u00e4chste Jahr hinweg mit den Sch\u00fclern veranstalten werde, versuche ich auf dieser Seite zu dokumentieren \ud83d\ude09<\/p>\n<p>&nbsp;<\/p>\n<p>&nbsp;<\/p>\n<p>&nbsp;<\/p>\n","protected":false},"excerpt":{"rendered":"<p>Der Freiwilligendienst &#8222;kulturweit&#8220; entsendet gemeinsam mit verschiedenen Unterorganisation jedes Jahr mutige, junge Leute in die Welt. Meine Organisation ist der PAD (P\u00e4dagogischer Austauschdienst). Deshalb werde ich das n\u00e4chste Jahr an der Alexander von Humboldt Schule (Schule 38) in Ulaanbaatar arbeiten. &hellip; <a href=\"https:\/\/kulturweit.blog\/svenjamongolei\/schule-38\/\">Weiterlesen <span class=\"meta-nav\">&rarr;<\/span><\/a><\/p>\n","protected":false},"author":899,"featured_media":0,"parent":0,"menu_order":0,"comment_status":"open","ping_status":"open","template":"","meta":{"footnotes":""},"class_list":["post-14","page","type-page","status-publish","hentry"],"amp_enabled":true,"_links":{"self":[{"href":"https:\/\/kulturweit.blog\/svenjamongolei\/wp-json\/wp\/v2\/pages\/14"}],"collection":[{"href":"https:\/\/kulturweit.blog\/svenjamongolei\/wp-json\/wp\/v2\/pages"}],"about":[{"href":"https:\/\/kulturweit.blog\/svenjamongolei\/wp-json\/wp\/v2\/types\/page"}],"author":[{"embeddable":true,"href":"https:\/\/kulturweit.blog\/svenjamongolei\/wp-json\/wp\/v2\/users\/899"}],"replies":[{"embeddable":true,"href":"https:\/\/kulturweit.blog\/svenjamongolei\/wp-json\/wp\/v2\/comments?post=14"}],"version-history":[{"count":0,"href":"https:\/\/kulturweit.blog\/svenjamongolei\/wp-json\/wp\/v2\/pages\/14\/revisions"}],"wp:attachment":[{"href":"https:\/\/kulturweit.blog\/svenjamongolei\/wp-json\/wp\/v2\/media?parent=14"}],"curies":[{"name":"wp","href":"https:\/\/api.w.org\/{rel}","templated":true}]}}