{"id":35,"date":"2009-08-02T16:45:17","date_gmt":"2009-08-02T14:45:17","guid":{"rendered":"https:\/\/kulturweit.blog\/susanne\/?page_id=35"},"modified":"2009-09-04T14:04:03","modified_gmt":"2009-09-04T12:04:03","slug":"it%c2%b4s-me","status":"publish","type":"page","link":"https:\/\/kulturweit.blog\/susanne\/it%c2%b4s-me\/","title":{"rendered":"It\u00b4s me :-)"},"content":{"rendered":"<p>\u00a0<\/p>\n<p><img loading=\"lazy\" decoding=\"async\" class=\"alignnone size-medium wp-image-36\" src=\"https:\/\/kulturweit.blog\/susanne\/files\/2009\/08\/Isch-225x300.jpg\" alt=\"Isch\" width=\"225\" height=\"300\" srcset=\"https:\/\/kulturweit.blog\/susanne\/files\/2009\/08\/Isch-225x300.jpg 225w, https:\/\/kulturweit.blog\/susanne\/files\/2009\/08\/Isch-768x1024.jpg 768w, https:\/\/kulturweit.blog\/susanne\/files\/2009\/08\/Isch.JPG 1536w\" sizes=\"(max-width: 225px) 100vw, 225px\" \/><img loading=\"lazy\" decoding=\"async\" class=\"alignnone size-medium wp-image-37\" src=\"https:\/\/kulturweit.blog\/susanne\/files\/2009\/08\/1-550cad0c498f690e136adf0489c2451a-225x300.jpg\" alt=\"\" width=\"225\" height=\"300\" srcset=\"https:\/\/kulturweit.blog\/susanne\/files\/2009\/08\/1-550cad0c498f690e136adf0489c2451a-225x300.jpg 225w, https:\/\/kulturweit.blog\/susanne\/files\/2009\/08\/1-550cad0c498f690e136adf0489c2451a.jpg 450w\" sizes=\"(max-width: 225px) 100vw, 225px\" \/><img loading=\"lazy\" decoding=\"async\" class=\"alignnone size-thumbnail wp-image-39\" src=\"https:\/\/kulturweit.blog\/susanne\/files\/2009\/08\/New20-115-150x150.jpg\" alt=\"\" width=\"226\" height=\"299\" \/><img loading=\"lazy\" decoding=\"async\" class=\"alignnone size-medium wp-image-38\" src=\"https:\/\/kulturweit.blog\/susanne\/files\/2009\/08\/fRqg20w-11271587-300x225.jpg\" alt=\"\" width=\"300\" height=\"225\" srcset=\"https:\/\/kulturweit.blog\/susanne\/files\/2009\/08\/fRqg20w-11271587-300x225.jpg 300w, https:\/\/kulturweit.blog\/susanne\/files\/2009\/08\/fRqg20w-11271587.jpg 600w\" sizes=\"(max-width: 300px) 100vw, 300px\" \/><img loading=\"lazy\" decoding=\"async\" class=\"alignnone size-thumbnail wp-image-40\" src=\"https:\/\/kulturweit.blog\/susanne\/files\/2009\/08\/suse-150x150.jpg\" alt=\"\" width=\"186\" height=\"223\" \/><img loading=\"lazy\" decoding=\"async\" class=\"alignnone size-thumbnail wp-image-41\" src=\"https:\/\/kulturweit.blog\/susanne\/files\/2009\/08\/T\u0081rkei-020-150x150.jpg\" alt=\"\" width=\"193\" height=\"225\" \/><\/p>\n<p>\u00a0<\/p>\n<p>Hey,<\/p>\n<p>ich bin 22 und werde im September mir einen gro\u00dfen Traum erf\u00fcllen und mein Abenteuer Afrika starten. Ich werde f\u00fcr 6 Monate mein D\u00fcsseldorf gehen Nairobi tauschen.<\/p>\n<p>Momentan studiere ich noch Germanistik und Geschichte in D\u00fcsseldorf, werde aber hoffentlich bevor ich fliege mein Ergbeniss haben \ud83d\ude42<\/p>\n<p>In meiner Freizeit bin ich eigentlich immer mit meinen Freunden unterwegs, sei es Kaffee oder Cocktail trinken, feiern oder Kino, gammeln oder sporteln ich bin immer unterwegs.<\/p>\n","protected":false},"excerpt":{"rendered":"<p>\u00a0 \u00a0 Hey, ich bin 22 und werde im September mir einen gro\u00dfen Traum erf\u00fcllen und mein Abenteuer Afrika starten. Ich werde f\u00fcr 6 Monate mein D\u00fcsseldorf gehen Nairobi tauschen. Momentan studiere ich noch Germanistik und Geschichte in D\u00fcsseldorf, werde aber hoffentlich bevor ich fliege mein Ergbeniss haben \ud83d\ude42 In meiner Freizeit bin ich eigentlich [&hellip;]<\/p>\n","protected":false},"author":6,"featured_media":42,"parent":0,"menu_order":0,"comment_status":"open","ping_status":"open","template":"","meta":{"footnotes":""},"class_list":["post-35","page","type-page","status-publish","hentry"],"amp_enabled":true,"_links":{"self":[{"href":"https:\/\/kulturweit.blog\/susanne\/wp-json\/wp\/v2\/pages\/35"}],"collection":[{"href":"https:\/\/kulturweit.blog\/susanne\/wp-json\/wp\/v2\/pages"}],"about":[{"href":"https:\/\/kulturweit.blog\/susanne\/wp-json\/wp\/v2\/types\/page"}],"author":[{"embeddable":true,"href":"https:\/\/kulturweit.blog\/susanne\/wp-json\/wp\/v2\/users\/6"}],"replies":[{"embeddable":true,"href":"https:\/\/kulturweit.blog\/susanne\/wp-json\/wp\/v2\/comments?post=35"}],"version-history":[{"count":1,"href":"https:\/\/kulturweit.blog\/susanne\/wp-json\/wp\/v2\/pages\/35\/revisions"}],"predecessor-version":[{"id":44,"href":"https:\/\/kulturweit.blog\/susanne\/wp-json\/wp\/v2\/pages\/35\/revisions\/44"}],"wp:featuredmedia":[{"embeddable":true,"href":"https:\/\/kulturweit.blog\/susanne\/wp-json\/wp\/v2\/media\/42"}],"wp:attachment":[{"href":"https:\/\/kulturweit.blog\/susanne\/wp-json\/wp\/v2\/media?parent=35"}],"curies":[{"name":"wp","href":"https:\/\/api.w.org\/{rel}","templated":true}]}}