{"id":4,"date":"2012-02-05T19:27:47","date_gmt":"2012-02-05T18:27:47","guid":{"rendered":"https:\/\/kulturweit.blog\/srilanka2012\/?page_id=4"},"modified":"2012-02-08T12:12:46","modified_gmt":"2012-02-08T11:12:46","slug":"about-sri-lanka","status":"publish","type":"page","link":"https:\/\/kulturweit.blog\/srilanka2012\/about-sri-lanka\/","title":{"rendered":"about: Sri Lanka"},"content":{"rendered":"<p><strong>Hier findet Ihr einige Fakten \u00fcber Sri Lanka<\/strong><\/p>\n<p><strong>L\u00e4ndername:<\/strong> Demokratische Sozialistische Republik Sri Lanka (Democratic Socialist Republic of Sri Lanka)<\/p>\n<p><strong>Klima:<\/strong> tropisch feuchthei\u00df<br \/>\n<strong>Fl\u00e4che:<\/strong> 65.610 km2 (Deutschland: 348.630 km2)<br \/>\n<strong>Hauptstadt:<\/strong> Sri Jayewardenepura \u2013 Kotte, am Rande Colombos (ca. 100.000 Einwohner)<\/p>\n<p><strong>Entfernung zu Deutschland:<\/strong><br \/>\nBerlin \u2013 Colombo: 6815 km (Luftlinie)<br \/>\nFlensburg \u2013 Battaramulla: 7040 km (Luftlinie)<br \/>\nMit dem Auto sind es circa 11.000 km und somit mindestens 6 Tage und 6 Stunden Fahrt<\/p>\n<p><strong>Zeitzone:<\/strong> IST = India Standard Time: GMT +5:30 Stunden<br \/>\n<strong>Zeitunterschied zu Deutschland:<\/strong><br \/>\n30.10.2011 \u2013 24.03.2012 (Winterzeit): +4:30 Stunden<br \/>\n25.03.2012 \u2013 27.10.2012 (Sommerzeit): +3:30 Stunden<br \/>\n28.10.2012 \u2013 30.03.2013 (Winterzeit): +4:30 Stunden<br \/>\nWorld Clock Meeting Planner: <a title=\"World Clock Meeting Planner\" href=\"http:\/\/www.timeanddate.com\/worldclock\/meeting.html\">http:\/\/www.timeanddate.com\/worldclock\/meeting.html<\/a><\/p>\n<p><strong>Bev\u00f6lkerung:<\/strong> 20,65 Millionen<br \/>\n74,9% Singhalesen<br \/>\n12,% Sri-Lanka Tamilen<br \/>\n7,1% Araber<br \/>\n5,5% Indische Tamilen<br \/>\n0,8% andere (Malaien, Burgher, usw.)<br \/>\n<strong>Bev\u00f6lkerungswachstumsrate:<\/strong> 1,0%<\/p>\n<p><strong>Landessprachen:<\/strong> Amtssprachen sind Singhalesisch und Tamilisch; Verkehrssprache ist Englisch<br \/>\n<strong>Religionen:<\/strong><br \/>\n69,3% Buddhisten (Theravada-Buddhismus)<br \/>\n15,5% Hindus<br \/>\n7,5% Muslime<br \/>\n7,6% Christen<br \/>\n0,1% andere<\/p>\n<p><strong>Nationalfeiertag:<\/strong> Der 4. Februar ist National Day of Sri Lanka. Am 4. Februar 1948 erkl\u00e4rte Sri Lanka seine Unabh\u00e4ngigkeit von Gro\u00dfbritannien.<\/p>\n<p><strong>Staatsform:<\/strong> Unitarische Pr\u00e4sidialrepublik mit parlamentarisch-demokratischer Ordnung<\/p>\n<p><strong>Parlament:<\/strong> Einkammersystem mit 225 Abgeordneten mit imperativem Mandat<\/p>\n<p><strong>Verwaltungsstruktur:<\/strong> 9 Provinzen, davon 8 mit gew\u00e4hlten Provinzr\u00e4ten und \u2013regierungen unter dem leitenden Minister (Chief Minister); in der Nordprovinz konnten aufgrund des B\u00fcrgerkriegs bisher keine Provinzwahlen stattfinden. Die Zentralregierung vertritt in jeder Provinz ein vom Pr\u00e4sidenten ernannter Gouverneur. Unterhalb der Provinzebene besteht weiter die seit jeher weitgehend zentral gesteuerte Verwaltung in 25 Distrikten und 200 &#8222;Divisional Secretariats&#8220;, die auch die Provinzgesetze ausf\u00fchren.<\/p>\n<p><strong>Mitgliedschaft in internationalen Organisationen:<\/strong><br \/>\nVereinte Nationen und Sonderorganisationen (u.a. UNESCO)<br \/>\nCommonwealth<br \/>\nSAARC (South Asian Association for Regional Cooperation)<\/p>\n<p><strong>Englischsprachige Zeitungen:<\/strong><br \/>\nDaily Mirror: www.dailymirror.lk\/<br \/>\nDaily News: www.dailynews.lk\/<br \/>\nThe Sunday Leader: www.thesundayleader.lk\/<br \/>\nThe Island: www.island.lk\/<br \/>\nSunday Times: www.sundaytimes.lk\/<\/p>\n","protected":false},"excerpt":{"rendered":"<p>Hier findet Ihr einige Fakten \u00fcber Sri Lanka L\u00e4ndername: Demokratische Sozialistische Republik Sri Lanka (Democratic Socialist Republic of Sri Lanka) Klima: tropisch feuchthei\u00df Fl\u00e4che: 65.610 km2 (Deutschland: 348.630 km2) Hauptstadt: Sri Jayewardenepura \u2013 Kotte, am Rande Colombos (ca. 100.000 Einwohner) &hellip; <a href=\"https:\/\/kulturweit.blog\/srilanka2012\/about-sri-lanka\/\">Weiterlesen <span class=\"meta-nav\">&rarr;<\/span><\/a><\/p>\n","protected":false},"author":680,"featured_media":6,"parent":0,"menu_order":0,"comment_status":"open","ping_status":"open","template":"","meta":{"footnotes":""},"class_list":["post-4","page","type-page","status-publish","has-post-thumbnail","hentry"],"amp_enabled":true,"_links":{"self":[{"href":"https:\/\/kulturweit.blog\/srilanka2012\/wp-json\/wp\/v2\/pages\/4"}],"collection":[{"href":"https:\/\/kulturweit.blog\/srilanka2012\/wp-json\/wp\/v2\/pages"}],"about":[{"href":"https:\/\/kulturweit.blog\/srilanka2012\/wp-json\/wp\/v2\/types\/page"}],"author":[{"embeddable":true,"href":"https:\/\/kulturweit.blog\/srilanka2012\/wp-json\/wp\/v2\/users\/680"}],"replies":[{"embeddable":true,"href":"https:\/\/kulturweit.blog\/srilanka2012\/wp-json\/wp\/v2\/comments?post=4"}],"version-history":[{"count":0,"href":"https:\/\/kulturweit.blog\/srilanka2012\/wp-json\/wp\/v2\/pages\/4\/revisions"}],"wp:featuredmedia":[{"embeddable":true,"href":"https:\/\/kulturweit.blog\/srilanka2012\/wp-json\/wp\/v2\/media\/6"}],"wp:attachment":[{"href":"https:\/\/kulturweit.blog\/srilanka2012\/wp-json\/wp\/v2\/media?parent=4"}],"curies":[{"name":"wp","href":"https:\/\/api.w.org\/{rel}","templated":true}]}}