{"id":359,"date":"2012-04-17T22:18:45","date_gmt":"2012-04-17T16:48:45","guid":{"rendered":"https:\/\/kulturweit.blog\/srilanka2012\/?page_id=359"},"modified":"2012-04-17T22:18:45","modified_gmt":"2012-04-17T16:48:45","slug":"unterwegs","status":"publish","type":"page","link":"https:\/\/kulturweit.blog\/srilanka2012\/unterwegs\/","title":{"rendered":"Unterwegs"},"content":{"rendered":"<p>Sri Lanka ist ein ideales Land zum Reisen &#8211; die Entfernungen sind relativ klein, das Bus- und Bahnnetz ganz gut ausgebaut und man findet fast \u00fcberall eine Unterkunft f\u00fcr den kleinen Geldbeutel.<\/p>\n<p>In dieser Sektion findet Ihr also ein paar Eindr\u00fccke von meinen Streifz\u00fcgen durch dieses &#8222;leuchtend sch\u00f6ne&#8220; Land &#8211; <em>Sri<\/em> Lanka eben!<\/p>\n<p style=\"text-align: center\"><a href=\"https:\/\/kulturweit.blog\/srilanka2012\/files\/2012\/04\/Kandy4.jpg\"><img loading=\"lazy\" decoding=\"async\" class=\"aligncenter size-large wp-image-314\" src=\"https:\/\/kulturweit.blog\/srilanka2012\/files\/2012\/04\/Kandy4-640x480.jpg\" alt=\"\" width=\"584\" height=\"438\" srcset=\"https:\/\/kulturweit.blog\/srilanka2012\/files\/2012\/04\/Kandy4-640x480.jpg 640w, https:\/\/kulturweit.blog\/srilanka2012\/files\/2012\/04\/Kandy4-300x225.jpg 300w, https:\/\/kulturweit.blog\/srilanka2012\/files\/2012\/04\/Kandy4-400x300.jpg 400w, https:\/\/kulturweit.blog\/srilanka2012\/files\/2012\/04\/Kandy4.jpg 1024w\" sizes=\"(max-width: 584px) 100vw, 584px\" \/><\/a><\/p>\n","protected":false},"excerpt":{"rendered":"<p>Sri Lanka ist ein ideales Land zum Reisen &#8211; die Entfernungen sind relativ klein, das Bus- und Bahnnetz ganz gut ausgebaut und man findet fast \u00fcberall eine Unterkunft f\u00fcr den kleinen Geldbeutel. In dieser Sektion findet Ihr also ein paar &hellip; <a href=\"https:\/\/kulturweit.blog\/srilanka2012\/unterwegs\/\">Weiterlesen <span class=\"meta-nav\">&rarr;<\/span><\/a><\/p>\n","protected":false},"author":680,"featured_media":314,"parent":0,"menu_order":0,"comment_status":"open","ping_status":"open","template":"","meta":{"footnotes":""},"class_list":["post-359","page","type-page","status-publish","has-post-thumbnail","hentry"],"amp_enabled":true,"_links":{"self":[{"href":"https:\/\/kulturweit.blog\/srilanka2012\/wp-json\/wp\/v2\/pages\/359"}],"collection":[{"href":"https:\/\/kulturweit.blog\/srilanka2012\/wp-json\/wp\/v2\/pages"}],"about":[{"href":"https:\/\/kulturweit.blog\/srilanka2012\/wp-json\/wp\/v2\/types\/page"}],"author":[{"embeddable":true,"href":"https:\/\/kulturweit.blog\/srilanka2012\/wp-json\/wp\/v2\/users\/680"}],"replies":[{"embeddable":true,"href":"https:\/\/kulturweit.blog\/srilanka2012\/wp-json\/wp\/v2\/comments?post=359"}],"version-history":[{"count":0,"href":"https:\/\/kulturweit.blog\/srilanka2012\/wp-json\/wp\/v2\/pages\/359\/revisions"}],"wp:featuredmedia":[{"embeddable":true,"href":"https:\/\/kulturweit.blog\/srilanka2012\/wp-json\/wp\/v2\/media\/314"}],"wp:attachment":[{"href":"https:\/\/kulturweit.blog\/srilanka2012\/wp-json\/wp\/v2\/media?parent=359"}],"curies":[{"name":"wp","href":"https:\/\/api.w.org\/{rel}","templated":true}]}}