{"id":288,"date":"2012-04-03T09:52:57","date_gmt":"2012-04-03T04:22:57","guid":{"rendered":"https:\/\/kulturweit.blog\/srilanka2012\/?page_id=288"},"modified":"2012-08-12T19:48:09","modified_gmt":"2012-08-12T14:18:09","slug":"momentaufnahmen","status":"publish","type":"page","link":"https:\/\/kulturweit.blog\/srilanka2012\/momentaufnahmen\/","title":{"rendered":"Momentaufnahmen"},"content":{"rendered":"<p>Es sind oft besonders die kleinen Dinge und Momente, die mir lange im Ged\u00e4chtnis bleiben. Allt\u00e4glichkeiten, die irgendwann selbstverst\u00e4ndlich werden, und die trotzdem einen ganz besonderen Wert haben und einen Eindruck hinterlassen werden. Diese Sammlung ist genauso f\u00fcr mich wie sie f\u00fcr euch ist. Eine Erinnerung daran, die kleinen Dinge zu beachten und zu sch\u00e4tzen.<\/p>\n<p><a title=\"Nationalhymne zum Fr\u00fchst\u00fcck\" href=\"https:\/\/kulturweit.blog\/srilanka2012\/2012\/03\/14\/147\/\">Nationalhymne zum Fr\u00fchst\u00fcck<\/a><\/p>\n<p><a title=\"L\u00e4cheln - Ein guter Start in den Tag\" href=\"https:\/\/kulturweit.blog\/srilanka2012\/2012\/04\/03\/282\/\">L\u00e4cheln &#8211; Ein guter Start in den Tag<\/a><\/p>\n<p><a title=\"Wenn die Erde bebt\" href=\"https:\/\/kulturweit.blog\/srilanka2012\/2012\/04\/11\/299\/\">Wenn die Erde bebt<\/a><\/p>\n<p><a title=\"Tausend Fragen im Blick\" href=\"https:\/\/kulturweit.blog\/srilanka2012\/2012\/05\/16\/tausend-fragen-im-blick\/\">Tausend Fragen im Blick<\/a><\/p>\n<p><a title=\"Bewegte Zeiten\" href=\"https:\/\/kulturweit.blog\/srilanka2012\/2012\/06\/14\/bewegte-zeiten\/\">Bewegte Zeiten<\/a><\/p>\n<p>&nbsp;<\/p>\n","protected":false},"excerpt":{"rendered":"<p>Es sind oft besonders die kleinen Dinge und Momente, die mir lange im Ged\u00e4chtnis bleiben. Allt\u00e4glichkeiten, die irgendwann selbstverst\u00e4ndlich werden, und die trotzdem einen ganz besonderen Wert haben und einen Eindruck hinterlassen werden. Diese Sammlung ist genauso f\u00fcr mich wie &hellip; <a href=\"https:\/\/kulturweit.blog\/srilanka2012\/momentaufnahmen\/\">Weiterlesen <span class=\"meta-nav\">&rarr;<\/span><\/a><\/p>\n","protected":false},"author":680,"featured_media":0,"parent":0,"menu_order":0,"comment_status":"open","ping_status":"open","template":"","meta":{"footnotes":""},"class_list":["post-288","page","type-page","status-publish","hentry"],"amp_enabled":true,"_links":{"self":[{"href":"https:\/\/kulturweit.blog\/srilanka2012\/wp-json\/wp\/v2\/pages\/288"}],"collection":[{"href":"https:\/\/kulturweit.blog\/srilanka2012\/wp-json\/wp\/v2\/pages"}],"about":[{"href":"https:\/\/kulturweit.blog\/srilanka2012\/wp-json\/wp\/v2\/types\/page"}],"author":[{"embeddable":true,"href":"https:\/\/kulturweit.blog\/srilanka2012\/wp-json\/wp\/v2\/users\/680"}],"replies":[{"embeddable":true,"href":"https:\/\/kulturweit.blog\/srilanka2012\/wp-json\/wp\/v2\/comments?post=288"}],"version-history":[{"count":1,"href":"https:\/\/kulturweit.blog\/srilanka2012\/wp-json\/wp\/v2\/pages\/288\/revisions"}],"predecessor-version":[{"id":627,"href":"https:\/\/kulturweit.blog\/srilanka2012\/wp-json\/wp\/v2\/pages\/288\/revisions\/627"}],"wp:attachment":[{"href":"https:\/\/kulturweit.blog\/srilanka2012\/wp-json\/wp\/v2\/media?parent=288"}],"curies":[{"name":"wp","href":"https:\/\/api.w.org\/{rel}","templated":true}]}}