{"id":200,"date":"2012-03-20T20:51:58","date_gmt":"2012-03-20T15:21:58","guid":{"rendered":"https:\/\/kulturweit.blog\/srilanka2012\/?page_id=200"},"modified":"2012-03-28T09:07:17","modified_gmt":"2012-03-28T03:37:17","slug":"about-me","status":"publish","type":"page","link":"https:\/\/kulturweit.blog\/srilanka2012\/about-me\/","title":{"rendered":"about: me"},"content":{"rendered":"<p>Sag mir wo du wohnst, und ich sag dir wer du bist. Dieser oder \u00e4hnliche S\u00e4tze sind mir in den letzten Jahren h\u00e4ufiger begegnet. Also, probieren wir es doch einmal aus:<br \/>\nIch wohne seit dem 25. Februar 2012 in Sri Lanka, genauergenommen in Battaramulla, unweit von Colombo. Allerdings wohne ich hier ja erst seit kurzem. Zuvor habe ich unterschiedliche Zeitspannen in Flensburg, Bega (Australien), Bremen, Berlin-Sch\u00f6neberg, Frankfurt-Eschersheim, Sydney (Australien), Wetzlar und Gie\u00dfen verbracht.<\/p>\n<p>Und, schon herausgefunden, wer ich bin? Nein? Gut so, denn ich bin in Wirklichkeit \u00fcberhaupt kein Fan von solchen Verallgemeinerungen. Als Person mit einem Bachelor in Psychologie und einem Master in Friedens- und Konfliktforschung, halte ich sowieso nicht besonders viel vom Schubladendenken.<\/p>\n<p>Aber nun endlich zu mir, und noch viel wichtiger: zu dem was ich hier eigentlich tue! Ich hei\u00dfe Anna, bin 24 Jahre alt und komme urspr\u00fcnglich aus Flensburg im sch\u00f6nen Norden Deutschlands. Derzeit wohne ich in Battaramulla, Sri Lanka und bin als \u00bbkulturweit\u00ab-Freiwillige bei der Sri Lanka National Commission for UNESCO t\u00e4tig. Alles zu \u00bbkulturweit\u00ab erfahrt ihr <a href=\"https:\/\/kulturweit.blog\/was-ist-kulturweit\/\">hier<\/a>.<\/p>\n<p>Die Sri Lanka National Commission for UNESCO (SLNCU) hat normalerweise ein Team von elf Mitarbeiterinnen und Mitarbeitern: den Generalsekret\u00e4r, drei Programme Officers, die die vier Bereiche der UNESCO bearbeiten, drei Verwaltungs- und Buchhaltungskr\u00e4fte, zwei Assistentinnen\/Praktikantinnen, einen Fahrer und eine Angestellte f\u00fcr das Housekeeping. Ich werde &#8211; so wie es derzeit aussieht &#8211; vor allem den Generalsekret\u00e4r und die zust\u00e4ndige Referentin f\u00fcr die Bereiche Bildung f\u00fcr Nachhaltige Entwicklung (Education for (Peace and) Sustainable Development (ESD)) und Immaterielles Kulturerbe (Intangible Cultural Heritage (ICH)) unterst\u00fctzen. F\u00fcr den Einstieg erstelle ich aber zun\u00e4chst den Jahresbericht f\u00fcr 2011 und verschaffe mir dabei gleich einen \u00dcberblick \u00fcber den aktuellen Stand der Dinge.<\/p>\n<p>Meine Arbeit besteht zum gr\u00f6\u00dften Teil aus b\u00fcrokratischen Aufgaben: Ausarbeitung von Berichten, Briefings, Protokollen, etc.; Sitzungen mit verschiedenen Ministerien zum Thema ESD, Planung eines Workshops mit Vertretern der involvierten Ministerien, Ausarbeitung eines detaillierten Aktionsplanes f\u00fcr ICH, inklusive Logical Framework und so weiter und so fort&#8230; F\u00fcr die meisten Menschen mag das alles nicht besonders spannend klingen. F\u00fcr mich ist diese Arbeit aber nicht nur spannend, sondern auch ziemlich genau das, was ich mir erhofft hatte. Hier bekomme ich Einblicke in die Arbeit in und mit Ministerien und sammle weitere praktische Erfahrung in der Projektarbeit und -betreuung, und das in Sri Lanka. Dies sind Erfahrungen von unsch\u00e4tzbarem Wert, sollte ich tats\u00e4chlich einmal l\u00e4ngerfristig im internationalen Feld t\u00e4tig werden. Und nicht zuletzt bietet mir dieses Jahr die M\u00f6glichkeit, einmal auszuprobieren, ob solch ein Leben wirklich etwas f\u00fcr mich ist. Mit allen H\u00f6hen und Tiefen, Herausforderungen und \u00dcberraschungen.<\/p>\n<p>&nbsp;<\/p>\n<p>&nbsp;<\/p>\n","protected":false},"excerpt":{"rendered":"<p>Sag mir wo du wohnst, und ich sag dir wer du bist. Dieser oder \u00e4hnliche S\u00e4tze sind mir in den letzten Jahren h\u00e4ufiger begegnet. Also, probieren wir es doch einmal aus: Ich wohne seit dem 25. Februar 2012 in Sri &hellip; <a href=\"https:\/\/kulturweit.blog\/srilanka2012\/about-me\/\">Weiterlesen <span class=\"meta-nav\">&rarr;<\/span><\/a><\/p>\n","protected":false},"author":680,"featured_media":0,"parent":0,"menu_order":0,"comment_status":"open","ping_status":"open","template":"","meta":{"footnotes":""},"class_list":["post-200","page","type-page","status-publish","hentry"],"amp_enabled":true,"_links":{"self":[{"href":"https:\/\/kulturweit.blog\/srilanka2012\/wp-json\/wp\/v2\/pages\/200"}],"collection":[{"href":"https:\/\/kulturweit.blog\/srilanka2012\/wp-json\/wp\/v2\/pages"}],"about":[{"href":"https:\/\/kulturweit.blog\/srilanka2012\/wp-json\/wp\/v2\/types\/page"}],"author":[{"embeddable":true,"href":"https:\/\/kulturweit.blog\/srilanka2012\/wp-json\/wp\/v2\/users\/680"}],"replies":[{"embeddable":true,"href":"https:\/\/kulturweit.blog\/srilanka2012\/wp-json\/wp\/v2\/comments?post=200"}],"version-history":[{"count":0,"href":"https:\/\/kulturweit.blog\/srilanka2012\/wp-json\/wp\/v2\/pages\/200\/revisions"}],"wp:attachment":[{"href":"https:\/\/kulturweit.blog\/srilanka2012\/wp-json\/wp\/v2\/media?parent=200"}],"curies":[{"name":"wp","href":"https:\/\/api.w.org\/{rel}","templated":true}]}}