{"id":33,"date":"2025-09-17T10:58:54","date_gmt":"2025-09-17T08:58:54","guid":{"rendered":"https:\/\/kulturweit.blog\/rikeindermongolei\/?page_id=33"},"modified":"2025-10-01T10:24:15","modified_gmt":"2025-10-01T02:24:15","slug":"ueber-mich","status":"publish","type":"page","link":"https:\/\/kulturweit.blog\/rikeindermongolei\/ueber-mich\/","title":{"rendered":"\u00dcber mich"},"content":{"rendered":"<p>Hallihallo meine Lieben,<\/p>\n<p>hier ist Friederike und ich freue mich, dass ihr meinen Blog gefunden habt \ud83d\ude42<\/p>\n<p>Ich darf f\u00fcr die n\u00e4chsten sechs Monate als Teil des UNESCO-Naturfreiwilligendienst von kulturweit im Khuvsgul Lake Biosph\u00e4renreservat in der Mongolei arbeiten.<\/p>\n<p>Ich freue mich sehr auf die kommende Zeit und werde versuchen, hier regelm\u00e4\u00dfig zu schreiben. Alle Interessierten sind herzlich eingeladen, an meiner Reise teilzunehmen.<\/p>\n<p>Liebe Gr\u00fc\u00dfe, Eure Rike<\/p>\n","protected":false},"excerpt":{"rendered":"<p>Hallihallo meine Lieben, hier ist Friederike und ich freue mich, dass ihr meinen Blog gefunden habt \ud83d\ude42 Ich darf f\u00fcr die n\u00e4chsten sechs Monate als Teil des UNESCO-Naturfreiwilligendienst von kulturweit im Khuvsgul Lake Biosph\u00e4renreservat in der Mongolei arbeiten. Ich freue mich sehr auf die kommende Zeit und werde versuchen, hier regelm\u00e4\u00dfig zu schreiben. Alle Interessierten &hellip; <span class=\"more-link\"><a href=\"https:\/\/kulturweit.blog\/rikeindermongolei\/ueber-mich\/\">Mehr lesen &raquo;<\/a><\/span><\/p>\n","protected":false},"author":3336,"featured_media":0,"parent":0,"menu_order":0,"comment_status":"closed","ping_status":"closed","template":"","meta":{"footnotes":""},"class_list":["post-33","page","type-page","status-publish","hentry"],"amp_enabled":true,"_links":{"self":[{"href":"https:\/\/kulturweit.blog\/rikeindermongolei\/wp-json\/wp\/v2\/pages\/33"}],"collection":[{"href":"https:\/\/kulturweit.blog\/rikeindermongolei\/wp-json\/wp\/v2\/pages"}],"about":[{"href":"https:\/\/kulturweit.blog\/rikeindermongolei\/wp-json\/wp\/v2\/types\/page"}],"author":[{"embeddable":true,"href":"https:\/\/kulturweit.blog\/rikeindermongolei\/wp-json\/wp\/v2\/users\/3336"}],"replies":[{"embeddable":true,"href":"https:\/\/kulturweit.blog\/rikeindermongolei\/wp-json\/wp\/v2\/comments?post=33"}],"version-history":[{"count":3,"href":"https:\/\/kulturweit.blog\/rikeindermongolei\/wp-json\/wp\/v2\/pages\/33\/revisions"}],"predecessor-version":[{"id":107,"href":"https:\/\/kulturweit.blog\/rikeindermongolei\/wp-json\/wp\/v2\/pages\/33\/revisions\/107"}],"wp:attachment":[{"href":"https:\/\/kulturweit.blog\/rikeindermongolei\/wp-json\/wp\/v2\/media?parent=33"}],"curies":[{"name":"wp","href":"https:\/\/api.w.org\/{rel}","templated":true}]}}