{"id":6,"date":"2012-01-10T12:31:59","date_gmt":"2012-01-10T11:31:59","guid":{"rendered":"https:\/\/kulturweit.blog\/pylauri\/?page_id=6"},"modified":"2012-06-11T18:06:26","modified_gmt":"2012-06-11T15:06:26","slug":"uber-mich","status":"publish","type":"page","link":"https:\/\/kulturweit.blog\/pylauri\/uber-mich\/","title":{"rendered":"Ich&#8230;"},"content":{"rendered":"<p>&#8230;, Laura aus Schwarzheide, 23 Jahre alt, darf mich seit Dezember 2011 endlich Bachelor of Arts in International Cultural and Business Studies oder schlicht Bachelor der Kulturwirtschaft nennen. Darauf hatte ich seit Oktober 2007 an der wundervollen Univerist\u00e4t Passau hingearbeitet, allerdings mit einer kleinen Unterbrechung (Praktika beim <em>K\u00f6nigsberger Express<\/em> in Kaliningrad\/Russland und im Staatstheater Cottbus 2010) und nat\u00fcrlich mit vielen H\u00f6hen und Tiefen. Diese waren auch sprachlicher Natur, kam ich doch als s\u00fcdbrandenburgisches Provinzm\u00e4dchen direkt nach dem Abitur in das tiefste Niederbayern, wo ich anfangs so meine Verst\u00e4ndnisprobleme hatte. Jetzt nach knapp vier Jahren w\u00fcrde ich aber von mir behaupten, dass ich zumindest in Bayerisch-H\u00f6rverstehen sehr gute Kenntnisse habe.<\/p>\n<p>Bevor ich mich allerdings nach dem Bachelor in ein noch unbekanntes Masterstudium st\u00fcrze werde,\u00a0 sammle ich noch ein Jahr lang Arbeits- bzw. Auslandserfahrungen. Ab September 2011 war ich f\u00fcr f\u00fcnf Monate Praktikantin bei der Akademie Schloss Solitude in Stuttgart und konnte erstmals mit meinem Freund zusammenziehen &#8211; nach f\u00fcnf Jahren Fernbeziehung ein wirklich tolles Erlebnis. Es bedeutet aber leider auch, dass es mir vielleicht schwerer fallen wird als beim letzten Auslandsaufenthalt, ihn in Deutschland zur\u00fcckzulassen. Genauso wie ich auch meine Nichte und meine zwei Neffen und nat\u00fcrlich den Rest meiner Familie sehr vermissen werde. Doch genug Wehmut, ich freu mich total auf das kommende halbe Jahr in Riga und hoffe, viele neue interessante Menschen und Orte kennenzulernen! \ud83d\ude42<\/p>\n","protected":false},"excerpt":{"rendered":"<p>&#8230;, Laura aus Schwarzheide, 23 Jahre alt, darf mich seit Dezember 2011 endlich Bachelor of Arts in International Cultural and Business Studies oder schlicht Bachelor der Kulturwirtschaft nennen. Darauf hatte ich seit Oktober 2007 an der wundervollen Univerist\u00e4t Passau hingearbeitet, &hellip; <a href=\"https:\/\/kulturweit.blog\/pylauri\/uber-mich\/\">Weiterlesen <span class=\"meta-nav\">&rarr;<\/span><\/a><\/p>\n","protected":false},"author":670,"featured_media":163,"parent":0,"menu_order":0,"comment_status":"open","ping_status":"open","template":"showcase.php","meta":{"footnotes":""},"class_list":["post-6","page","type-page","status-publish","has-post-thumbnail","hentry","has-featured-image"],"amp_enabled":false,"_links":{"self":[{"href":"https:\/\/kulturweit.blog\/pylauri\/wp-json\/wp\/v2\/pages\/6"}],"collection":[{"href":"https:\/\/kulturweit.blog\/pylauri\/wp-json\/wp\/v2\/pages"}],"about":[{"href":"https:\/\/kulturweit.blog\/pylauri\/wp-json\/wp\/v2\/types\/page"}],"author":[{"embeddable":true,"href":"https:\/\/kulturweit.blog\/pylauri\/wp-json\/wp\/v2\/users\/670"}],"replies":[{"embeddable":true,"href":"https:\/\/kulturweit.blog\/pylauri\/wp-json\/wp\/v2\/comments?post=6"}],"version-history":[{"count":1,"href":"https:\/\/kulturweit.blog\/pylauri\/wp-json\/wp\/v2\/pages\/6\/revisions"}],"predecessor-version":[{"id":36,"href":"https:\/\/kulturweit.blog\/pylauri\/wp-json\/wp\/v2\/pages\/6\/revisions\/36"}],"wp:featuredmedia":[{"embeddable":true,"href":"https:\/\/kulturweit.blog\/pylauri\/wp-json\/wp\/v2\/media\/163"}],"wp:attachment":[{"href":"https:\/\/kulturweit.blog\/pylauri\/wp-json\/wp\/v2\/media?parent=6"}],"curies":[{"name":"wp","href":"https:\/\/api.w.org\/{rel}","templated":true}]}}