{"id":46,"date":"2012-01-12T09:32:08","date_gmt":"2012-01-12T08:32:08","guid":{"rendered":"https:\/\/kulturweit.blog\/pylauri\/?page_id=46"},"modified":"2012-01-31T10:01:21","modified_gmt":"2012-01-31T09:01:21","slug":"home","status":"publish","type":"page","link":"https:\/\/kulturweit.blog\/pylauri\/home\/","title":{"rendered":"Laipni l\u016bdzam!"},"content":{"rendered":"<div>\nWillkommen auf (m)einem \u00bbkulturweit\u00ab Blog!<\/p>\n<p>In genau 43 Tagen, am 24.2.2012, beginnt f\u00fcr mich ein neuer, spannender Lebensabschnitt, den ich gute f\u00fcnf Monate beim DAAD in Lettlands Hauptstadt Riga verbringen werde. Ja, Riga liegt in Lettland, nicht in Estland oder Litauen. Aber ich gebe zu, aus dem Stegreif, also ganz ohne Wikipedia, h\u00e4tte ich das auch nicht gewusst. \ud83d\ude09<br \/>\nEs zieht mich also wieder einmal ins Baltikum, und wieder einmal habe ich es (leider) geschafft, ein anderes Land au\u00dfen vor zu lassen: Litauen. Verbrachte ich 2010 noch drei Monate s\u00fcdwestlich im Kaliningrader Gebiet, so begebe ich mich im Februar in die Gegend n\u00f6rdlich davon. Dieser einfachen Logik folgend und da doch aller guten Dinge drei sind, m\u00fcsste mich ein m\u00f6glicher weiterer Auslandsaufenthalt also dann endlich mal nach Litauen verschlagen. Bis es soweit ist, werde ich aber erst noch aufregende, interessante, einzigartige und eventuell gar wegweisende Wochen und Monate in Riga und Umgebung erleben. Wie es mir dabei ergeht, erfahrt ihr auf diesem Blog \u2013 durch regelm\u00e4\u00dfige Berichte, Fotos und Videos, die stets auf eure (qualifizierten) Kommentare warten!<\/p>\n<\/div>\n","protected":false},"excerpt":{"rendered":"<p>Willkommen auf (m)einem \u00bbkulturweit\u00ab Blog! In genau 43 Tagen, am 24.2.2012, beginnt f\u00fcr mich ein neuer, spannender Lebensabschnitt, den ich gute f\u00fcnf Monate beim DAAD in Lettlands Hauptstadt Riga verbringen werde. Ja, Riga liegt in Lettland, nicht in Estland oder &hellip; <a href=\"https:\/\/kulturweit.blog\/pylauri\/home\/\">Weiterlesen <span class=\"meta-nav\">&rarr;<\/span><\/a><\/p>\n","protected":false},"author":670,"featured_media":0,"parent":0,"menu_order":0,"comment_status":"open","ping_status":"open","template":"","meta":{"footnotes":""},"class_list":["post-46","page","type-page","status-publish","hentry"],"amp_enabled":true,"_links":{"self":[{"href":"https:\/\/kulturweit.blog\/pylauri\/wp-json\/wp\/v2\/pages\/46"}],"collection":[{"href":"https:\/\/kulturweit.blog\/pylauri\/wp-json\/wp\/v2\/pages"}],"about":[{"href":"https:\/\/kulturweit.blog\/pylauri\/wp-json\/wp\/v2\/types\/page"}],"author":[{"embeddable":true,"href":"https:\/\/kulturweit.blog\/pylauri\/wp-json\/wp\/v2\/users\/670"}],"replies":[{"embeddable":true,"href":"https:\/\/kulturweit.blog\/pylauri\/wp-json\/wp\/v2\/comments?post=46"}],"version-history":[{"count":0,"href":"https:\/\/kulturweit.blog\/pylauri\/wp-json\/wp\/v2\/pages\/46\/revisions"}],"wp:attachment":[{"href":"https:\/\/kulturweit.blog\/pylauri\/wp-json\/wp\/v2\/media?parent=46"}],"curies":[{"name":"wp","href":"https:\/\/api.w.org\/{rel}","templated":true}]}}