{"id":406,"date":"2012-05-05T08:46:35","date_gmt":"2012-05-05T06:46:35","guid":{"rendered":"https:\/\/kulturweit.blog\/projekte\/?page_id=406"},"modified":"2012-06-15T11:52:47","modified_gmt":"2012-06-15T09:52:47","slug":"meine-projektberichte","status":"publish","type":"page","link":"https:\/\/kulturweit.blog\/projekte\/meine-projektberichte\/","title":{"rendered":"Meine Projektberichte"},"content":{"rendered":"<p>Hier hast du die M\u00f6glichkeit, deine Projekte \u00f6ffentlich zu pr\u00e4sentieren. Im folgenden siehst du eine \u00dcbersicht aller Projektberichte, die du bisher ver\u00f6ffentlicht hast. Du kannst sie bearbeiten oder l\u00f6schen und einen <a title=\"Projektbericht einreichen\" href=\"https:\/\/kulturweit.blog\/projekte\/projektbericht-einreichen\/\">neuen Projektbericht<\/a> schreiben.<\/p>\n<p>[wpuf_dashboard]<\/p>\n","protected":false},"excerpt":{"rendered":"<p>Hier hast du die M\u00f6glichkeit, deine Projekte \u00f6ffentlich zu pr\u00e4sentieren. Im folgenden siehst du eine \u00dcbersicht aller Projektberichte, die du bisher ver\u00f6ffentlicht hast. Du kannst sie bearbeiten oder l\u00f6schen und einen neuen Projektbericht schreiben. [wpuf_dashboard]<\/p>\n","protected":false},"author":1,"featured_media":0,"parent":0,"menu_order":0,"comment_status":"closed","ping_status":"closed","template":"sidebar-page.php","meta":{"footnotes":""},"class_list":["post-406","page","type-page","status-publish","hentry"],"amp_enabled":false,"_links":{"self":[{"href":"https:\/\/kulturweit.blog\/projekte\/wp-json\/wp\/v2\/pages\/406"}],"collection":[{"href":"https:\/\/kulturweit.blog\/projekte\/wp-json\/wp\/v2\/pages"}],"about":[{"href":"https:\/\/kulturweit.blog\/projekte\/wp-json\/wp\/v2\/types\/page"}],"author":[{"embeddable":true,"href":"https:\/\/kulturweit.blog\/projekte\/wp-json\/wp\/v2\/users\/1"}],"replies":[{"embeddable":true,"href":"https:\/\/kulturweit.blog\/projekte\/wp-json\/wp\/v2\/comments?post=406"}],"version-history":[{"count":1,"href":"https:\/\/kulturweit.blog\/projekte\/wp-json\/wp\/v2\/pages\/406\/revisions"}],"predecessor-version":[{"id":409,"href":"https:\/\/kulturweit.blog\/projekte\/wp-json\/wp\/v2\/pages\/406\/revisions\/409"}],"wp:attachment":[{"href":"https:\/\/kulturweit.blog\/projekte\/wp-json\/wp\/v2\/media?parent=406"}],"curies":[{"name":"wp","href":"https:\/\/api.w.org\/{rel}","templated":true}]}}