{"id":387,"date":"2014-05-05T17:05:58","date_gmt":"2014-05-05T15:05:58","guid":{"rendered":"https:\/\/kulturweit.blog\/pragundich\/?page_id=387"},"modified":"2014-05-20T20:25:23","modified_gmt":"2014-05-20T18:25:23","slug":"pragbilder","status":"publish","type":"page","link":"https:\/\/kulturweit.blog\/pragundich\/pragbilder\/","title":{"rendered":"Pragbilder"},"content":{"rendered":"<p>Zum Abitur haben meine Eltern mir eine Spiegelreflexkamera geschenkt, die ich w\u00e4hrend meines FSJ exzessiv genutzt habe. Hier werdet ihr bald eine \u00dcbersicht aller Fotos finden, die ich in und von Prag, meiner Schule und anderen tschechischen St\u00e4den geschossen habe. Ich r\u00e4ume gerade eh meine Festplatte auf und m\u00f6chte nat\u00fcrlich meine Lieblingsfotos nicht weiter dort verstecken.<\/p>\n<p><a href=\"https:\/\/kulturweit.blog\/pragundich\/?p=391\" target=\"_blank\"><img loading=\"lazy\" decoding=\"async\" class=\"alignleft wp-image-398\" src=\"https:\/\/kulturweit.blog\/pragundich\/files\/2014\/05\/DSC_2541n-300x201.jpg\" alt=\"Konrad-Brauerei\" width=\"156\" height=\"105\" srcset=\"https:\/\/kulturweit.blog\/pragundich\/files\/2014\/05\/DSC_2541n-300x201.jpg 300w, https:\/\/kulturweit.blog\/pragundich\/files\/2014\/05\/DSC_2541n-640x429.jpg 640w, https:\/\/kulturweit.blog\/pragundich\/files\/2014\/05\/DSC_2541n.jpg 1024w\" sizes=\"(max-width: 156px) 100vw, 156px\" \/><\/a><\/p>\n<p>&nbsp;<\/p>\n<p style=\"text-align: left\"><span style=\"color: #ffffff\">.<\/span>Im Dezember 2010 war ich in <a title=\"Ausflug nach Liberec 12.2010\" href=\"https:\/\/kulturweit.blog\/pragundich\/?p=391\" target=\"_blank\">Liberec<\/a>,<br \/>\n<span style=\"color: #ffffff\">.<\/span>etwa 100 km nord\u00f6stlich von Prag.<\/p>\n<p style=\"text-align: left\"><span style=\"color: #ffffff\">.<\/span><\/p>\n<hr \/>\n<p style=\"text-align: left\"><a href=\"https:\/\/kulturweit.blog\/pragundich\/?p=439\"><img loading=\"lazy\" decoding=\"async\" class=\"alignleft wp-image-424\" src=\"https:\/\/kulturweit.blog\/pragundich\/files\/2014\/05\/DSC_3514n-300x201.jpg\" alt=\"Beschriftung\" width=\"156\" height=\"104\" srcset=\"https:\/\/kulturweit.blog\/pragundich\/files\/2014\/05\/DSC_3514n-300x201.jpg 300w, https:\/\/kulturweit.blog\/pragundich\/files\/2014\/05\/DSC_3514n-640x429.jpg 640w, https:\/\/kulturweit.blog\/pragundich\/files\/2014\/05\/DSC_3514n.jpg 1024w\" sizes=\"(max-width: 156px) 100vw, 156px\" \/><\/a><span style=\"color: #ffffff\">.<\/span><\/p>\n<p><span style=\"color: #ffffff\">.<\/span>Zusammen mit meiner Mitfreiwilligen Rebecca, die ein halbes Jahr in Budweis war, unternahm ich im <span style=\"color: #ffffff\">.<\/span>Feburar 2011 eine sehr abenteuerliche Fahrt nach <a title=\"02.2011 \u2013 Ausflug nach \u010cesk\u00fd Krumlov\" href=\"https:\/\/kulturweit.blog\/pragundich\/?p=439\" target=\"_blank\">\u010cesk\u00fd Krumlov<\/a>.<\/p>\n<p>&nbsp;<\/p>\n","protected":false},"excerpt":{"rendered":"<p>Zum Abitur haben meine Eltern mir eine Spiegelreflexkamera geschenkt, die ich w\u00e4hrend meines FSJ exzessiv genutzt habe. Hier werdet ihr bald eine \u00dcbersicht aller Fotos finden, die ich in und von Prag, meiner Schule und anderen tschechischen St\u00e4den geschossen habe. Ich r\u00e4ume gerade eh meine Festplatte auf und m\u00f6chte nat\u00fcrlich meine Lieblingsfotos nicht weiter dort [&hellip;]<\/p>\n","protected":false},"author":311,"featured_media":388,"parent":0,"menu_order":0,"comment_status":"open","ping_status":"open","template":"","meta":{"footnotes":""},"class_list":["post-387","page","type-page","status-publish","hentry"],"amp_enabled":true,"_links":{"self":[{"href":"https:\/\/kulturweit.blog\/pragundich\/wp-json\/wp\/v2\/pages\/387"}],"collection":[{"href":"https:\/\/kulturweit.blog\/pragundich\/wp-json\/wp\/v2\/pages"}],"about":[{"href":"https:\/\/kulturweit.blog\/pragundich\/wp-json\/wp\/v2\/types\/page"}],"author":[{"embeddable":true,"href":"https:\/\/kulturweit.blog\/pragundich\/wp-json\/wp\/v2\/users\/311"}],"replies":[{"embeddable":true,"href":"https:\/\/kulturweit.blog\/pragundich\/wp-json\/wp\/v2\/comments?post=387"}],"version-history":[{"count":1,"href":"https:\/\/kulturweit.blog\/pragundich\/wp-json\/wp\/v2\/pages\/387\/revisions"}],"predecessor-version":[{"id":406,"href":"https:\/\/kulturweit.blog\/pragundich\/wp-json\/wp\/v2\/pages\/387\/revisions\/406"}],"wp:featuredmedia":[{"embeddable":true,"href":"https:\/\/kulturweit.blog\/pragundich\/wp-json\/wp\/v2\/media\/388"}],"wp:attachment":[{"href":"https:\/\/kulturweit.blog\/pragundich\/wp-json\/wp\/v2\/media?parent=387"}],"curies":[{"name":"wp","href":"https:\/\/api.w.org\/{rel}","templated":true}]}}