{"id":271,"date":"2014-04-29T22:25:34","date_gmt":"2014-04-29T20:25:34","guid":{"rendered":"https:\/\/kulturweit.blog\/pragundich\/?page_id=271"},"modified":"2014-04-29T23:23:23","modified_gmt":"2014-04-29T21:23:23","slug":"sprachcrashkurs","status":"publish","type":"page","link":"https:\/\/kulturweit.blog\/pragundich\/sprachcrashkurs\/","title":{"rendered":"Sprachcrashkurs"},"content":{"rendered":"<p>Um sie an euch weiterzugeben und sie selber nie zu vergessen: alle wichtigen, lustigen, kuriosen weil einfach so \u00e4hnlich Vokabeln und S\u00e4tze, die ich bei meiner Sprachlehrerin, mit meinen Sch\u00fclern im Unterricht, beim Bier mit Freunden oder durch die klassischen, im allgemeinen f\u00fcr die Angesprochenen sehr am\u00fcsanten Alltagssituationen gelernt habe.<\/p>\n<h3> Immer zuerst: begr\u00fc\u00dfen.<\/h3>\n<ul>\n<li>zu Freunden: Ahoj (ruhig das &#8222;o&#8220; sch\u00f6n lang machen), \u010cau (sprich: Ciao, auch &#8222;No \u010cau&#8220; hei\u00dft soviel wie &#8222;Ja Hallo&#8220;), Nazdar (ebenfalls m\u00f6glich: &#8222;No Nazdar&#8220;)<\/li>\n<li>zu allen andren: Dobr\u00fd Den^^<\/li>\n<\/ul>\n<h3> Important Words <\/h3>\n<ul>\n<li> Danke (vielmals \/ sehr)  &#8211; D\u011bkuju (moc \/ mockrat; Vorsicht, das C und das K werden getrennt ausgeprochen, also in etwa so: motzkrat) <\/li>\n<\/ul>\n<h3> F\u00fcr&#8217;s gem\u00fctliche Beisammensein <\/h3>\n<ul>\n<li> Kennt man bestimmt schon: Na zrdav\u00ed (ein \u00b4 hei\u00dft: langgezogener Vokal) &#8211; Prost!<\/li>\n<li> Hier kommt noch was dazu. <\/li>\n<\/ul>\n","protected":false},"excerpt":{"rendered":"<p>Um sie an euch weiterzugeben und sie selber nie zu vergessen: alle wichtigen, lustigen, kuriosen weil einfach so \u00e4hnlich Vokabeln und S\u00e4tze, die ich bei meiner Sprachlehrerin, mit meinen Sch\u00fclern im Unterricht, beim Bier mit Freunden oder durch die klassischen, im allgemeinen f\u00fcr die Angesprochenen sehr am\u00fcsanten Alltagssituationen gelernt habe. Immer zuerst: begr\u00fc\u00dfen. zu Freunden: [&hellip;]<\/p>\n","protected":false},"author":311,"featured_media":0,"parent":0,"menu_order":0,"comment_status":"open","ping_status":"open","template":"","meta":{"footnotes":""},"class_list":["post-271","page","type-page","status-publish","hentry"],"amp_enabled":true,"_links":{"self":[{"href":"https:\/\/kulturweit.blog\/pragundich\/wp-json\/wp\/v2\/pages\/271"}],"collection":[{"href":"https:\/\/kulturweit.blog\/pragundich\/wp-json\/wp\/v2\/pages"}],"about":[{"href":"https:\/\/kulturweit.blog\/pragundich\/wp-json\/wp\/v2\/types\/page"}],"author":[{"embeddable":true,"href":"https:\/\/kulturweit.blog\/pragundich\/wp-json\/wp\/v2\/users\/311"}],"replies":[{"embeddable":true,"href":"https:\/\/kulturweit.blog\/pragundich\/wp-json\/wp\/v2\/comments?post=271"}],"version-history":[{"count":0,"href":"https:\/\/kulturweit.blog\/pragundich\/wp-json\/wp\/v2\/pages\/271\/revisions"}],"wp:attachment":[{"href":"https:\/\/kulturweit.blog\/pragundich\/wp-json\/wp\/v2\/media?parent=271"}],"curies":[{"name":"wp","href":"https:\/\/api.w.org\/{rel}","templated":true}]}}