{"id":127,"date":"2011-03-20T01:35:34","date_gmt":"2011-03-20T00:35:34","guid":{"rendered":"https:\/\/kulturweit.blog\/pragundich\/"},"modified":"2014-07-04T12:22:58","modified_gmt":"2014-07-04T10:22:58","slug":"jmenuju-se-juliane","status":"publish","type":"page","link":"https:\/\/kulturweit.blog\/pragundich\/jmenuju-se-juliane\/","title":{"rendered":"Jmenuju se Julka"},"content":{"rendered":"<h2>Ahoj !<\/h2>\n<p>&#8230;das bedeutet auf Tschechisch: &#8222;Hallo&#8220;.\u00a0Ein bisschen was \u00fcber mich habt ihr vielleicht schon in dieser kleinen Box rechts erfahren. Mein FSJ im Ausland ist zwar mittlerweile schon viel zu lange her, ich schreibe hier aber weiterhin als gl\u00fcckliche &gt;&gt;kulturweit&lt;&lt;-Alumna (ja, das ist der\u00a0feminine Singular\u00a0von &#8222;Alumni&#8220;). Die nachfolgende Timeline lasse ich mal so, wie\u00a0ich sie damals gestaltet habe. Aktuelles findet ihr weiter unten. : )<\/p>\n<table>\n<tbody>\n<tr>\n<td>\n<h3><span style=\"background-color: #9efe9e\"> 05.03.2010 <\/span><\/h3>\n<\/td>\n<td><strong>Zusage von kulturweit<\/strong><\/td>\n<\/tr>\n<tr>\n<td>\n<h3><span style=\"background-color: #9efe9e\">21.06.2010 <\/span><\/h3>\n<\/td>\n<td><strong>Abitur in Baden-Baden<\/strong><\/td>\n<\/tr>\n<tr>\n<td>\n<h3><span style=\"background-color: #9efe9e\">6.-15.9.2010 <\/span><\/h3>\n<\/td>\n<td><strong>Vorbereitungseminar Berlin<\/strong><\/td>\n<\/tr>\n<tr>\n<td colspan=\"2\">\n<h3><span style=\"color: crimson;background-color: papayawhip;font-size: 15pt\">18.9. 2010 &#8211; Ausreise nach Prag &#8211; off to prague<\/span><\/h3>\n<\/td>\n<\/tr>\n<tr>\n<td>\n<h3><span style=\"background-color: #9efe9e\"> 20.09.2010 <\/span><\/h3>\n<\/td>\n<td><strong>erster Arbeitstag im Gymn\u00e1zium Na Pra\u017ea\u010dce, Prag 3<\/strong><\/td>\n<\/tr>\n<tr>\n<td>\n<h3><span style=\"background-color: #9efe9e\"> <strong>24.-28.11.2010 <\/strong><\/span><\/h3>\n<\/td>\n<td><strong>Zwischenseminar in Breslau (Polen)<\/strong><\/td>\n<\/tr>\n<tr>\n<td>\n<h3><span style=\"background-color: #9efe9e\"> <strong>30.06.2011 <\/strong><\/span><\/h3>\n<\/td>\n<td><strong>letzter Arbeitstag.<\/strong><\/td>\n<\/tr>\n<tr>\n<td>\n<h3><span style=\"background-color: #9efe9e\"> <strong>4.8.2011, 6:31 Uhr <\/strong><\/span><\/h3>\n<\/td>\n<td><strong>Abfahrt Zug nach Deutschland<\/strong><\/td>\n<\/tr>\n<tr>\n<td>\n<h3><span style=\"background-color: #9efe9e\"> <strong>1.-5.9.2011 <\/strong><\/span><\/h3>\n<\/td>\n<td><strong>Nachbereitungsseminar am Werbellinsee<\/strong><\/td>\n<\/tr>\n<\/tbody>\n<\/table>\n<p><!--more--><\/p>\n<p>Zur\u00fcck in Deutschland. Auf dem Nachbereitungsseminar: allgemeine Fassungslosigkeit angesichts der Tatsache, dass das Jahr so wahnsinnig schnell vorbei war (und jetzt gerade, im Jahr 2014: entsetzt, wie lange das wirklich schon her ist).<\/p>\n<p>Mittlerweile studiere ich an der Freien Universit\u00e4t Berlin, nachdem ich mir 2 Semester ein-naturwissenschaftliches-Studium-ausprobieren geg\u00f6nnt habe. Als Alumna in Berlin war ich zwar noch nie bei einem Regionalgruppen-Treffen, will das aber demn\u00e4chst angehen. Grillen auf dem Tempelhofer Feld! Wer sagt da nein! Stay tuned.<\/p>\n","protected":false},"excerpt":{"rendered":"<p>Ahoj ! &#8230;das bedeutet auf Tschechisch: &#8222;Hallo&#8220;.\u00a0Ein bisschen was \u00fcber mich habt ihr vielleicht schon in dieser kleinen Box rechts erfahren. Mein FSJ im Ausland ist zwar mittlerweile schon viel zu lange her, ich schreibe hier aber weiterhin als gl\u00fcckliche &gt;&gt;kulturweit&lt;&lt;-Alumna (ja, das ist der\u00a0feminine Singular\u00a0von &#8222;Alumni&#8220;). Die nachfolgende Timeline lasse ich mal so, wie\u00a0ich [&hellip;]<\/p>\n","protected":false},"author":311,"featured_media":165,"parent":0,"menu_order":0,"comment_status":"open","ping_status":"closed","template":"","meta":{"footnotes":""},"class_list":["post-127","page","type-page","status-publish","hentry"],"amp_enabled":true,"_links":{"self":[{"href":"https:\/\/kulturweit.blog\/pragundich\/wp-json\/wp\/v2\/pages\/127"}],"collection":[{"href":"https:\/\/kulturweit.blog\/pragundich\/wp-json\/wp\/v2\/pages"}],"about":[{"href":"https:\/\/kulturweit.blog\/pragundich\/wp-json\/wp\/v2\/types\/page"}],"author":[{"embeddable":true,"href":"https:\/\/kulturweit.blog\/pragundich\/wp-json\/wp\/v2\/users\/311"}],"replies":[{"embeddable":true,"href":"https:\/\/kulturweit.blog\/pragundich\/wp-json\/wp\/v2\/comments?post=127"}],"version-history":[{"count":1,"href":"https:\/\/kulturweit.blog\/pragundich\/wp-json\/wp\/v2\/pages\/127\/revisions"}],"predecessor-version":[{"id":325,"href":"https:\/\/kulturweit.blog\/pragundich\/wp-json\/wp\/v2\/pages\/127\/revisions\/325"}],"wp:featuredmedia":[{"embeddable":true,"href":"https:\/\/kulturweit.blog\/pragundich\/wp-json\/wp\/v2\/media\/165"}],"wp:attachment":[{"href":"https:\/\/kulturweit.blog\/pragundich\/wp-json\/wp\/v2\/media?parent=127"}],"curies":[{"name":"wp","href":"https:\/\/api.w.org\/{rel}","templated":true}]}}