{"id":163,"date":"2010-04-26T10:33:19","date_gmt":"2010-04-26T08:33:19","guid":{"rendered":"https:\/\/kulturweit.blog\/papillon\/?page_id=163"},"modified":"2010-04-26T13:30:23","modified_gmt":"2010-04-26T11:30:23","slug":"twige-lets-learn-kinyarwanda","status":"publish","type":"page","link":"https:\/\/kulturweit.blog\/papillon\/twige-lets-learn-kinyarwanda\/","title":{"rendered":"Twige! Let&#8217;s learn Kinyarwanda!"},"content":{"rendered":"<p>Liebe Blog-Leser, liebe Freunde<\/p>\n<p>Versprochen:\u00a0 Ihr findet auf meiner Seite keine Motivationphrasen zur Frage: &#8222;Warum Kinyarwanda lernen?&#8220; Keine Grammatikeinheiten \u00e0 la Kauderwelsch,\u00a0 keine Werbeanzeigen f\u00fcr\u00a0 diverse Sprachf\u00fchrer und keine wiedergek\u00e4uten\u00a0 Einleitungen \u00fcber die Bantusprachen, deren Eigenheiten oder Verbreitungsgrade&#8230;<\/p>\n<p>Ich m\u00f6chte euch lediglich teilhaben lassen an meinen kleinen t\u00e4glichen Lern-Fortschritten in dieser so wundersch\u00f6nen Sprache&#8230; Zugleich m\u00f6chte ich meinen ruandischen Freunden die M\u00f6glichkeit geben, ihr Englisch oder Deutsch zu vertiefen..denn zu jedem Kinyarwanda-Satz wird es zwei \u00dcbersetzungen geben&#8230; nicht alle astrein vielleicht, aber f\u00fcr&#8217;s Fehler suchen und Verbessern seid IHR doch auch mit zust\u00e4ndig!!!<\/p>\n<p>Ich pers\u00f6nlich lerne lieber\u00a0 ZUSAMMENH\u00c4NGEND als LOSE, lieber nach ALLTAG als nach THEMA,\u00a0 lieber KURIOS als HANDFEST. Daher findet ihr auf dieser Seite diese etwas chaotisch anmutende Form von S\u00e4tzen und Dialogen.. Nach und nach werde ich denen Audiodateien hinzuf\u00fcgen, so dass die Aussprache kein Hinderniss bleibt..<\/p>\n<p>Eure Anregungen und Fragen sind jederzeit willkommen.<\/p>\n<p>Eure Ariane Kamaliza<\/p>\n<p><a href=\"https:\/\/kulturweit.blog\/papillon\/files\/2010\/04\/lessons.jpg\"><img loading=\"lazy\" decoding=\"async\" class=\"aligncenter size-large wp-image-176\" title=\"lessons\" src=\"https:\/\/kulturweit.blog\/papillon\/files\/2010\/04\/lessons-640x480.jpg\" alt=\"\" width=\"510\" height=\"382\" srcset=\"https:\/\/kulturweit.blog\/papillon\/files\/2010\/04\/lessons-640x480.jpg 640w, https:\/\/kulturweit.blog\/papillon\/files\/2010\/04\/lessons-300x225.jpg 300w, https:\/\/kulturweit.blog\/papillon\/files\/2010\/04\/lessons.jpg 648w\" sizes=\"(max-width: 510px) 100vw, 510px\" \/><\/a><\/p>\n<p><strong>TWIGE __ISOMO\u00a0 1___LESSON 1 __1. STUNDE<br \/>\n<\/strong><\/p>\n<p><strong>1.<\/strong><\/p>\n<p style=\"text-align: left\"><span style=\"color: #00ff00\">A_Kinyarwanda: Waramutse.\u00a0 B_Kinyarwanda: Waramutse.<\/span><\/p>\n<p><span style=\"color: #0000ff\">A_English: Good morning. \u00a0 B_English: Good morning<\/span><\/p>\n<p>A_Deutsch: Guten Morgen. \u00a0 B_Deutsch: Guten Morgen<\/p>\n<p><strong>2.1.<\/strong><\/p>\n<p><span style=\"color: #00ff00\">A_K: Amakuru?\u00a0 B_K: Ni meza.<\/span><\/p>\n<p><span style=\"color: #0000ff\">A_E: How are you?\u00a0 B_E: Thanks, I\u2019m fine.<\/span><\/p>\n<p>A_D: Wie gehts? B_D: Danke, gut.<\/p>\n<p><strong>2.2.<\/strong><\/p>\n<p><span style=\"color: #00ff00\">A_K: Witwa nde?\u00a0 B_K: Nitwa Ariane Kamaliza.<\/span><\/p>\n<p><span style=\"color: #0000ff\">A_E: What&#8217;s your name?\u00a0 B_E: My name is Ariane Kamaliza.<\/span><\/p>\n<p>A_D: Wie hei\u00dfen Sie? B_D: Ich hei\u00dfe Ariane Kamaliza.<\/p>\n<p><strong>3.<\/strong><\/p>\n<p><span style=\"color: #00ff00\">A_K. Uvuye he?\u00a0 B_K: Mvuye mu Budage\/Rwanda.<\/span><\/p>\n<p><span style=\"color: #0000ff\">A_E. Where are you from? \u00a0 B_E: I\u2019m from Germany\/Rwanda.<\/span><\/p>\n<p>A_D: Wo kommen Sie her?\u00a0\u00a0 B_D: Ich komme aus Deutschland\/Ruanda<\/p>\n<p><strong>4.1.<\/strong><\/p>\n<p><span style=\"color: #00ff00\">A_K:\u00a0 Ukora hehe? \u00a0 B_K: Nkora muri UNESCO i Remera\/Kigali<\/span><\/p>\n<p><span style=\"color: #0000ff\">A_E: Where do you work?\u00a0\u00a0\u00a0 B_E: I\u2019m working for UNESCO in Remera\/Kigali<\/span><\/p>\n<p>A_D: Wo arbeiten Sie?\u00a0 B_D: Ich arbeite f\u00fcr die UNESCO in Remera\/Kigali<\/p>\n<p><strong>4.2.<\/strong><\/p>\n<p><span style=\"color: #00ff00\">A_K: Ufite akazi? B_K: Oya, ntako mfite. Ndi umunyeshuri.<\/span><\/p>\n<p><span style=\"color: #0000ff\">A_E: Are you working here?\u00a0\u00a0\u00a0 B_E: No, I\u2019m not. I\u2019m student.<\/span><\/p>\n<p>A_D: Arbeiten Sie hier?\u00a0 B_D: Nein. Ich bin Student.<\/p>\n<p><strong>4.3.<\/strong><\/p>\n<p><span style=\"color: #00ff00\">A_K: Wiga hehe?\u00a0\u00a0 B_K: Niga muri kaminuza ya Landau mu budage.<\/span><\/p>\n<p><span style=\"color: #0000ff\">A_E: Where do you study? \u00a0 B_E: I\u2019m studying at University of Landau in Germany<\/span><\/p>\n<p>A_D: Wo studieren Sie? \u00a0 B_D: Ich studiere an der Universit\u00e4t Landau in Deutschland.<\/p>\n<p><strong>5. <\/strong><\/p>\n<p><span style=\"color: #00ff00\">A_K: Umunsi mwiza.\u00a0\u00a0 B_K: Murakoze. Namwe.<\/span><\/p>\n<p><span style=\"color: #0000ff\">A_E: Have a nice day.\u00a0\u00a0\u00a0 B_E: Thanks, you too.<\/span><\/p>\n<p>A_D: Einen sch\u00f6nen Tag noch. \u00a0 B_D: Danke, gleichfalls.<\/p>\n","protected":false},"excerpt":{"rendered":"<p>Liebe Blog-Leser, liebe Freunde Versprochen:\u00a0 Ihr findet auf meiner Seite keine Motivationphrasen zur Frage: &#8222;Warum Kinyarwanda lernen?&#8220; Keine Grammatikeinheiten \u00e0 la Kauderwelsch,\u00a0 keine Werbeanzeigen f\u00fcr\u00a0 diverse Sprachf\u00fchrer und keine wiedergek\u00e4uten\u00a0 Einleitungen \u00fcber die Bantusprachen, deren Eigenheiten oder Verbreitungsgrade&#8230; Ich m\u00f6chte euch lediglich teilhaben lassen an meinen kleinen t\u00e4glichen Lern-Fortschritten in dieser so wundersch\u00f6nen Sprache&#8230; Zugleich [&hellip;]<\/p>\n","protected":false},"author":209,"featured_media":176,"parent":0,"menu_order":0,"comment_status":"open","ping_status":"open","template":"","meta":{"footnotes":""},"class_list":["post-163","page","type-page","status-publish","hentry"],"amp_enabled":true,"_links":{"self":[{"href":"https:\/\/kulturweit.blog\/papillon\/wp-json\/wp\/v2\/pages\/163"}],"collection":[{"href":"https:\/\/kulturweit.blog\/papillon\/wp-json\/wp\/v2\/pages"}],"about":[{"href":"https:\/\/kulturweit.blog\/papillon\/wp-json\/wp\/v2\/types\/page"}],"author":[{"embeddable":true,"href":"https:\/\/kulturweit.blog\/papillon\/wp-json\/wp\/v2\/users\/209"}],"replies":[{"embeddable":true,"href":"https:\/\/kulturweit.blog\/papillon\/wp-json\/wp\/v2\/comments?post=163"}],"version-history":[{"count":1,"href":"https:\/\/kulturweit.blog\/papillon\/wp-json\/wp\/v2\/pages\/163\/revisions"}],"predecessor-version":[{"id":166,"href":"https:\/\/kulturweit.blog\/papillon\/wp-json\/wp\/v2\/pages\/163\/revisions\/166"}],"wp:featuredmedia":[{"embeddable":true,"href":"https:\/\/kulturweit.blog\/papillon\/wp-json\/wp\/v2\/media\/176"}],"wp:attachment":[{"href":"https:\/\/kulturweit.blog\/papillon\/wp-json\/wp\/v2\/media?parent=163"}],"curies":[{"name":"wp","href":"https:\/\/api.w.org\/{rel}","templated":true}]}}