{"id":37,"date":"2020-11-12T12:20:05","date_gmt":"2020-11-12T10:20:05","guid":{"rendered":"https:\/\/kulturweit.blog\/notizenausderwalachei\/?page_id=37"},"modified":"2024-12-06T10:05:10","modified_gmt":"2024-12-06T08:05:10","slug":"ueber-mich","status":"publish","type":"page","link":"https:\/\/kulturweit.blog\/notizenausderwalachei\/ueber-mich\/","title":{"rendered":"\u00dcber mich"},"content":{"rendered":"<p>Hey, ich bin Fynn. Cool, dass du den Weg auf meinen Blog gefunden hast. Hier ein wenig \u00fcber mich:Ich bin 19 Jahre alt, Corona-Abi-Absolvent und komme eigentlich aus Hamburg.\u00a0 \u00dcber kulturweit mache ich jetzt ein halbes Freiwilligenjahr in Bukarest, der Hauptstadt Rum\u00e4niens, nachdem mir zuerst Malawi und dann Moldawien in Aussicht standen. Ich arbeite noch bis Ende M\u00e4rz 2021 an einer ziemlich typischen weiterf\u00fchrenden Schule im zentralen Bukarest &#8211; erstmal nur online &#8211; und helfe im Deutschunterricht der Klassen 6-11.<\/p>\n<p>W\u00e4hrend meiner Zeit in Rum\u00e4nien bin besonders hei\u00df darauf, meine Entdeckungslust zu stillen und m\u00f6glichst viele Orte in diesem und den umlegenden L\u00e4ndern kennenzulernen. Deshalb dieser Blog, hier versuche ich halbwegs regelm\u00e4\u00dfig w\u00f6chentlich \u00fcber die besondersten Orte zu berichten. Abgesehen davon vertreibe ich mir meine Zeit hier durch Lesen, Serien gucken und ganz viel Musik h\u00f6ren.<\/p>\n<p><a href=\"https:\/\/kulturweit.blog\/notizenausderwalachei\/files\/2020\/11\/WhatsApp-Image-2020-11-07-at-15.01.53.jpeg\"><img loading=\"lazy\" decoding=\"async\" class=\" wp-image-43 aligncenter\" src=\"https:\/\/kulturweit.blog\/notizenausderwalachei\/files\/2020\/11\/WhatsApp-Image-2020-11-07-at-15.01.53-300x223.jpeg\" alt=\"\" width=\"330\" height=\"245\" srcset=\"https:\/\/kulturweit.blog\/notizenausderwalachei\/files\/2020\/11\/WhatsApp-Image-2020-11-07-at-15.01.53-300x223.jpeg 300w, https:\/\/kulturweit.blog\/notizenausderwalachei\/files\/2020\/11\/WhatsApp-Image-2020-11-07-at-15.01.53.jpeg 674w\" sizes=\"(max-width: 330px) 100vw, 330px\" \/><\/a><\/p>\n<p>&nbsp;<\/p>\n<p>&nbsp;<\/p>\n","protected":false},"excerpt":{"rendered":"<p>Hey, ich bin Fynn. Cool, dass du den Weg auf meinen Blog gefunden hast. Hier ein wenig \u00fcber mich:Ich bin 19 Jahre alt, Corona-Abi-Absolvent und komme eigentlich aus Hamburg.\u00a0 \u00dcber kulturweit mache ich jetzt ein halbes Freiwilligenjahr in Bukarest, der Hauptstadt Rum\u00e4niens, nachdem mir zuerst Malawi und dann Moldawien in Aussicht standen. Ich arbeite noch &hellip; <a href=\"https:\/\/kulturweit.blog\/notizenausderwalachei\/ueber-mich\/\" class=\"more-link\"><span class=\"screen-reader-text\">\u00dcber mich<\/span> weiterlesen<\/a><\/p>\n","protected":false},"author":2907,"featured_media":0,"parent":0,"menu_order":0,"comment_status":"closed","ping_status":"closed","template":"","meta":{"footnotes":""},"class_list":["post-37","page","type-page","status-publish","hentry"],"amp_enabled":true,"_links":{"self":[{"href":"https:\/\/kulturweit.blog\/notizenausderwalachei\/wp-json\/wp\/v2\/pages\/37"}],"collection":[{"href":"https:\/\/kulturweit.blog\/notizenausderwalachei\/wp-json\/wp\/v2\/pages"}],"about":[{"href":"https:\/\/kulturweit.blog\/notizenausderwalachei\/wp-json\/wp\/v2\/types\/page"}],"author":[{"embeddable":true,"href":"https:\/\/kulturweit.blog\/notizenausderwalachei\/wp-json\/wp\/v2\/users\/2907"}],"replies":[{"embeddable":true,"href":"https:\/\/kulturweit.blog\/notizenausderwalachei\/wp-json\/wp\/v2\/comments?post=37"}],"version-history":[{"count":3,"href":"https:\/\/kulturweit.blog\/notizenausderwalachei\/wp-json\/wp\/v2\/pages\/37\/revisions"}],"predecessor-version":[{"id":239,"href":"https:\/\/kulturweit.blog\/notizenausderwalachei\/wp-json\/wp\/v2\/pages\/37\/revisions\/239"}],"wp:attachment":[{"href":"https:\/\/kulturweit.blog\/notizenausderwalachei\/wp-json\/wp\/v2\/media?parent=37"}],"curies":[{"name":"wp","href":"https:\/\/api.w.org\/{rel}","templated":true}]}}