{"id":2,"date":"2018-12-26T19:04:45","date_gmt":"2018-12-26T18:04:45","guid":{"rendered":"https:\/\/kulturweit.blog\/noainperu\/?page_id=2"},"modified":"2018-12-26T19:04:45","modified_gmt":"2018-12-26T18:04:45","slug":"beispiel-seite","status":"publish","type":"page","link":"https:\/\/kulturweit.blog\/noainperu\/beispiel-seite\/","title":{"rendered":"Beispiel-Seite"},"content":{"rendered":"<p>Dies ist das Beispiel einer statischen Blog-Seite. Du kannst sie bearbeiten und beispielsweise Infos \u00fcber Dich, deinen Freiwilligendienst oder den Blog ver\u00f6ffentlichen. So erfahren deine Leser etwas \u00fcber dich und deine Arbeit. <\/p>\n<p> Du kannst entweder beliebig viele Hauptseiten (wie diese hier) oder Unterseiten, die sich in der Hierarchiestruktur den Hauptseiten unterordnen, anlegen. Du kannst sie auch alle innerhalb deines Blogs \u00e4ndern und verwalten.<\/p>\n","protected":false},"excerpt":{"rendered":"<p>Dies ist das Beispiel einer statischen Blog-Seite. Du kannst sie bearbeiten und beispielsweise Infos \u00fcber Dich, deinen Freiwilligendienst oder den Blog ver\u00f6ffentlichen. So erfahren deine Leser etwas \u00fcber dich und deine Arbeit. Du kannst entweder beliebig viele Hauptseiten (wie diese hier) oder Unterseiten, die sich in der Hierarchiestruktur den Hauptseiten unterordnen, anlegen. Du kannst sie [&hellip;]<\/p>\n","protected":false},"author":2644,"featured_media":0,"parent":0,"menu_order":0,"comment_status":"closed","ping_status":"open","template":"","meta":{"footnotes":""},"class_list":["post-2","page","type-page","status-publish","hentry"],"amp_enabled":true,"_links":{"self":[{"href":"https:\/\/kulturweit.blog\/noainperu\/wp-json\/wp\/v2\/pages\/2"}],"collection":[{"href":"https:\/\/kulturweit.blog\/noainperu\/wp-json\/wp\/v2\/pages"}],"about":[{"href":"https:\/\/kulturweit.blog\/noainperu\/wp-json\/wp\/v2\/types\/page"}],"author":[{"embeddable":true,"href":"https:\/\/kulturweit.blog\/noainperu\/wp-json\/wp\/v2\/users\/2644"}],"replies":[{"embeddable":true,"href":"https:\/\/kulturweit.blog\/noainperu\/wp-json\/wp\/v2\/comments?post=2"}],"version-history":[{"count":0,"href":"https:\/\/kulturweit.blog\/noainperu\/wp-json\/wp\/v2\/pages\/2\/revisions"}],"wp:attachment":[{"href":"https:\/\/kulturweit.blog\/noainperu\/wp-json\/wp\/v2\/media?parent=2"}],"curies":[{"name":"wp","href":"https:\/\/api.w.org\/{rel}","templated":true}]}}