{"id":3,"date":"2022-03-17T20:45:20","date_gmt":"2022-03-17T19:45:20","guid":{"rendered":"https:\/\/kulturweit.blog\/nikolkainchile\/?page_id=3"},"modified":"2022-04-06T21:21:10","modified_gmt":"2022-04-06T19:21:10","slug":"sobre-mi","status":"publish","type":"page","link":"https:\/\/kulturweit.blog\/nikolkainchile\/","title":{"rendered":"\u00dcber mich"},"content":{"rendered":"<p style=\"text-align: center\"><a href=\"https:\/\/kulturweit.blog\/nikolkainchile\/files\/2022\/04\/cropped-Nikolka.jpg\"><img loading=\"lazy\" decoding=\"async\" class=\"alignnone size-medium wp-image-104\" src=\"https:\/\/kulturweit.blog\/nikolkainchile\/files\/2022\/04\/cropped-Nikolka-300x300.jpg\" alt=\"\" width=\"300\" height=\"300\" srcset=\"https:\/\/kulturweit.blog\/nikolkainchile\/files\/2022\/04\/cropped-Nikolka-300x300.jpg 300w, https:\/\/kulturweit.blog\/nikolkainchile\/files\/2022\/04\/cropped-Nikolka-150x150.jpg 150w, https:\/\/kulturweit.blog\/nikolkainchile\/files\/2022\/04\/cropped-Nikolka-270x270.jpg 270w, https:\/\/kulturweit.blog\/nikolkainchile\/files\/2022\/04\/cropped-Nikolka-192x192.jpg 192w, https:\/\/kulturweit.blog\/nikolkainchile\/files\/2022\/04\/cropped-Nikolka-180x180.jpg 180w, https:\/\/kulturweit.blog\/nikolkainchile\/files\/2022\/04\/cropped-Nikolka-100x100.jpg 100w, https:\/\/kulturweit.blog\/nikolkainchile\/files\/2022\/04\/cropped-Nikolka-32x32.jpg 32w, https:\/\/kulturweit.blog\/nikolkainchile\/files\/2022\/04\/cropped-Nikolka.jpg 512w\" sizes=\"(max-width: 300px) 100vw, 300px\" \/><\/a><\/p>\n<p style=\"text-align: left\">Ich bin Nikol und erf\u00fclle mir gerade meinen langj\u00e4hrigen Traum im spanisch-sprachigen Ausland zu Leben und zu Arbeiten. Nachdem ich meine Ausbildung und mein Studium abgeschlossen habe und Berufserfahrung im HR und in der Personalentwicklung gesammelt habe, war es Zeit f\u00fcr einen Haltepunkt. In den letzten sechs Jahren habe ich meinen Traum nicht aus den Augen verloren und immer darauf hingearbeitet. Im Februar 2021 habe ich mich dann f\u00fcr den Freiwilligendienst bei kulturweit beworben. Ein Jahr sp\u00e4ter habe ich meinen festen Job beendet, meine Wohnung gek\u00fcndigt, M\u00f6bel verkauft und mich im M\u00e4rz endlich auf meine langersehnte Reise nach Santiago de Chile begeben. Ich freue mich im Rahmen des Blogs meine Erfahrungen, Eindr\u00fccke und Begegnungen zu teilen. Gleichzeitig kann ich mit dem Schreiben das Erlebte reflektieren und f\u00fcr mich festhalten.<\/p>\n<p>Da Musik eine wichtige Rolle in meinem Leben spielt und mich Lieder an bestimmte Situationen erinnern &#8211; wird es zu jedem Blog-Eintrag auch ein Lied geben. Lasst euch damit noch etwas besser in mein Leben in Santiago mitnehmen. Alle Lieder sammele ich in einer Spotify Playlist &#8211; h\u00f6rt gerne rein f\u00fcr mehr Chile-Vibes.<\/p>\n<p>Ich w\u00fcnsche euch viel Spa\u00df beim Lesen und Mit-Erleben \ud83d\ude42<\/p>\n<p>Soleados Saludos de Santiago de Chile<\/p>\n<p>&nbsp;<\/p>\n","protected":false},"excerpt":{"rendered":"<p>Ich bin Nikol und erf\u00fclle mir gerade meinen langj\u00e4hrigen Traum im spanisch-sprachigen Ausland zu Leben und zu Arbeiten. Nachdem ich meine Ausbildung und mein Studium abgeschlossen habe und Berufserfahrung im HR und in der Personalentwicklung gesammelt habe, war es Zeit &hellip; <a href=\"https:\/\/kulturweit.blog\/nikolkainchile\/\">Weiterlesen<\/a><\/p>\n","protected":false},"author":3023,"featured_media":0,"parent":0,"menu_order":0,"comment_status":"closed","ping_status":"closed","template":"","meta":{"footnotes":""},"class_list":["post-3","page","type-page","status-publish","hentry"],"amp_enabled":false,"_links":{"self":[{"href":"https:\/\/kulturweit.blog\/nikolkainchile\/wp-json\/wp\/v2\/pages\/3"}],"collection":[{"href":"https:\/\/kulturweit.blog\/nikolkainchile\/wp-json\/wp\/v2\/pages"}],"about":[{"href":"https:\/\/kulturweit.blog\/nikolkainchile\/wp-json\/wp\/v2\/types\/page"}],"author":[{"embeddable":true,"href":"https:\/\/kulturweit.blog\/nikolkainchile\/wp-json\/wp\/v2\/users\/3023"}],"replies":[{"embeddable":true,"href":"https:\/\/kulturweit.blog\/nikolkainchile\/wp-json\/wp\/v2\/comments?post=3"}],"version-history":[{"count":3,"href":"https:\/\/kulturweit.blog\/nikolkainchile\/wp-json\/wp\/v2\/pages\/3\/revisions"}],"predecessor-version":[{"id":133,"href":"https:\/\/kulturweit.blog\/nikolkainchile\/wp-json\/wp\/v2\/pages\/3\/revisions\/133"}],"wp:attachment":[{"href":"https:\/\/kulturweit.blog\/nikolkainchile\/wp-json\/wp\/v2\/media?parent=3"}],"curies":[{"name":"wp","href":"https:\/\/api.w.org\/{rel}","templated":true}]}}