{"id":173,"date":"2023-11-22T21:34:32","date_gmt":"2023-11-22T20:34:32","guid":{"rendered":"https:\/\/kulturweit.blog\/nicolasschilling\/?page_id=173"},"modified":"2024-03-20T19:05:51","modified_gmt":"2024-03-20T18:05:51","slug":"startseite","status":"publish","type":"page","link":"https:\/\/kulturweit.blog\/nicolasschilling\/","title":{"rendered":"Hola y bienvenidos"},"content":{"rendered":"<h1 style=\"text-align: center\"><\/h1>\n<p style=\"text-align: left\"><a href=\"https:\/\/kulturweit.blog\/nicolasschilling\/files\/2023\/11\/IMG_06791.jpg\"><img loading=\"lazy\" decoding=\"async\" class=\"size-medium wp-image-203 alignleft\" src=\"https:\/\/kulturweit.blog\/nicolasschilling\/files\/2023\/11\/IMG_06791-300x400.jpg\" alt=\"\" width=\"300\" height=\"400\" srcset=\"https:\/\/kulturweit.blog\/nicolasschilling\/files\/2023\/11\/IMG_06791-300x400.jpg 300w, https:\/\/kulturweit.blog\/nicolasschilling\/files\/2023\/11\/IMG_06791-225x300.jpg 225w, https:\/\/kulturweit.blog\/nicolasschilling\/files\/2023\/11\/IMG_06791.jpg 768w\" sizes=\"(max-width: 300px) 100vw, 300px\" \/><\/a><\/p>\n<p style=\"text-align: left\">\u201cEine Frage: wenn dein ganzes bisheriges Leben ein Auto w\u00e4re, was f\u00fcr eins w\u00e4re es?\u201c<\/p>\n<div class=\"quoteDetails\">\n<div class=\"quoteText\">Ich dachte nach. \u201eKeine Ahnung \u2026 ein Toyota?\u201c<br \/>\n\u201eOkay. Und heute ist es ein aufgemotzter Ford Mustang mit f\u00fcnfhundert PS, den du gerade von einem Parkplatz geklaut hast &#8230; Also, worauf wartest du?\u201d\u2800 \u2800 \u2800 \u2800 \u2800 \u2800 \u2800 \u2800 \u2800 \u2800 \u2800 \u2800 \u2800 \u2800 \u2800 \u2800 \u2800 \u2800 \u2800 \u2800 \u2800 \u2800 \u2800 \u2800 \u2800 \u2800 \u2800 \u2800 \u2800 \u2800 \u2800 \u2800 \u2800 \u2800 \u2800 \u2800 \u2800 \u2800 \u2800 \u2800 \u2800 \u2800 \u2800 \u2800 \u2800 \u2800 \u2800 \u2800 \u2800 \u2800 \u2800 \u2800 \u2800 <a href=\"https:\/\/kulturweit.blog\/nicolasschilling\/files\/2023\/09\/JYPN6496.jpg\"><img loading=\"lazy\" decoding=\"async\" class=\"size-medium wp-image-100 alignright\" src=\"https:\/\/kulturweit.blog\/nicolasschilling\/files\/2023\/09\/JYPN6496-300x169.jpg\" alt=\"\" width=\"300\" height=\"169\" srcset=\"https:\/\/kulturweit.blog\/nicolasschilling\/files\/2023\/09\/JYPN6496-300x169.jpg 300w, https:\/\/kulturweit.blog\/nicolasschilling\/files\/2023\/09\/JYPN6496-768x432.jpg 768w, https:\/\/kulturweit.blog\/nicolasschilling\/files\/2023\/09\/JYPN6496-500x281.jpg 500w, https:\/\/kulturweit.blog\/nicolasschilling\/files\/2023\/09\/JYPN6496.jpg 1024w\" sizes=\"(max-width: 300px) 100vw, 300px\" \/><\/a>\u2800 \u2800 \u2800 \u2800 \u2800 \u2800 \u2800 \u2800 \u2800 \u2800 \u2800 \u2800 \u2800 \u2800 \u2800 \u2800 \u2800 \u2800 \u2800 \u2800 \u2800 \u2800 \u2800 \u2800 \u2800 \u2800 \u2800 \u2800 \u2800 \u2800 \u2800 \u2800 \u2800 \u2800 \u2800 \u2800 \u2800 \u2800 \u2800 \u2800 \u2800 \u2800 \u2800 \u2800 \u2800 \u2800 \u2800 \u2800 \u2800 \u2800 \u2800 \u2800 \u2800<\/div>\n<div class=\"quoteText\">Moin\ud83d\udc4b Das bin Ich; Nico. Meine Stadt Hamburg im Herzen, Neugierde im Blut und gerade in Bolivien. Mit bestem Wissen und Gewissen arbeite ich in La Paz in einer vom Goethe Institut betreuten PASCH Schule.<\/div>\n<\/div>\n<div><a href=\"https:\/\/kulturweit.blog\/nicolasschilling\/files\/2023\/09\/IMG_0077.jpg\"><img loading=\"lazy\" decoding=\"async\" class=\"alignleft wp-image-59 size-medium\" src=\"https:\/\/kulturweit.blog\/nicolasschilling\/files\/2023\/09\/IMG_0077-e1700685095344-300x260.jpg\" alt=\"\" width=\"300\" height=\"260\" srcset=\"https:\/\/kulturweit.blog\/nicolasschilling\/files\/2023\/09\/IMG_0077-e1700685095344-300x260.jpg 300w, https:\/\/kulturweit.blog\/nicolasschilling\/files\/2023\/09\/IMG_0077-e1700685095344-346x300.jpg 346w, https:\/\/kulturweit.blog\/nicolasschilling\/files\/2023\/09\/IMG_0077-e1700685095344.jpg 768w\" sizes=\"(max-width: 300px) 100vw, 300px\" \/><\/a><\/div>\n<p>&nbsp;<\/p>\n<p>In meiner Freizeit stehen jegliche Arten des Sports und vor allem Volleyball weit oben. Doch findet man mich auch auf der Suche nach Erlebnissen, immer unter freundlichen Menschen und gerne mal mit einem k\u00fchlen Bierchen in der Hand.<\/p>\n<p>&nbsp;<\/p>\n<p>&nbsp;<\/p>\n<p>Bolivien auf Instagram: <a href=\"https:\/\/www.instagram.com\/nico_schllng\">https:\/\/www.instagram.com\/nico_schllng<\/a><\/p>\n","protected":false},"excerpt":{"rendered":"<p>\u201cEine Frage: wenn dein ganzes bisheriges Leben ein Auto w\u00e4re, was f\u00fcr eins w\u00e4re es?\u201c Ich dachte nach. \u201eKeine Ahnung \u2026 ein Toyota?\u201c \u201eOkay. Und heute ist es ein aufgemotzter Ford Mustang mit f\u00fcnfhundert PS, den du gerade von einem &hellip; <a href=\"https:\/\/kulturweit.blog\/nicolasschilling\/\">Weiterlesen <span class=\"meta-nav\">&rarr;<\/span><\/a><\/p>\n","protected":false},"author":3207,"featured_media":0,"parent":0,"menu_order":0,"comment_status":"closed","ping_status":"closed","template":"","meta":{"footnotes":""},"class_list":["post-173","page","type-page","status-publish","hentry"],"amp_enabled":false,"_links":{"self":[{"href":"https:\/\/kulturweit.blog\/nicolasschilling\/wp-json\/wp\/v2\/pages\/173"}],"collection":[{"href":"https:\/\/kulturweit.blog\/nicolasschilling\/wp-json\/wp\/v2\/pages"}],"about":[{"href":"https:\/\/kulturweit.blog\/nicolasschilling\/wp-json\/wp\/v2\/types\/page"}],"author":[{"embeddable":true,"href":"https:\/\/kulturweit.blog\/nicolasschilling\/wp-json\/wp\/v2\/users\/3207"}],"replies":[{"embeddable":true,"href":"https:\/\/kulturweit.blog\/nicolasschilling\/wp-json\/wp\/v2\/comments?post=173"}],"version-history":[{"count":4,"href":"https:\/\/kulturweit.blog\/nicolasschilling\/wp-json\/wp\/v2\/pages\/173\/revisions"}],"predecessor-version":[{"id":306,"href":"https:\/\/kulturweit.blog\/nicolasschilling\/wp-json\/wp\/v2\/pages\/173\/revisions\/306"}],"wp:attachment":[{"href":"https:\/\/kulturweit.blog\/nicolasschilling\/wp-json\/wp\/v2\/media?parent=173"}],"curies":[{"name":"wp","href":"https:\/\/api.w.org\/{rel}","templated":true}]}}