{"id":190,"date":"2011-08-02T00:00:20","date_gmt":"2011-08-01T16:00:20","guid":{"rendered":"https:\/\/kulturweit.blog\/mongolei\/?page_id=190"},"modified":"2012-08-04T09:52:47","modified_gmt":"2012-08-04T01:52:47","slug":"musik-der-gefuhle","status":"publish","type":"page","link":"https:\/\/kulturweit.blog\/mongolei\/musik-der-gefuhle\/","title":{"rendered":"Musik der Gef\u00fchle"},"content":{"rendered":"<p>Jeden Monat m\u00f6chte ich auf dieser Seite ein Lied ver\u00f6ffentlichen, welches mich Monat f\u00fcr Monat oder auch \u00f6fter pr\u00e4gt. Mit Musik kann mehr als nur Text vermittelt werden, so zum Beispiel auch Gef\u00fchle. Ich w\u00fcnsche viel Spa\u00df und bin gespannt, welche Sammlung am Ende hier zu Stande kommen wird.<\/p>\n<p><strong>August 2012<\/strong>: Universum (Ich + Ich)<br \/>\nTats\u00e4chlich vergeht ein Jahr wie ein Moment. Der Freiwilligendienst in der Mongolei endet f\u00fcr mich in diesem Monat. Ich bin froh, meine Familie und Freunde in Deutschland wieder zu sehen und bin aber auch sicher, dass ich die Zeit in der Mongolei vermissen und niemals vergessen werde.<\/p>\n<p><iframe loading=\"lazy\" title=\"Ich + Ich - Universum\" width=\"600\" height=\"338\" src=\"https:\/\/www.youtube.com\/embed\/bgvItzPa2jo?feature=oembed\" frameborder=\"0\" allow=\"accelerometer; autoplay; clipboard-write; encrypted-media; gyroscope; picture-in-picture; web-share\" referrerpolicy=\"strict-origin-when-cross-origin\" allowfullscreen><\/iframe><\/p>\n<p><strong>Juli 2012<\/strong>: Ist es wirklich schon so sp\u00e4t? (Paulchen Panther)<br \/>\nMein Aufenthalt in Russland ist viel zu schnell vorbei gegangen. Gerne w\u00e4re ich l\u00e4nger dort geblieben und h\u00e4tte noch mehr gesehen. Die Zeit verging wie im Flug und wird mir aber f\u00fcr immer in Erinnerung bleiben.<\/p>\n<p>http:\/\/www.youtube.com\/watch?v=OxeKnZYH6dA<\/p>\n<p><strong>Juni 2012<\/strong>: Stereo Love (Edward Maya ft. Vika Jigulina)<br \/>\nDieses Lied lief in unserer Playlist w\u00e4hrend der gro\u00dfen Mongolei-Tour. F\u00fcr mich bedeutet es einfach nur gute Stimmung und Erinnerung an die weiten Landschaftsbilder in der Mongolei. Einfach nur gute Laune!<\/p>\n<p><iframe loading=\"lazy\" title=\"Edward Maya ft. Vika Jigulina - Stereo Love\" width=\"600\" height=\"338\" src=\"https:\/\/www.youtube.com\/embed\/pCZ9Cycvqrw?feature=oembed\" frameborder=\"0\" allow=\"accelerometer; autoplay; clipboard-write; encrypted-media; gyroscope; picture-in-picture; web-share\" referrerpolicy=\"strict-origin-when-cross-origin\" allowfullscreen><\/iframe><\/p>\n<p><strong>Mai 2012<\/strong>: Tursin Udriin mend hurgey eejee (Anemone)<br \/>\nHierbei handelt es sich um ein spezielles Geburtstagslied f\u00fcr die Mutter, welches ich aufgrund der Masse an Geburtstagen im Monat Mai sehr oft zu h\u00f6ren bekam.<\/p>\n<p>http:\/\/www.youtube.com\/watch?v=kpTJkZ1NeT4<\/p>\n<p><strong>April 2012<\/strong>: Wenn jetzt Sommer w\u00e4r&#8216; (Pohlmann)<br \/>\nLangsam reicht es mir hier mit dem Schnee und ich m\u00f6chte endlich Sommer und freue mich gerade riesig auf meine gro\u00dfe Tour durch die Mongolei. Genau deswegen pr\u00e4gt mich dieses Lied f\u00fcr den aktuellen Monat.<\/p>\n<p><iframe loading=\"lazy\" title=\"Pohlmann - Wenn jetzt Sommer w\u00e4r (Winterversion)\" width=\"600\" height=\"450\" src=\"https:\/\/www.youtube.com\/embed\/Z9oQSh0-Uu4?feature=oembed\" frameborder=\"0\" allow=\"accelerometer; autoplay; clipboard-write; encrypted-media; gyroscope; picture-in-picture; web-share\" referrerpolicy=\"strict-origin-when-cross-origin\" allowfullscreen><\/iframe><\/p>\n<p><strong>M\u00e4rz 2012<\/strong>: Tawtai noirsooroi (Steppenm\u00e4dchen)<br \/>\nEin Gute-Nacht-Lied auf mongolischer und deutscher Sprache, das vor allem den einw\u00f6chigen Aufenthalt im Ferienlager Nairamdal sehr gepr\u00e4gt hat.<\/p>\n<p><iframe loading=\"lazy\" title=\"Tawtai noirsooroi\" width=\"600\" height=\"450\" src=\"https:\/\/www.youtube.com\/embed\/by4kxO9kuNI?feature=oembed\" frameborder=\"0\" allow=\"accelerometer; autoplay; clipboard-write; encrypted-media; gyroscope; picture-in-picture; web-share\" referrerpolicy=\"strict-origin-when-cross-origin\" allowfullscreen><\/iframe><\/p>\n<p><strong>Februar 2012<\/strong>: Firework (Katy Perry)<br \/>\nJa, ein Feuerwerk &#8230; das sprudelt gerade aus mir heraus. Im Februar waren viele Veranstaltungen, bei denen man sein K\u00f6nnen und seine Kreativit\u00e4t auf unterschiedliche Art und Weise beweisen musste. Auch wenn nicht alle an einen glaubten &#8211; ich habe es ihnen bewiesen.<\/p>\n<p><iframe loading=\"lazy\" title=\"Katy Perry - Firework (Official Music Video)\" width=\"600\" height=\"338\" src=\"https:\/\/www.youtube.com\/embed\/QGJuMBdaqIw?feature=oembed\" frameborder=\"0\" allow=\"accelerometer; autoplay; clipboard-write; encrypted-media; gyroscope; picture-in-picture; web-share\" referrerpolicy=\"strict-origin-when-cross-origin\" allowfullscreen><\/iframe><\/p>\n<p><strong>Januar 2012<\/strong>: Heeriin slhitai Mongol ayalguu (Bold)<br \/>\nEndlich ist es soweit und ein mongolisches Lied wird der Liste hinzugef\u00fcgt. Grund daf\u00fcr ist die Tatsache, dass ich dieses Land immer interessanter finde und mich schon sehr auf die nationalen Feiertage freue. In dem Video wird gezeigt, was den Mongolen an ihrem Land wichtig ist. Tolles Video und tolle Musik!<\/p>\n<p>http:\/\/www.youtube.com\/watch?v=L5-tlB2hdoM<\/p>\n<p><strong>Weihnachten 201<\/strong>1: I&#8217;ll be home for Christmas (Michael Bubl\u00e9)<br \/>\nJa, f\u00fcr Weihnachten bin ich zu Hause &#8211; aber eben nur in meinen Tr\u00e4umen. Mein Mottolied f\u00fcr das Fest der Familie.<\/p>\n<p><iframe loading=\"lazy\" title=\"I&#039;ll be home for Christmas - Michael Buble&#039;\" width=\"600\" height=\"450\" src=\"https:\/\/www.youtube.com\/embed\/E4aA_K2MF5E?feature=oembed\" frameborder=\"0\" allow=\"accelerometer; autoplay; clipboard-write; encrypted-media; gyroscope; picture-in-picture; web-share\" referrerpolicy=\"strict-origin-when-cross-origin\" allowfullscreen><\/iframe><\/p>\n<p><strong>Dezember 2011<\/strong>: Rain Over Me (Pitbull feat. Marc Anthony)<br \/>\nAls Erinnerung an das Zwischenseminar in China und die unvergesslichen Tage wird dieser Song zum Song des Monats gek\u00fcrt. Jeden Tag wurde er mindestens einmal geh\u00f6rt &#8211; vor allem in Hangzhou. Meine Erinnerung an China.<\/p>\n<p><iframe loading=\"lazy\" title=\"Pitbull - Rain Over Me ft. Marc Anthony\" width=\"600\" height=\"338\" src=\"https:\/\/www.youtube.com\/embed\/SmM0653YvXU?feature=oembed\" frameborder=\"0\" allow=\"accelerometer; autoplay; clipboard-write; encrypted-media; gyroscope; picture-in-picture; web-share\" referrerpolicy=\"strict-origin-when-cross-origin\" allowfullscreen><\/iframe><\/p>\n<p><strong>November 2011<\/strong>: Elle Me Dit (Mika)<br \/>\nF\u00fcr diesen Monat habe ich ein franz\u00f6sisches Lied gew\u00e4hlt und zwar aus folgendem Grund: Weil ich eben genau das mache, was sie sagt &#8211; n\u00e4mlich: aus mir herauskommen und mein Leben f\u00fcr mich gestalten und es NICHT vergeuden!<\/p>\n<p><iframe loading=\"lazy\" title=\"MIKA - Elle Me Dit (Clip officiel)\" width=\"600\" height=\"338\" src=\"https:\/\/www.youtube.com\/embed\/NiHWwKC8WjU?feature=oembed\" frameborder=\"0\" allow=\"accelerometer; autoplay; clipboard-write; encrypted-media; gyroscope; picture-in-picture; web-share\" referrerpolicy=\"strict-origin-when-cross-origin\" allowfullscreen><\/iframe><\/p>\n<p><strong>Oktober 2011<\/strong>: Baby (Justin Bieber)<br \/>\nEin spezielles Lied, was ich pers\u00f6nlich eigentlich wirklich nicht mag. Mongolen lieben aber Justin Bieber und praktizieren auch gerne Gymnastik zu diesem Lied, vor allem bei gro\u00dfen Veranstaltungen, siehe Blog-Eintrag vom 20.10.2011.<\/p>\n<p><iframe loading=\"lazy\" title=\"Justin Bieber - Baby ft. Ludacris\" width=\"600\" height=\"338\" src=\"https:\/\/www.youtube.com\/embed\/kffacxfA7G4?feature=oembed\" frameborder=\"0\" allow=\"accelerometer; autoplay; clipboard-write; encrypted-media; gyroscope; picture-in-picture; web-share\" referrerpolicy=\"strict-origin-when-cross-origin\" allowfullscreen><\/iframe><\/p>\n<p><strong>September 2011: <\/strong>Jet Lag (Simple Plan feat. Natasha Bedingfield)<strong><br \/>\n<\/strong>Mit diesen Lied startet die Sammlung. Das Lied dr\u00fcckt f\u00fcr mich gute Laune aus, aber gleichzeitig auch immer den Gedanken an die Heimat. Ein guter Einstieg, wie ich finde.<\/p>\n<p><iframe loading=\"lazy\" title=\"Simple Plan - Jet Lag ft. Natasha Bedingfield (Official Video)\" width=\"600\" height=\"338\" src=\"https:\/\/www.youtube.com\/embed\/ntSBKPkk4m4?feature=oembed\" frameborder=\"0\" allow=\"accelerometer; autoplay; clipboard-write; encrypted-media; gyroscope; picture-in-picture; web-share\" referrerpolicy=\"strict-origin-when-cross-origin\" allowfullscreen><\/iframe><\/p>\n<p>&nbsp;<\/p>\n","protected":false},"excerpt":{"rendered":"<p>Jeden Monat m\u00f6chte ich auf dieser Seite ein Lied ver\u00f6ffentlichen, welches mich Monat f\u00fcr Monat oder auch \u00f6fter pr\u00e4gt. Mit Musik kann mehr als nur Text vermittelt werden, so zum Beispiel auch Gef\u00fchle. Ich w\u00fcnsche viel Spa\u00df und bin gespannt, welche Sammlung am Ende hier zu Stande kommen wird. August 2012: Universum (Ich + Ich) [&hellip;]<\/p>\n","protected":false},"author":619,"featured_media":0,"parent":0,"menu_order":4,"comment_status":"open","ping_status":"open","template":"","meta":{"footnotes":""},"class_list":["post-190","page","type-page","status-publish","hentry"],"amp_enabled":true,"_links":{"self":[{"href":"https:\/\/kulturweit.blog\/mongolei\/wp-json\/wp\/v2\/pages\/190"}],"collection":[{"href":"https:\/\/kulturweit.blog\/mongolei\/wp-json\/wp\/v2\/pages"}],"about":[{"href":"https:\/\/kulturweit.blog\/mongolei\/wp-json\/wp\/v2\/types\/page"}],"author":[{"embeddable":true,"href":"https:\/\/kulturweit.blog\/mongolei\/wp-json\/wp\/v2\/users\/619"}],"replies":[{"embeddable":true,"href":"https:\/\/kulturweit.blog\/mongolei\/wp-json\/wp\/v2\/comments?post=190"}],"version-history":[{"count":1,"href":"https:\/\/kulturweit.blog\/mongolei\/wp-json\/wp\/v2\/pages\/190\/revisions"}],"predecessor-version":[{"id":277,"href":"https:\/\/kulturweit.blog\/mongolei\/wp-json\/wp\/v2\/pages\/190\/revisions\/277"}],"wp:attachment":[{"href":"https:\/\/kulturweit.blog\/mongolei\/wp-json\/wp\/v2\/media?parent=190"}],"curies":[{"name":"wp","href":"https:\/\/api.w.org\/{rel}","templated":true}]}}