{"id":184,"date":"2011-09-28T16:31:37","date_gmt":"2011-09-28T14:31:37","guid":{"rendered":"https:\/\/kulturweit.blog\/mongolei\/?page_id=184"},"modified":"2012-10-17T21:43:53","modified_gmt":"2012-10-17T13:43:53","slug":"mohr","status":"publish","type":"page","link":"https:\/\/kulturweit.blog\/mongolei\/mohr\/","title":{"rendered":"MOHR"},"content":{"rendered":"<p>Vo September 2011 bis August 2012 wurde regelm\u00e4\u00dfig im Bamberger Stadt- und Szenemagazin MOHR \u00fcber mein Leben in der Mongolei berichtet, teilweise durch von mir selbst verfassten Kolumnen. Den MOHR gibt es an vielen Stellen in Bamberg kostenlos.<\/p>\n<p>In der Septemberausgabe wurde bereits auf diese Berichterstattung und auf meinen Blog im Internet hingewiesen. In der Aprilausgabe erschien ein Interview mit mir &#8211; passend zur Halbzeit meines FSJ. Hier auf dieser Seite sind (fast) alle \u201eMongolei-Seiten\u201c aus dem MOHR hochladen.<\/p>\n<p>August: <a href=\"https:\/\/kulturweit.blog\/mongolei\/files\/2011\/09\/MOHR_August.pdf\">MOHR_August<\/a><\/p>\n<p>Mai: <a href=\"https:\/\/kulturweit.blog\/mongolei\/files\/2011\/09\/Mai_Ausschnitt.pdf\">MOHR_Mai<\/a><\/p>\n<p>April (Interview): <a href=\"https:\/\/kulturweit.blog\/mongolei\/files\/2011\/09\/April_Interview.pdf\">MOHR_April<\/a><\/p>\n<p>M\u00e4rz: <a href=\"https:\/\/kulturweit.blog\/mongolei\/files\/2011\/09\/M\u00e4rz_Ausschnitt.pdf\">MOHR_M\u00e4rz<\/a><\/p>\n<p>Februar: <a href=\"https:\/\/kulturweit.blog\/mongolei\/files\/2011\/09\/Februar_Ausschnitt.pdf\">MOHR_Februar<\/a><\/p>\n<p>Im Januar ist kein Mohr erschienen.<\/p>\n<p>Dezember: <a href=\"https:\/\/kulturweit.blog\/mongolei\/files\/2011\/09\/Dezember_Ausschnitt.pdf\">MOHR_Dezember<\/a><\/p>\n<p>November: <a href=\"https:\/\/kulturweit.blog\/mongolei\/files\/2011\/09\/Seiten-aus-moba_109_20+21.pdf\">MOHR_November<\/a><\/p>\n<p>Oktober: <a href=\"https:\/\/kulturweit.blog\/mongolei\/files\/2011\/09\/Oktober_Ausschnitt.pdf\">MOHR_Oktober<\/a><\/p>\n<p>September: <a href=\"https:\/\/kulturweit.blog\/mongolei\/files\/2011\/09\/Neu2.pdf\">MOHR_September<\/a><\/p>\n","protected":false},"excerpt":{"rendered":"<p>Vo September 2011 bis August 2012 wurde regelm\u00e4\u00dfig im Bamberger Stadt- und Szenemagazin MOHR \u00fcber mein Leben in der Mongolei berichtet, teilweise durch von mir selbst verfassten Kolumnen. Den MOHR gibt es an vielen Stellen in Bamberg kostenlos. In der Septemberausgabe wurde bereits auf diese Berichterstattung und auf meinen Blog im Internet hingewiesen. In der [&hellip;]<\/p>\n","protected":false},"author":619,"featured_media":0,"parent":0,"menu_order":4,"comment_status":"open","ping_status":"open","template":"","meta":{"footnotes":""},"class_list":["post-184","page","type-page","status-publish","hentry"],"amp_enabled":true,"_links":{"self":[{"href":"https:\/\/kulturweit.blog\/mongolei\/wp-json\/wp\/v2\/pages\/184"}],"collection":[{"href":"https:\/\/kulturweit.blog\/mongolei\/wp-json\/wp\/v2\/pages"}],"about":[{"href":"https:\/\/kulturweit.blog\/mongolei\/wp-json\/wp\/v2\/types\/page"}],"author":[{"embeddable":true,"href":"https:\/\/kulturweit.blog\/mongolei\/wp-json\/wp\/v2\/users\/619"}],"replies":[{"embeddable":true,"href":"https:\/\/kulturweit.blog\/mongolei\/wp-json\/wp\/v2\/comments?post=184"}],"version-history":[{"count":1,"href":"https:\/\/kulturweit.blog\/mongolei\/wp-json\/wp\/v2\/pages\/184\/revisions"}],"predecessor-version":[{"id":279,"href":"https:\/\/kulturweit.blog\/mongolei\/wp-json\/wp\/v2\/pages\/184\/revisions\/279"}],"wp:attachment":[{"href":"https:\/\/kulturweit.blog\/mongolei\/wp-json\/wp\/v2\/media?parent=184"}],"curies":[{"name":"wp","href":"https:\/\/api.w.org\/{rel}","templated":true}]}}