{"id":17,"date":"2011-09-01T11:01:12","date_gmt":"2011-09-01T09:01:12","guid":{"rendered":"https:\/\/kulturweit.blog\/mongolei\/?page_id=17"},"modified":"2023-09-06T03:47:11","modified_gmt":"2023-09-05T19:47:11","slug":"uber-mich-2","status":"publish","type":"page","link":"https:\/\/kulturweit.blog\/mongolei\/uber-mich-2\/","title":{"rendered":"\u00dcber mich"},"content":{"rendered":"<p>Damit man auch wei\u00df, wer den Blog \u00fcberhaupt schreibt, sollte eine kurze Biographie auf dieser Seite nicht fehlen.<\/p>\n<p>Mein Name ist Sebastian Burkard, ich wurde am 28. Mai 1993 im fr\u00e4nkischen Bamberg geboren, wo ich auch bis zu meinem Auslandsjahr gelebt habe. Zu meinen wichtigsten Freizeitbesch\u00e4ftigungen geh\u00f6rt das Theater und die Musik, doch auch die Familie und Freunde spielen in meinem Leben eine sehr wichtige Rolle.<\/p>\n<p>W\u00e4hrend meiner Zeit in Bamberg habe ich mich in vielen sozialen und karitativen Bereichen sozial engagiert, vor allem in der Kinder- und Jugendarbeit. Dies hat mir sehr gro\u00dfen Spa\u00df bereitet und mir gezeigt, dass ich in jedem Falle einen Beruf w\u00e4hlen werde, in dem die Zusammenarbeit mit Kindern und Jugendlichen von gro\u00dfer Bedeutung ist.<\/p>\n<p>Nach meinem Schulabschluss (Abitur) im Juli 2011 erlebte ich tolle Sommermonate in Deutschland und Spanien. Seit dem Herbst nehme ich am Freiwilligendienst des Ausw\u00e4rtigen Amts teil, Tr\u00e4ger ist die UNESCO-Kommission. Unter Leitung des P\u00e4dagogischen Austauschdiensts reiste ich im September 2011 in die Mongolei, um dort an der Alexander-von-Humboldt-Schule in Ulan Bator aktiv das Unterrichtsgeschehen zu bereichern. Seitdem befinde ich mich hier in der mongolischen Hauptstadt und konnte schon vieles lernen und meine Motivation des FSJ umsetzen.<\/p>\n<p>Nach dem Auslandsjahr m\u00f6chte ich an der Universit\u00e4t Mainz die F\u00e4cher Deutsch und Franz\u00f6sisch f\u00fcr die Sekundarstufe II studieren und somit in den Lehrerberuf gehen. Zus\u00e4tzlich m\u00f6chte ich die Qualifikation Deutsch als Fremdsprache an der Uni belegen, um eines Tages mal wieder an einer Auslandsschule zu sein &#8211; dann aber nicht als Freiwilliger, sondern als Lehrer.<\/p>\n<p>\u00dcbrigens, wer mir eine kleine Botschaft in die Mongolei per Post schicken m\u00f6chte, kann dies nat\u00fcrlich gerne tun. Ich freue mich \u00fcber alles. Meine Adresse lautet:<\/p>\n<p>Sebastian Burkard<br \/>\nc\/o Khosbayar Selengesaikhan<br \/>\nCentral Post Office 35\/172 Box<br \/>\n15160 zip code<br \/>\nUlaanbaatar<br \/>\nMongolia<\/p>\n","protected":false},"excerpt":{"rendered":"<p>Damit man auch wei\u00df, wer den Blog \u00fcberhaupt schreibt, sollte eine kurze Biographie auf dieser Seite nicht fehlen. Mein Name ist Sebastian Burkard, ich wurde am 28. Mai 1993 im fr\u00e4nkischen Bamberg geboren, wo ich auch bis zu meinem Auslandsjahr gelebt habe. Zu meinen wichtigsten Freizeitbesch\u00e4ftigungen geh\u00f6rt das Theater und die Musik, doch auch die [&hellip;]<\/p>\n","protected":false},"author":619,"featured_media":18,"parent":0,"menu_order":0,"comment_status":"open","ping_status":"open","template":"","meta":{"footnotes":""},"class_list":["post-17","page","type-page","status-publish","hentry"],"amp_enabled":true,"_links":{"self":[{"href":"https:\/\/kulturweit.blog\/mongolei\/wp-json\/wp\/v2\/pages\/17"}],"collection":[{"href":"https:\/\/kulturweit.blog\/mongolei\/wp-json\/wp\/v2\/pages"}],"about":[{"href":"https:\/\/kulturweit.blog\/mongolei\/wp-json\/wp\/v2\/types\/page"}],"author":[{"embeddable":true,"href":"https:\/\/kulturweit.blog\/mongolei\/wp-json\/wp\/v2\/users\/619"}],"replies":[{"embeddable":true,"href":"https:\/\/kulturweit.blog\/mongolei\/wp-json\/wp\/v2\/comments?post=17"}],"version-history":[{"count":3,"href":"https:\/\/kulturweit.blog\/mongolei\/wp-json\/wp\/v2\/pages\/17\/revisions"}],"predecessor-version":[{"id":1276,"href":"https:\/\/kulturweit.blog\/mongolei\/wp-json\/wp\/v2\/pages\/17\/revisions\/1276"}],"wp:featuredmedia":[{"embeddable":true,"href":"https:\/\/kulturweit.blog\/mongolei\/wp-json\/wp\/v2\/media\/18"}],"wp:attachment":[{"href":"https:\/\/kulturweit.blog\/mongolei\/wp-json\/wp\/v2\/media?parent=17"}],"curies":[{"name":"wp","href":"https:\/\/api.w.org\/{rel}","templated":true}]}}