{"id":169,"date":"2011-09-28T16:29:07","date_gmt":"2011-09-28T14:29:07","guid":{"rendered":"https:\/\/kulturweit.blog\/mongolei\/?page_id=169"},"modified":"2011-09-28T16:29:07","modified_gmt":"2011-09-28T14:29:07","slug":"mein-zuhause","status":"publish","type":"page","link":"https:\/\/kulturweit.blog\/mongolei\/mein-zuhause\/","title":{"rendered":"Mein Zuhause"},"content":{"rendered":"<p>Hier in der Mongolei bin ich wirklich in guten H\u00e4nden. Khosoo, eine Deutschlehrerin an der Alexander-von-Humboldt-Schule, schenkt mir f\u00fcr ein Jahr ein Zuhause. In ihrem ehemaligen Arbeitszimmer befindet sich nun mein Reich. Damit sich alle ein Bild machen k\u00f6nnen, wie ich f\u00fcr gut 365 Tage lebe, gibt es hier eine kleine Foto-\u00dcbersicht.<\/p>\n\n\t\t<style type=\"text\/css\">\n\t\t\t#gallery-1 {\n\t\t\t\tmargin: auto;\n\t\t\t}\n\t\t\t#gallery-1 .gallery-item {\n\t\t\t\tfloat: left;\n\t\t\t\tmargin-top: 10px;\n\t\t\t\ttext-align: center;\n\t\t\t\twidth: 33%;\n\t\t\t}\n\t\t\t#gallery-1 img {\n\t\t\t\tborder: 2px solid #cfcfcf;\n\t\t\t}\n\t\t\t#gallery-1 .gallery-caption {\n\t\t\t\tmargin-left: 0;\n\t\t\t}\n\t\t\t\/* see gallery_shortcode() in wp-includes\/media.php *\/\n\t\t<\/style>\n\t\t<div id='gallery-1' class='gallery galleryid-169 gallery-columns-3 gallery-size-thumbnail'><dl class='gallery-item'>\n\t\t\t<dt class='gallery-icon landscape'>\n\t\t\t\t<a href='https:\/\/kulturweit.blog\/mongolei\/files\/2011\/09\/DSC_0180.jpg'><img loading=\"lazy\" decoding=\"async\" width=\"150\" height=\"150\" src=\"https:\/\/kulturweit.blog\/mongolei\/files\/2011\/09\/DSC_0180-150x150.jpg\" class=\"attachment-thumbnail size-thumbnail\" alt=\"Das Haus, in dem ich wohne: Mongolisch in der zweiten Etage - deutsch im ersten Stock\" aria-describedby=\"gallery-1-177\" \/><\/a>\n\t\t\t<\/dt>\n\t\t\t\t<dd class='wp-caption-text gallery-caption' id='gallery-1-177'>\n\t\t\t\tDas Haus, in dem ich wohne: Mongolisch in der zweiten Etage &#8211; deutsch im ersten Stock\n\t\t\t\t<\/dd><\/dl><dl class='gallery-item'>\n\t\t\t<dt class='gallery-icon portrait'>\n\t\t\t\t<a href='https:\/\/kulturweit.blog\/mongolei\/files\/2011\/09\/DSC_0179.jpg'><img loading=\"lazy\" decoding=\"async\" width=\"150\" height=\"150\" src=\"https:\/\/kulturweit.blog\/mongolei\/files\/2011\/09\/DSC_0179-150x150.jpg\" class=\"attachment-thumbnail size-thumbnail\" alt=\"Und hereinspaziert ... das ist die Wohnungst\u00fcre\" aria-describedby=\"gallery-1-176\" \/><\/a>\n\t\t\t<\/dt>\n\t\t\t\t<dd class='wp-caption-text gallery-caption' id='gallery-1-176'>\n\t\t\t\tUnd hereinspaziert &#8230; das ist die Wohnungst\u00fcre\n\t\t\t\t<\/dd><\/dl><dl class='gallery-item'>\n\t\t\t<dt class='gallery-icon portrait'>\n\t\t\t\t<a href='https:\/\/kulturweit.blog\/mongolei\/files\/2011\/09\/DSC_0176.jpg'><img loading=\"lazy\" decoding=\"async\" width=\"150\" height=\"150\" src=\"https:\/\/kulturweit.blog\/mongolei\/files\/2011\/09\/DSC_0176-150x150.jpg\" class=\"attachment-thumbnail size-thumbnail\" alt=\"Unser Flur ... hinten rechts geht es in mein Zimmer\" aria-describedby=\"gallery-1-174\" \/><\/a>\n\t\t\t<\/dt>\n\t\t\t\t<dd class='wp-caption-text gallery-caption' id='gallery-1-174'>\n\t\t\t\tUnser Flur &#8230; hinten rechts geht es in mein Zimmer\n\t\t\t\t<\/dd><\/dl><br style=\"clear: both\" \/><dl class='gallery-item'>\n\t\t\t<dt class='gallery-icon landscape'>\n\t\t\t\t<a href='https:\/\/kulturweit.blog\/mongolei\/files\/2011\/09\/DSC_0170.jpg'><img loading=\"lazy\" decoding=\"async\" width=\"150\" height=\"150\" src=\"https:\/\/kulturweit.blog\/mongolei\/files\/2011\/09\/DSC_0170-150x150.jpg\" class=\"attachment-thumbnail size-thumbnail\" alt=\"Die K\u00fcche - hier gibt es immer etwas Leckeres zu essen\" aria-describedby=\"gallery-1-170\" \/><\/a>\n\t\t\t<\/dt>\n\t\t\t\t<dd class='wp-caption-text gallery-caption' id='gallery-1-170'>\n\t\t\t\tDie K\u00fcche &#8211; hier gibt es immer etwas Leckeres zu essen\n\t\t\t\t<\/dd><\/dl><dl class='gallery-item'>\n\t\t\t<dt class='gallery-icon landscape'>\n\t\t\t\t<a href='https:\/\/kulturweit.blog\/mongolei\/files\/2011\/09\/DSC_01712.jpg'><img loading=\"lazy\" decoding=\"async\" width=\"150\" height=\"150\" src=\"https:\/\/kulturweit.blog\/mongolei\/files\/2011\/09\/DSC_01712-150x150.jpg\" class=\"attachment-thumbnail size-thumbnail\" alt=\"Das Wohn- und Esszimmer direkt neben der K\u00fcche (den Fernseher hat Khosoo extra wegen mir gekauft!)\" aria-describedby=\"gallery-1-171\" \/><\/a>\n\t\t\t<\/dt>\n\t\t\t\t<dd class='wp-caption-text gallery-caption' id='gallery-1-171'>\n\t\t\t\tDas Wohn- und Esszimmer direkt neben der K\u00fcche (den Fernseher hat Khosoo extra wegen mir gekauft!)\n\t\t\t\t<\/dd><\/dl><dl class='gallery-item'>\n\t\t\t<dt class='gallery-icon landscape'>\n\t\t\t\t<a href='https:\/\/kulturweit.blog\/mongolei\/files\/2011\/09\/DSC_0172.jpg'><img loading=\"lazy\" decoding=\"async\" width=\"150\" height=\"150\" src=\"https:\/\/kulturweit.blog\/mongolei\/files\/2011\/09\/DSC_0172-150x150.jpg\" class=\"attachment-thumbnail size-thumbnail\" alt=\"Das ist mein Reich ... hier wohne ich\" aria-describedby=\"gallery-1-172\" \/><\/a>\n\t\t\t<\/dt>\n\t\t\t\t<dd class='wp-caption-text gallery-caption' id='gallery-1-172'>\n\t\t\t\tDas ist mein Reich &#8230; hier wohne ich\n\t\t\t\t<\/dd><\/dl><br style=\"clear: both\" \/><dl class='gallery-item'>\n\t\t\t<dt class='gallery-icon portrait'>\n\t\t\t\t<a href='https:\/\/kulturweit.blog\/mongolei\/files\/2011\/09\/DSC_0174.jpg'><img loading=\"lazy\" decoding=\"async\" width=\"150\" height=\"150\" src=\"https:\/\/kulturweit.blog\/mongolei\/files\/2011\/09\/DSC_0174-150x150.jpg\" class=\"attachment-thumbnail size-thumbnail\" alt=\"Mein Schreibtisch in meinem Zimmer (inklusive Erinnerungen an das &quot;richtige&quot; Zuhause)\" aria-describedby=\"gallery-1-173\" \/><\/a>\n\t\t\t<\/dt>\n\t\t\t\t<dd class='wp-caption-text gallery-caption' id='gallery-1-173'>\n\t\t\t\tMein Schreibtisch in meinem Zimmer (inklusive Erinnerungen an das &#8222;richtige&#8220; Zuhause)\n\t\t\t\t<\/dd><\/dl><dl class='gallery-item'>\n\t\t\t<dt class='gallery-icon portrait'>\n\t\t\t\t<a href='https:\/\/kulturweit.blog\/mongolei\/files\/2011\/09\/DSC_0178.jpg'><img loading=\"lazy\" decoding=\"async\" width=\"150\" height=\"150\" src=\"https:\/\/kulturweit.blog\/mongolei\/files\/2011\/09\/DSC_0178-150x150.jpg\" class=\"attachment-thumbnail size-thumbnail\" alt=\"Das Badezimmer - mit Dusche und WC\" aria-describedby=\"gallery-1-175\" \/><\/a>\n\t\t\t<\/dt>\n\t\t\t\t<dd class='wp-caption-text gallery-caption' id='gallery-1-175'>\n\t\t\t\tDas Badezimmer &#8211; mit Dusche und WC\n\t\t\t\t<\/dd><\/dl>\n\t\t\t<br style='clear: both' \/>\n\t\t<\/div>\n\n","protected":false},"excerpt":{"rendered":"<p>Hier in der Mongolei bin ich wirklich in guten H\u00e4nden. Khosoo, eine Deutschlehrerin an der Alexander-von-Humboldt-Schule, schenkt mir f\u00fcr ein Jahr ein Zuhause. In ihrem ehemaligen Arbeitszimmer befindet sich nun mein Reich. Damit sich alle ein Bild machen k\u00f6nnen, wie ich f\u00fcr gut 365 Tage lebe, gibt es hier eine kleine Foto-\u00dcbersicht.<\/p>\n","protected":false},"author":619,"featured_media":177,"parent":0,"menu_order":2,"comment_status":"open","ping_status":"open","template":"","meta":{"footnotes":""},"class_list":["post-169","page","type-page","status-publish","hentry"],"amp_enabled":true,"_links":{"self":[{"href":"https:\/\/kulturweit.blog\/mongolei\/wp-json\/wp\/v2\/pages\/169"}],"collection":[{"href":"https:\/\/kulturweit.blog\/mongolei\/wp-json\/wp\/v2\/pages"}],"about":[{"href":"https:\/\/kulturweit.blog\/mongolei\/wp-json\/wp\/v2\/types\/page"}],"author":[{"embeddable":true,"href":"https:\/\/kulturweit.blog\/mongolei\/wp-json\/wp\/v2\/users\/619"}],"replies":[{"embeddable":true,"href":"https:\/\/kulturweit.blog\/mongolei\/wp-json\/wp\/v2\/comments?post=169"}],"version-history":[{"count":0,"href":"https:\/\/kulturweit.blog\/mongolei\/wp-json\/wp\/v2\/pages\/169\/revisions"}],"wp:featuredmedia":[{"embeddable":true,"href":"https:\/\/kulturweit.blog\/mongolei\/wp-json\/wp\/v2\/media\/177"}],"wp:attachment":[{"href":"https:\/\/kulturweit.blog\/mongolei\/wp-json\/wp\/v2\/media?parent=169"}],"curies":[{"name":"wp","href":"https:\/\/api.w.org\/{rel}","templated":true}]}}