{"id":21,"date":"2012-07-22T21:02:02","date_gmt":"2012-07-22T19:02:02","guid":{"rendered":"https:\/\/kulturweit.blog\/milena\/?page_id=21"},"modified":"2012-12-16T00:17:01","modified_gmt":"2012-12-15T16:17:01","slug":"qingdao","status":"publish","type":"page","link":"https:\/\/kulturweit.blog\/milena\/qingdao\/","title":{"rendered":"Qingdao"},"content":{"rendered":"<p>Qingdao (<span style=\"font-family: Arial Unicode MS\">\u9752\u5c9b<\/span>) liegt in der Provinz Shandong (<span style=\"font-family: Arial Unicode MS\">\u5c71\u4e1c<\/span>) an der Ostk\u00fcste Chinas am Gelben Meer. Der Name der Millionenstadt bedeutet \u201eGr\u00fcne Insel\u201c und wird \u201eTschingdau\u201c ausgesprochen. In Deutschland ist die Stadt auch noch unter \u201eTsingtau\u201c bekannt.<\/p>\n<p>1898 wurde Qingdao von deutschen Kolonialisten besetzt. \u00dcbriggeblieben sind davon bis heute unter anderem: viele Geb\u00e4ude und das ber\u00fchmte Tsingtau-Bier.<\/p>\n<p>An der Qingdao Universit\u00e4t gibt es das Goethe Sprachlernzentrum (ein Kooperationsprojekt des Goethe-Institus China und der Qingdao Universit\u00e4t), wo ich meinen \u201ekulturweit\u201c-Freiwilligendienst mache.<\/p>\n<p>In diesem Blog m\u00f6chte ich berichten, wie ich China, Qingdao und den Freiwilligendienst erlebe.<\/p>\n<p>&nbsp;<\/p>\n","protected":false},"excerpt":{"rendered":"<p>Qingdao (\u9752\u5c9b) liegt in der Provinz Shandong (\u5c71\u4e1c) an der Ostk\u00fcste Chinas am Gelben Meer. Der Name der Millionenstadt bedeutet \u201eGr\u00fcne Insel\u201c und wird \u201eTschingdau\u201c ausgesprochen. In Deutschland ist die Stadt auch noch unter \u201eTsingtau\u201c bekannt. 1898 wurde Qingdao von &hellip; <a href=\"https:\/\/kulturweit.blog\/milena\/qingdao\/\">Weiterlesen <span class=\"meta-nav\">&rarr;<\/span><\/a><\/p>\n","protected":false},"author":844,"featured_media":79,"parent":0,"menu_order":0,"comment_status":"closed","ping_status":"closed","template":"sidebar-page.php","meta":{"footnotes":""},"class_list":["post-21","page","type-page","status-publish","has-post-thumbnail","hentry"],"_links":{"self":[{"href":"https:\/\/kulturweit.blog\/milena\/wp-json\/wp\/v2\/pages\/21"}],"collection":[{"href":"https:\/\/kulturweit.blog\/milena\/wp-json\/wp\/v2\/pages"}],"about":[{"href":"https:\/\/kulturweit.blog\/milena\/wp-json\/wp\/v2\/types\/page"}],"author":[{"embeddable":true,"href":"https:\/\/kulturweit.blog\/milena\/wp-json\/wp\/v2\/users\/844"}],"replies":[{"embeddable":true,"href":"https:\/\/kulturweit.blog\/milena\/wp-json\/wp\/v2\/comments?post=21"}],"version-history":[{"count":1,"href":"https:\/\/kulturweit.blog\/milena\/wp-json\/wp\/v2\/pages\/21\/revisions"}],"predecessor-version":[{"id":77,"href":"https:\/\/kulturweit.blog\/milena\/wp-json\/wp\/v2\/pages\/21\/revisions\/77"}],"wp:featuredmedia":[{"embeddable":true,"href":"https:\/\/kulturweit.blog\/milena\/wp-json\/wp\/v2\/media\/79"}],"wp:attachment":[{"href":"https:\/\/kulturweit.blog\/milena\/wp-json\/wp\/v2\/media?parent=21"}],"curies":[{"name":"wp","href":"https:\/\/api.w.org\/{rel}","templated":true}]}}