{"id":78,"date":"2012-02-15T22:01:39","date_gmt":"2012-02-15T21:01:39","guid":{"rendered":"https:\/\/kulturweit.blog\/meru\/?page_id=78"},"modified":"2012-04-20T13:39:36","modified_gmt":"2012-04-20T11:39:36","slug":"gruse","status":"publish","type":"page","link":"https:\/\/kulturweit.blog\/meru\/gruse\/","title":{"rendered":"Gr\u00fc\u00dfe"},"content":{"rendered":"<p>Hier finden sich ab heute meine Gr\u00fc\u00dfe an Euch. Ich hab mir gedacht, dass ich so vielleicht jede Woche, oder immer wenn es gerade passt die verschiedensten Menschen aus meinem Freundeskreis hier gr\u00fc\u00dfen werde und Ihr unabh\u00e4ngig davon auch Gr\u00fc\u00dfe an mich hier lassen k\u00f6nnt.<\/p>\n<p>Der erste tolle, mega, herzliche Gru\u00df geht an meine &#8222;gro\u00dfen&#8220; Minis in der Leiterrunde. Ihr seid echt spitze, ich habe nicht damit gerechnet, dass Ihr mich mit einer kleinen \u00dcberraschungsverabschiedungsparty \u00fcberfallen haben. Ihr seid spitze.<\/p>\n<p>Mein zweiter Gru\u00df geht an meine Oma. Ich bin gut in Berlin angekommen und hier verhunger ich definitiv nicht. Liebe Oma, mach keine dummen Sachen und sei gl\u00fccklich. Ich dr\u00fcck dich ganz feste, deine Julia.<\/p>\n<p>Ich gruesse meine allerliebste Mama und meine noch viel liebere Schwester. Ich bin froh, dass es euch gibt und hoffe, dass es euch genauso gut geht wie mir hier. In 21 Wochen habt ihr mich wieder, also geniesst die Zeit, in der ich euch nicht nerve&#8230; \ud83d\ude42<\/p>\n<p>Gr\u00fc\u00dfe Nummer vier, an meine beiden besten Freunde: An Lisa und Simon. Ihr seid spitze und ich bin froh, dass ich euch \u00fcber mein Leben hier zutexten darf. Ich hoffe ihr h\u00f6rt mir auch dann noch zu, wenn ich zum f\u00fcnften mal \u00fcber das Essen jammer und mich zum zehnten Mal \u00fcber die Hitze beschwere. Ich bin froh, dass ich euch hab.<\/p>\n<p>Weiterhin gehen meine allerliebsten Gr\u00fc\u00dfe an meine Studienfreunde, die jetzt schon im Ref sind und auf eine andere Art und Weise ins schwitzen kommen.<\/p>\n<p>Ich gruesse den Kaplan von Baunach. Mir geht es gut hier und ich vermisse Sie nicht \ud83d\ude42 (Ok, vielleicht ein wenig)<\/p>\n<p>Hej Silvia, falls du dich auf diese Seite hier verirren solltest, es gibt auch fuer dich ein paar sonnige Gruesse in die BMI in Zapfendorf.<\/p>\n<p>Hello Mrs. Busch, auch fuer dich habe ich ein paar Sonnenstrahlen eingefangen und schicke sie dir nach Regensburg oder Baunach, je nachdem wo du dich gerade befindest.<\/p>\n<p>&nbsp;<\/p>\n","protected":false},"excerpt":{"rendered":"<p>Hier finden sich ab heute meine Gr\u00fc\u00dfe an Euch. Ich hab mir gedacht, dass ich so vielleicht jede Woche, oder immer wenn es gerade passt die verschiedensten Menschen aus meinem Freundeskreis hier gr\u00fc\u00dfen werde und Ihr unabh\u00e4ngig davon auch Gr\u00fc\u00dfe &hellip; <a href=\"https:\/\/kulturweit.blog\/meru\/gruse\/\">Weiterlesen <span class=\"meta-nav\">&rarr;<\/span><\/a><\/p>\n","protected":false},"author":700,"featured_media":0,"parent":0,"menu_order":5,"comment_status":"open","ping_status":"closed","template":"","meta":{"footnotes":""},"class_list":["post-78","page","type-page","status-publish","hentry"],"amp_enabled":true,"_links":{"self":[{"href":"https:\/\/kulturweit.blog\/meru\/wp-json\/wp\/v2\/pages\/78"}],"collection":[{"href":"https:\/\/kulturweit.blog\/meru\/wp-json\/wp\/v2\/pages"}],"about":[{"href":"https:\/\/kulturweit.blog\/meru\/wp-json\/wp\/v2\/types\/page"}],"author":[{"embeddable":true,"href":"https:\/\/kulturweit.blog\/meru\/wp-json\/wp\/v2\/users\/700"}],"replies":[{"embeddable":true,"href":"https:\/\/kulturweit.blog\/meru\/wp-json\/wp\/v2\/comments?post=78"}],"version-history":[{"count":1,"href":"https:\/\/kulturweit.blog\/meru\/wp-json\/wp\/v2\/pages\/78\/revisions"}],"predecessor-version":[{"id":80,"href":"https:\/\/kulturweit.blog\/meru\/wp-json\/wp\/v2\/pages\/78\/revisions\/80"}],"wp:attachment":[{"href":"https:\/\/kulturweit.blog\/meru\/wp-json\/wp\/v2\/media?parent=78"}],"curies":[{"name":"wp","href":"https:\/\/api.w.org\/{rel}","templated":true}]}}