{"id":44,"date":"2012-01-18T23:02:33","date_gmt":"2012-01-18T22:02:33","guid":{"rendered":"https:\/\/kulturweit.blog\/meru\/?page_id=44"},"modified":"2012-03-16T23:35:40","modified_gmt":"2012-03-16T22:35:40","slug":"hier-werde-ich-sein","status":"publish","type":"page","link":"https:\/\/kulturweit.blog\/meru\/hier-werde-ich-sein\/","title":{"rendered":"Hier bin ich nun!"},"content":{"rendered":"<p><img loading=\"lazy\" decoding=\"async\" class=\"alignnone\" src=\"http:\/\/www.animalbase.uni-goettingen.de\/mapimage\/map-kenya.jpg\" alt=\"\" width=\"581\" height=\"400\" \/><\/p>\n<p>Ich werde an der Kaaga Girls High School in Meru (Kenia) eingesetzt sein. Was genau mich erwartet wei\u00df ich noch nicht, aber ich lass es euch wissen. Bisher musste auch ich mich mit der sp\u00e4rlichen Info auf dieser Seite:<\/p>\n<p><a title=\"K\" href=\"http:\/\/www.pasch-net.de\/par\/spo\/afr\/ken\/de3317161.htm\">http:\/\/www.pasch-net.de\/par\/spo\/afr\/ken\/de3317161.htm<\/a><\/p>\n<p>zufrieden geben. Die High School ist Partner der PASCH-Initiative.<\/p>\n<p>Was ist PASCH?<\/p>\n<p>Genau diese Frage stellte sich auch mir, die ich f\u00fcr eine PASCH-Schule ausgew\u00e4hlt wurde. PASCH steht f\u00fcr &#8222;Schulen: Partner der Zukunft&#8220; eine Initiative, die das Ausw\u00e4rtige Amt 2008 ins Leben gerufen hat. Genauere Infos findet ihr auf der Homepage: <a title=\"PASCH\" href=\"http:\/\/www.pasch-net.de\/deindex.htm\">http:\/\/www.pasch-net.de\/deindex.htm<\/a><\/p>\n<p>&nbsp;<\/p>\n<p>Zur Info: Das Schulgelaende ist wirklich so gruen wie es auf den Bildern ist und es ist auch so liebevoll angepflanzt wie es die Bilder vermuten lassen. Die Ausstattung laesst sich allerdings nicht mit dem deutschen Standard vergleichen und deutsche Schueler koennten dies echt mal schaetzen. Aber gut, ist wohl einfach so&#8230;.<\/p>\n","protected":false},"excerpt":{"rendered":"<p>Ich werde an der Kaaga Girls High School in Meru (Kenia) eingesetzt sein. Was genau mich erwartet wei\u00df ich noch nicht, aber ich lass es euch wissen. Bisher musste auch ich mich mit der sp\u00e4rlichen Info auf dieser Seite: http:\/\/www.pasch-net.de\/par\/spo\/afr\/ken\/de3317161.htm &hellip; <a href=\"https:\/\/kulturweit.blog\/meru\/hier-werde-ich-sein\/\">Weiterlesen <span class=\"meta-nav\">&rarr;<\/span><\/a><\/p>\n","protected":false},"author":700,"featured_media":47,"parent":0,"menu_order":4,"comment_status":"open","ping_status":"closed","template":"","meta":{"footnotes":""},"class_list":["post-44","page","type-page","status-publish","has-post-thumbnail","hentry"],"amp_enabled":true,"_links":{"self":[{"href":"https:\/\/kulturweit.blog\/meru\/wp-json\/wp\/v2\/pages\/44"}],"collection":[{"href":"https:\/\/kulturweit.blog\/meru\/wp-json\/wp\/v2\/pages"}],"about":[{"href":"https:\/\/kulturweit.blog\/meru\/wp-json\/wp\/v2\/types\/page"}],"author":[{"embeddable":true,"href":"https:\/\/kulturweit.blog\/meru\/wp-json\/wp\/v2\/users\/700"}],"replies":[{"embeddable":true,"href":"https:\/\/kulturweit.blog\/meru\/wp-json\/wp\/v2\/comments?post=44"}],"version-history":[{"count":0,"href":"https:\/\/kulturweit.blog\/meru\/wp-json\/wp\/v2\/pages\/44\/revisions"}],"wp:featuredmedia":[{"embeddable":true,"href":"https:\/\/kulturweit.blog\/meru\/wp-json\/wp\/v2\/media\/47"}],"wp:attachment":[{"href":"https:\/\/kulturweit.blog\/meru\/wp-json\/wp\/v2\/media?parent=44"}],"curies":[{"name":"wp","href":"https:\/\/api.w.org\/{rel}","templated":true}]}}