{"id":399,"date":"2012-04-17T15:24:31","date_gmt":"2012-04-17T13:24:31","guid":{"rendered":"https:\/\/kulturweit.blog\/meru\/?page_id=399"},"modified":"2012-04-17T15:24:31","modified_gmt":"2012-04-17T13:24:31","slug":"urlaub-mit-lisa-und-simon","status":"publish","type":"page","link":"https:\/\/kulturweit.blog\/meru\/bilder\/urlaub-mit-lisa-und-simon\/","title":{"rendered":"Urlaub mit Lisa und Simon"},"content":{"rendered":"<p>Ich hoffe Simon l\u00e4dt bald ein paar Bilder von unserem gemeinsamen Urlaub hoch. Ich hab daf\u00fcr im Moment keine Zeit, bin ja nach wie vor auf Seminar. Liebste Gr\u00fc\u00dfe, Julia.<\/p>\n","protected":false},"excerpt":{"rendered":"<p>Ich hoffe Simon l\u00e4dt bald ein paar Bilder von unserem gemeinsamen Urlaub hoch. Ich hab daf\u00fcr im Moment keine Zeit, bin ja nach wie vor auf Seminar. Liebste Gr\u00fc\u00dfe, Julia.<\/p>\n","protected":false},"author":700,"featured_media":0,"parent":106,"menu_order":0,"comment_status":"open","ping_status":"open","template":"","meta":{"footnotes":""},"class_list":["post-399","page","type-page","status-publish","hentry"],"amp_enabled":true,"_links":{"self":[{"href":"https:\/\/kulturweit.blog\/meru\/wp-json\/wp\/v2\/pages\/399"}],"collection":[{"href":"https:\/\/kulturweit.blog\/meru\/wp-json\/wp\/v2\/pages"}],"about":[{"href":"https:\/\/kulturweit.blog\/meru\/wp-json\/wp\/v2\/types\/page"}],"author":[{"embeddable":true,"href":"https:\/\/kulturweit.blog\/meru\/wp-json\/wp\/v2\/users\/700"}],"replies":[{"embeddable":true,"href":"https:\/\/kulturweit.blog\/meru\/wp-json\/wp\/v2\/comments?post=399"}],"version-history":[{"count":0,"href":"https:\/\/kulturweit.blog\/meru\/wp-json\/wp\/v2\/pages\/399\/revisions"}],"up":[{"embeddable":true,"href":"https:\/\/kulturweit.blog\/meru\/wp-json\/wp\/v2\/pages\/106"}],"wp:attachment":[{"href":"https:\/\/kulturweit.blog\/meru\/wp-json\/wp\/v2\/media?parent=399"}],"curies":[{"name":"wp","href":"https:\/\/api.w.org\/{rel}","templated":true}]}}