{"id":36,"date":"2012-01-07T23:41:08","date_gmt":"2012-01-07T22:41:08","guid":{"rendered":"https:\/\/kulturweit.blog\/meru\/?page_id=36"},"modified":"2012-05-25T16:52:13","modified_gmt":"2012-05-25T13:52:13","slug":"frage-antwort","status":"publish","type":"page","link":"https:\/\/kulturweit.blog\/meru\/frage-antwort\/","title":{"rendered":"Frage? Antwort!"},"content":{"rendered":"<p>Liebe Freunde, Verwandte, Bekannte und Unbekannte,<\/p>\n<p>die Ihr meinen Blog gefunden habt, Euch Fragen stellt und nach Antworten sucht, hier ist Platz f\u00fcr Eure Fragen und meine Antworten.<\/p>\n<p>1. Wann geht die Sonne auf, wann geht sie unter? Wie schnell?<\/p>\n<p>Die Sonne geht glaube ich so um halb sieben auf. Ich muss gestehen so fr\u00fch war ich vielleicht schon mal wach, aber nicht vor der T\u00fcr. Wann sie untergeht kann ich aus eigener Beobachtung mitteilen, n\u00e4mlich um 19 Uhr, kenianischer Zeit. Das hei\u00dft also bis zur Uhrumstellung um 17 Uhr deutsche Zeit, danach dann 18 Uhr deutsche Zeit. Dann bin ich euch nur noch eine Stunde voraus.<\/p>\n<p>Der Sonnenuntergang passiert recht schnell, zwischen D\u00e4mmerung und finsterer Nacht liegt nur eine halbe Stunde. Deshalb sollte man auch stets ausreichend Zeit f\u00fcr den Heimweg einplanen, dass man noch vor Sonnenuntergang ankommt.<\/p>\n<p>2. Was gibt es zu essen?<\/p>\n<p>Ja das ist eine interessante Frage. Also alles in allem ist das Essen sehr eint\u00f6nig. Als gr\u00fcnes Gem\u00fcse gibt es immer gekochten Kohl, den h\u00e4tte ich in Deutschland nicht anger\u00fchrt, aber wenn die Auswahl nicht so gro\u00df ist, isst Julia auch das. Dazu gibt es dann entweder Reis oder Ugali, das ist gekochter Maisbrei. Und dann gibt es meist noch mit w\u00e4ssriger So\u00dfe Fleisch mit Kartoffeln und Karotten. Ab und an gibt es auch Bohnen, doch die sind jetzt nicht so mein Favourit, deshalb verweigere ich mich diesen.<\/p>\n<p>An besonderen Tagen gibt es Chapati, das ist so \u00e4hnlich wie unser Pfannkuchen und schmeckt total lecker, wenn es das gibt dann lang ich immer ordentlich zu.<\/p>\n<p>Noch besser als Chapati ist Mandazi, das hei\u00dft so viel wie Kuchen. Das ist ein Teig, der in Fett rausgebacken wird, schmeckt etwas s\u00fc\u00dflich, mit was man es vergleichen kann wei\u00df ich nicht, aber sollte es das mal wieder geben, mache ich ein Foto.<\/p>\n<p>Au\u00dferdem muss ich auch mal ein Foto von der Gro\u00dfk\u00fcche machen \ud83d\ude42<\/p>\n<p>Mit der Zubereitung der Speisen kenn ich mich noch nicht so aus, aber ich werde bei Gelegenheit mit Serah (K\u00fcchenchefin) mal Mandazi und Chapati und Chai zubereiten, dass ich das dann in Deutschland auch kochen kann.<\/p>\n<p>Neben dem Essen noch kurz zum Trinken. Es gibt hier an der Schule Wasser aus der Leitung, diesem Frieden trau ich nicht so ganz, wenn ich es auch anf\u00e4nglich ungekocht getrunken habe. Doch jetzt hab ich ja einen Wasserkocher und ich f\u00fchle mich einfach sicherer, wenn das Wasser mal 100\u00b0C hatte. Neben Wasser gibt es in den kurzen Pausen auch Tee=Chai zu trinken. Ich glaube, das ist ein Schwarztee, der mit Milch und viel Zucker getrunken wird. Ich bevorzuge aber die zuckerfreie Variante.<\/p>\n<p>3. Wie ist das Wetter?<\/p>\n<p>Ja, das ist toll. Es scheint jeden Tag die Sonne und hat glaub ich so zwischen 25\u00b0C und 30\u00b0C. Dazu weht fast immer ein leichter Wind und das ist gut so. Allerdings w\u00e4re mir im Moment Regen auch mal ganz recht und der Bev\u00f6lkerung hier auch. Die Erde ist recht ausgetrocknet&#8230;<\/p>\n<p>4. Wie viele Sch\u00fclerinnen sind in meiner Klasse?<\/p>\n<p>Da Deutsch ein Wahlfach ist, kommen zum Deutschunterricht die Sch\u00fclerinnen aus vier verschiedenen Klassen einer Jahrgangsstufe zusammen.<\/p>\n<p>In Form 1 sind es 29 Sch\u00fclerinnen. Form 2 wei\u00df ich nicht so genau, denke aber so ca. 20. Form 3 hat 18 Sch\u00fclerinnen und Form 4 glaub ich 15. Da muss ich nochmal nachz\u00e4hlen und dann werde ich euch die genauen Zahlen schreiben.<\/p>\n<p>Wir bringen den Sch\u00fclerinnen mit viel Freude und Ausdauer die Deutschen Sprache bei. In Form 1 ist das eher wie im Kindergarten, vorsagen, nachsprechen, aber so ist es eben wenn man eine Sprache lernt, mir geht es ja auch nicht anders. Form 2 besch\u00e4ftigt sich schon mit grammatischen Ph\u00e4nomenen, wie Imparativ, oder Pr\u00e4teritum. Form 3 mit ihr kann man sich schon recht gut auf Deutsch verst\u00e4ndigen, hier geht es auch wieder um Grammatik, Infinitiv mit zu. In Form 4 wird weniger Grammatik gemacht, hier sollen die Sch\u00fclerinnen sich mit Themen wie Umweltverschmutzung und der deutschen Geschichte (Wiedervereinigung) besch\u00e4ftigen und dabei ihren Wortschatz vergr\u00f6\u00dfern.<\/p>\n<p>5. Was machen die Moskitos und meine Malaria?<\/p>\n<p>Also Moskitos gibt es viele und ich wurde auch schon oft gestochen, bisher wurde ich davon aber noch nicht krank. Es juckt wie jeder andere Stick und manchmal schwillt es ein wenig an, aber das wars dann auch schon. Ich hoffe f\u00fcr mich, dass das so bleibt und am ruhigsten schl\u00e4ft es sich unter einem Moskitonetz (da f\u00fchl ich mich schon ein wenig wie eine Prinzessin in ihrem Himmelbett :))<\/p>\n<p>6. Wie schl\u00e4ft man mit Rasta?<\/p>\n<p>Gute Frage! Also die Kopfhaut hat ja schon echt gespannt und geziept hat es au\u00dferdem&#8230; Es war nicht super bequem, aber ich habe es ausgehalten. Nach einer Woche habe ich mich dann aber doch davon getrennt und ob ich es wiederhole steht auch noch nicht fest, da ich irgendwie richtig viele Haare verloren habe. Aber keine Angst, eine Glatze habe ich nicht. Es war eben eine andere Art von Haarausd\u00fcnnung.<\/p>\n","protected":false},"excerpt":{"rendered":"<p>Liebe Freunde, Verwandte, Bekannte und Unbekannte, die Ihr meinen Blog gefunden habt, Euch Fragen stellt und nach Antworten sucht, hier ist Platz f\u00fcr Eure Fragen und meine Antworten. 1. Wann geht die Sonne auf, wann geht sie unter? Wie schnell? &hellip; <a href=\"https:\/\/kulturweit.blog\/meru\/frage-antwort\/\">Weiterlesen <span class=\"meta-nav\">&rarr;<\/span><\/a><\/p>\n","protected":false},"author":700,"featured_media":0,"parent":0,"menu_order":3,"comment_status":"open","ping_status":"closed","template":"","meta":{"footnotes":""},"class_list":["post-36","page","type-page","status-publish","hentry"],"amp_enabled":true,"_links":{"self":[{"href":"https:\/\/kulturweit.blog\/meru\/wp-json\/wp\/v2\/pages\/36"}],"collection":[{"href":"https:\/\/kulturweit.blog\/meru\/wp-json\/wp\/v2\/pages"}],"about":[{"href":"https:\/\/kulturweit.blog\/meru\/wp-json\/wp\/v2\/types\/page"}],"author":[{"embeddable":true,"href":"https:\/\/kulturweit.blog\/meru\/wp-json\/wp\/v2\/users\/700"}],"replies":[{"embeddable":true,"href":"https:\/\/kulturweit.blog\/meru\/wp-json\/wp\/v2\/comments?post=36"}],"version-history":[{"count":1,"href":"https:\/\/kulturweit.blog\/meru\/wp-json\/wp\/v2\/pages\/36\/revisions"}],"predecessor-version":[{"id":174,"href":"https:\/\/kulturweit.blog\/meru\/wp-json\/wp\/v2\/pages\/36\/revisions\/174"}],"wp:attachment":[{"href":"https:\/\/kulturweit.blog\/meru\/wp-json\/wp\/v2\/media?parent=36"}],"curies":[{"name":"wp","href":"https:\/\/api.w.org\/{rel}","templated":true}]}}