{"id":277,"date":"2012-03-23T09:25:05","date_gmt":"2012-03-23T08:25:05","guid":{"rendered":"https:\/\/kulturweit.blog\/meru\/?page_id=277"},"modified":"2012-10-27T01:10:52","modified_gmt":"2012-10-26T22:10:52","slug":"meru-ist","status":"publish","type":"page","link":"https:\/\/kulturweit.blog\/meru\/hier-werde-ich-sein\/meru-ist\/","title":{"rendered":"Meru ist"},"content":{"rendered":"<p>Meru ist:<\/p>\n<ul>\n<li>f\u00fcr mich eine Perle<\/li>\n<li>ein Abenteuer<\/li>\n<li>bunte H\u00e4user<\/li>\n<li>viele Gesch\u00e4fte<\/li>\n<li>viel Verkehr<\/li>\n<li>brennender M\u00fcll im Stra\u00dfengraben<\/li>\n<li>Stille, sobald man der Hauptstra\u00dfe den R\u00fccken kehrt<\/li>\n<li>Oleander im Stra\u00dfengraben<\/li>\n<li>kleine Verkaufsh\u00fctten<\/li>\n<li>Frauen, die am Stra\u00dfenrand sitzen und ihr Obst feilbieten<\/li>\n<li>Bumps auf der Stra\u00dfe um die Autos zum langsam fahren zu zwingen<\/li>\n<li>Esel auf der Stra\u00dfe, die einen Karren hinter sich ziehen<\/li>\n<li>Autos, die hupen, weil sie Taxis sind, aber nur durch das Hupen wei\u00df man das auch<\/li>\n<li>die Winterresidenz unserer Schwalben, es gibt ein Hotel, an dem sind so viele Schwalbennester wie ich noch nie zuvor in meinem Leben gesehen habe und um dieses Hotel kreisen die Schwalben wie M\u00fccken \u00fcber dem Misthaufen<\/li>\n<li>Mzungu (= Europ\u00e4er) rufende Kinder, die auch gerne fragen: \u201eHow are you?\u201c und die ganz stolz sind, wenn man antwortet<\/li>\n<li>nicht eben, sondern h\u00fcgelig<\/li>\n<li>sonnig und warm<\/li>\n<li>meine Heimat f\u00fcr f\u00fcnf Monate und ich genie\u00dfe jeden Tag und jeden Ausflug in die Stadt<\/li>\n<\/ul>\n<p>&nbsp;<\/p>\n","protected":false},"excerpt":{"rendered":"<p>Meru ist: f\u00fcr mich eine Perle ein Abenteuer bunte H\u00e4user viele Gesch\u00e4fte viel Verkehr brennender M\u00fcll im Stra\u00dfengraben Stille, sobald man der Hauptstra\u00dfe den R\u00fccken kehrt Oleander im Stra\u00dfengraben kleine Verkaufsh\u00fctten Frauen, die am Stra\u00dfenrand sitzen und ihr Obst feilbieten &hellip; <a href=\"https:\/\/kulturweit.blog\/meru\/hier-werde-ich-sein\/meru-ist\/\">Weiterlesen <span class=\"meta-nav\">&rarr;<\/span><\/a><\/p>\n","protected":false},"author":700,"featured_media":0,"parent":44,"menu_order":0,"comment_status":"open","ping_status":"open","template":"","meta":{"footnotes":""},"class_list":["post-277","page","type-page","status-publish","hentry"],"amp_enabled":true,"_links":{"self":[{"href":"https:\/\/kulturweit.blog\/meru\/wp-json\/wp\/v2\/pages\/277"}],"collection":[{"href":"https:\/\/kulturweit.blog\/meru\/wp-json\/wp\/v2\/pages"}],"about":[{"href":"https:\/\/kulturweit.blog\/meru\/wp-json\/wp\/v2\/types\/page"}],"author":[{"embeddable":true,"href":"https:\/\/kulturweit.blog\/meru\/wp-json\/wp\/v2\/users\/700"}],"replies":[{"embeddable":true,"href":"https:\/\/kulturweit.blog\/meru\/wp-json\/wp\/v2\/comments?post=277"}],"version-history":[{"count":1,"href":"https:\/\/kulturweit.blog\/meru\/wp-json\/wp\/v2\/pages\/277\/revisions"}],"predecessor-version":[{"id":279,"href":"https:\/\/kulturweit.blog\/meru\/wp-json\/wp\/v2\/pages\/277\/revisions\/279"}],"up":[{"embeddable":true,"href":"https:\/\/kulturweit.blog\/meru\/wp-json\/wp\/v2\/pages\/44"}],"wp:attachment":[{"href":"https:\/\/kulturweit.blog\/meru\/wp-json\/wp\/v2\/media?parent=277"}],"curies":[{"name":"wp","href":"https:\/\/api.w.org\/{rel}","templated":true}]}}