{"id":26,"date":"2012-01-02T10:39:36","date_gmt":"2012-01-02T09:39:36","guid":{"rendered":"https:\/\/kulturweit.blog\/meru\/?page_id=26"},"modified":"2012-03-16T23:35:21","modified_gmt":"2012-03-16T22:35:21","slug":"ausschau","status":"publish","type":"page","link":"https:\/\/kulturweit.blog\/meru\/ausschau\/","title":{"rendered":"Ausschau und Einblick"},"content":{"rendered":"<p>Ich halte Ausschau, danach was ich vermissen werde, was ich vergessen werde, was ich auf keinen Fall vergessen darf und am Wichtigsten worauf ich mich freue.<\/p>\n<p>Eine Liste, ich liebe Listen&#8230;<\/p>\n<p>Was ich vermutlich VERMISSEN werde:<\/p>\n<ul>\n<li>meine beste Freundin Lisa<\/li>\n<li>meine Schwester und meine Mama<\/li>\n<li>meinen besten Freund Simon<\/li>\n<li>meine anderen Freunde<\/li>\n<li>Schwarzbrot (vermiss ich jetzt noch nicht)<\/li>\n<li>Leitungswasser, dass ich einfach ohne abkochen trinken kann (vermiss ich auch nicht, weil es guten Chai gibt)<\/li>\n<li>meine Klarinette (die Fl\u00f6te ist ein guter Ersatz)<\/li>\n<li>W\u00fcrzburg (vielleicht die M\u00f6glichkeit tanzen zu gehen)<\/li>\n<li>Kino (was muss T\u00fcrkisch f\u00fcr Anf\u00e4nger auch erst im M\u00e4rz rauskommen&#8230; ;)) (ne vermiss ich doch net)<\/li>\n<li>Fr\u00fchling in Deutschland (ach der Sommer hier is ok)<\/li>\n<li>B\u00fccher (weil soviele werden nicht im Gep\u00e4ck sein) (hab gar keine Zeit viel zu lesen, komm net ma zum Reisef\u00fchrer, und es gibt viele Deutschmagazine im Deutschraum, die les ich grad)<\/li>\n<li>lange Telefonate (ach solang ich Internet f\u00fcr Mails hab ist es ok)<\/li>\n<li>ausschlafen \ud83d\ude42 (vermisse ich schon auf dem Vorbereitungsseminar, es f\u00e4ngt zwar erst um neun Uhr an, aber das jeden Tag&#8230; nicht ein einziges mal ausschlafen)(ha ausschlafen vermiss ich gar net ma, weil ich am Wochenende ausschlafen kann und lang schlafen find ich grad net mehr so cool, es scheint die Sonne und da ist man gleich viel wacher)<\/li>\n<li>die anderen Freiwilligen (ja die fehlen schon ein wenig, grad um sich auszutauschen oder um mal was gemeinsam zu machen)<\/li>\n<li>&#8230;<\/li>\n<\/ul>\n<p>Was ich VERGESSEN werde:<\/p>\n<ul>\n<li>wie man f\u00fcrs Staatsexamen lernt (schon passiert, jetzt muss ich aber auch lernen und zwar Kisuaheli)<\/li>\n<li>Schminksachen (wer braucht die schon)<\/li>\n<li>Schokolade (die ess ich lieber noch hier in Deutschland, weil zerflossene Schokolade ist jetzt nicht so mein Ding)<\/li>\n<li>meine Uhr, ich glaube Zeit wird in einem afrikanischen Land relativ (naja ok, die Uhr ist doch noch ganz praktisch, zum Unterricht sollte ich p\u00fcnktlich sein)<\/li>\n<li>&#8230;<\/li>\n<\/ul>\n<p>Was ich NICHT VERGESSEN darf:<\/p>\n<ul>\n<li>Visum (es ist endlich da!!!)<\/li>\n<li>Reisepass (habe ich endlich wieder&#8230;)<\/li>\n<li>Visacard<\/li>\n<li>Impfpass + Impfungen (Pass hab ich, es fehlen keine Impfungen mehr)<\/li>\n<li>Kalender<\/li>\n<li>Tagebuch (das mit Elefanten und die f\u00fcr die Hosentasche; DANK an Lisa, Linda und Martina)<\/li>\n<li>Fernglas (muss Lisa mitbringen, der Rucksack war zu schwer)<\/li>\n<li>Photo (ist dabei, wird unregelm\u00e4\u00dfig genutzt)<\/li>\n<li>Musik (DANK an Simon)<\/li>\n<li>Sonnencreme (ja wirklich wichtig, gibts hier im Supermarkt nicht zu kaufen&#8230; hab ich schon geschaut)<\/li>\n<li>Malariaprophylaxe<\/li>\n<li>Kulturweit-Unterlagen<\/li>\n<li>&#8230;<\/li>\n<\/ul>\n<p>Worauf ich mich FREUE:<\/p>\n<ul>\n<li>die kenianische Sonne<\/li>\n<li>Elefanten; bzw. andere Tierwelt allgemein<\/li>\n<li>liebe Sch\u00fclerinnen<\/li>\n<li>fremdes Essen<\/li>\n<li>auf das Vorbereitungsseminar<\/li>\n<li>darauf loszufliegen und schlie\u00dflich in Kenia anzukommen<\/li>\n<li>meine Aufgabe, die Deutsche Sprache zu vermitteln (keine Ahnung wie das werden soll, aber wird schon)<\/li>\n<li>&#8230;<\/li>\n<\/ul>\n<p>&nbsp;<\/p>\n<p>So jetzt bin ich in Meru und was ich wirklich VERMISSE ist:<\/p>\n<ul>\n<li>mein bequemes Bett (schon nicht mehr, hab mich dran gew\u00f6hnt)<\/li>\n<li>Jahreszeiten (immer Sommer ist dann doch nicht so toll)(wobei ach die Sonne is schon cool)<\/li>\n<li>Vollkornbrot, hab ich mir ja schon gedacht (hey Vollkorntoast ist auch net so schlecht)<\/li>\n<li>ungesalzene Butter (naja ohne Butter kann ich leben, nur nicht mit salziger Magarine)<\/li>\n<li>&#8230;<\/li>\n<\/ul>\n<p>Was wirklich TOLL ist:<\/p>\n<ul>\n<li>die Sch\u00fclerinnen, die wollen sogar Fl\u00f6te lernen, und ich lass mir jetzt noch ein paar Fl\u00f6ten mitbringen und Noten, dann wird das vielleicht mein Langzeitprojekt \ud83d\ude42 eine Fl\u00f6te mitzunehmen war echt die beste Idee \u00fcberhaupt<\/li>\n<li>das Schulgel\u00e4nde<\/li>\n<li>die Tiere die ich schon gesehen habe (Affe, Zebra, Nashorn&#8230;)<\/li>\n<li>das Wetter schon auch, aber \u00f6fter Regen w\u00e4re auch nicht schlecht<\/li>\n<li>Erdnussbutter und Kekse, ein super Kuchenersatz<\/li>\n<li>Mangosaft und frische Maracuja, selbst Orangen schmecken hier besser<\/li>\n<li>ich habe endlich nach drei Wochen warmes Wasser in meinem eigenenen Bad, jetzt hoff ich nur, dass das so bleibt&#8230;<\/li>\n<li>Serah, die K\u00fcchenchefin, sie versorgt mich mit ausreichend Nahrungsmitteln, gerade habe ich wieder Bananen bekommen<\/li>\n<li>&#8230;<\/li>\n<\/ul>\n","protected":false},"excerpt":{"rendered":"<p>Ich halte Ausschau, danach was ich vermissen werde, was ich vergessen werde, was ich auf keinen Fall vergessen darf und am Wichtigsten worauf ich mich freue. Eine Liste, ich liebe Listen&#8230; Was ich vermutlich VERMISSEN werde: meine beste Freundin Lisa &hellip; <a href=\"https:\/\/kulturweit.blog\/meru\/ausschau\/\">Weiterlesen <span class=\"meta-nav\">&rarr;<\/span><\/a><\/p>\n","protected":false},"author":700,"featured_media":54,"parent":0,"menu_order":3,"comment_status":"open","ping_status":"closed","template":"","meta":{"footnotes":""},"class_list":["post-26","page","type-page","status-publish","has-post-thumbnail","hentry"],"amp_enabled":true,"_links":{"self":[{"href":"https:\/\/kulturweit.blog\/meru\/wp-json\/wp\/v2\/pages\/26"}],"collection":[{"href":"https:\/\/kulturweit.blog\/meru\/wp-json\/wp\/v2\/pages"}],"about":[{"href":"https:\/\/kulturweit.blog\/meru\/wp-json\/wp\/v2\/types\/page"}],"author":[{"embeddable":true,"href":"https:\/\/kulturweit.blog\/meru\/wp-json\/wp\/v2\/users\/700"}],"replies":[{"embeddable":true,"href":"https:\/\/kulturweit.blog\/meru\/wp-json\/wp\/v2\/comments?post=26"}],"version-history":[{"count":1,"href":"https:\/\/kulturweit.blog\/meru\/wp-json\/wp\/v2\/pages\/26\/revisions"}],"predecessor-version":[{"id":52,"href":"https:\/\/kulturweit.blog\/meru\/wp-json\/wp\/v2\/pages\/26\/revisions\/52"}],"wp:featuredmedia":[{"embeddable":true,"href":"https:\/\/kulturweit.blog\/meru\/wp-json\/wp\/v2\/media\/54"}],"wp:attachment":[{"href":"https:\/\/kulturweit.blog\/meru\/wp-json\/wp\/v2\/media?parent=26"}],"curies":[{"name":"wp","href":"https:\/\/api.w.org\/{rel}","templated":true}]}}