{"id":194,"date":"2012-03-17T21:00:54","date_gmt":"2012-03-17T20:00:54","guid":{"rendered":"https:\/\/kulturweit.blog\/meru\/?page_id=194"},"modified":"2012-03-22T08:04:28","modified_gmt":"2012-03-22T07:04:28","slug":"194-2","status":"publish","type":"page","link":"https:\/\/kulturweit.blog\/meru\/bilder\/194-2\/","title":{"rendered":"so wohne ich in Meru"},"content":{"rendered":"<p>So, weil immer wieder gefragt wurde, wie sieht dein Zimmer aus, wie wohnst du, hier die ersten Bilder. Und nein ich habe nicht f\u00fcr euch aufger\u00e4umt, hatte keine Lust zu. Und wie ihr sehen k\u00f6nnt habe ich sogar eine Badewanne unter freiem Himmel, ob ich die mal testen werde wei\u00df ich noch nicht, aber sollte ich das tun, dann mach ich ein Beweisfoto.<div id='gallery-1' class='gallery galleryid-194 gallery-columns-3 gallery-size-thumbnail'><dl class='gallery-item'>\n\t\t\t<dt class='gallery-icon landscape'>\n\t\t\t\t<a href='https:\/\/kulturweit.blog\/meru\/bilder\/194-2\/ruckseite-des-gastehauses-mein-eingang\/'><img loading=\"lazy\" decoding=\"async\" width=\"150\" height=\"150\" src=\"https:\/\/kulturweit.blog\/meru\/files\/2012\/03\/R\u00fcckseite-des-G\u00e4stehauses-mein-Eingang-150x150.jpg\" class=\"attachment-thumbnail size-thumbnail\" alt=\"\" \/><\/a>\n\t\t\t<\/dt><\/dl><dl class='gallery-item'>\n\t\t\t<dt class='gallery-icon landscape'>\n\t\t\t\t<a href='https:\/\/kulturweit.blog\/meru\/bilder\/194-2\/blick-zum-eingang\/'><img loading=\"lazy\" decoding=\"async\" width=\"150\" height=\"150\" src=\"https:\/\/kulturweit.blog\/meru\/files\/2012\/03\/Blick-zum-Eingang-150x150.jpg\" class=\"attachment-thumbnail size-thumbnail\" alt=\"\" \/><\/a>\n\t\t\t<\/dt><\/dl><dl class='gallery-item'>\n\t\t\t<dt class='gallery-icon landscape'>\n\t\t\t\t<a href='https:\/\/kulturweit.blog\/meru\/bilder\/194-2\/mein-zimmer\/'><img loading=\"lazy\" decoding=\"async\" width=\"150\" height=\"150\" src=\"https:\/\/kulturweit.blog\/meru\/files\/2012\/03\/mein-Zimmer-150x150.jpg\" class=\"attachment-thumbnail size-thumbnail\" alt=\"\" \/><\/a>\n\t\t\t<\/dt><\/dl><br style=\"clear: both\" \/><dl class='gallery-item'>\n\t\t\t<dt class='gallery-icon portrait'>\n\t\t\t\t<a href='https:\/\/kulturweit.blog\/meru\/bilder\/194-2\/mein-bett\/'><img loading=\"lazy\" decoding=\"async\" width=\"150\" height=\"150\" src=\"https:\/\/kulturweit.blog\/meru\/files\/2012\/03\/mein-Bett-150x150.jpg\" class=\"attachment-thumbnail size-thumbnail\" alt=\"\" \/><\/a>\n\t\t\t<\/dt><\/dl><dl class='gallery-item'>\n\t\t\t<dt class='gallery-icon landscape'>\n\t\t\t\t<a href='https:\/\/kulturweit.blog\/meru\/bilder\/194-2\/mein-schreibtisch\/'><img loading=\"lazy\" decoding=\"async\" width=\"150\" height=\"150\" src=\"https:\/\/kulturweit.blog\/meru\/files\/2012\/03\/mein-Schreibtisch-150x150.jpg\" class=\"attachment-thumbnail size-thumbnail\" alt=\"\" \/><\/a>\n\t\t\t<\/dt><\/dl><dl class='gallery-item'>\n\t\t\t<dt class='gallery-icon portrait'>\n\t\t\t\t<a href='https:\/\/kulturweit.blog\/meru\/bilder\/194-2\/der-kleiderschrank\/'><img loading=\"lazy\" decoding=\"async\" width=\"150\" height=\"150\" src=\"https:\/\/kulturweit.blog\/meru\/files\/2012\/03\/der-Kleiderschrank-150x150.jpg\" class=\"attachment-thumbnail size-thumbnail\" alt=\"\" \/><\/a>\n\t\t\t<\/dt><\/dl><br style=\"clear: both\" \/><dl class='gallery-item'>\n\t\t\t<dt class='gallery-icon portrait'>\n\t\t\t\t<a href='https:\/\/kulturweit.blog\/meru\/bilder\/194-2\/der-vorratsschrank\/'><img loading=\"lazy\" decoding=\"async\" width=\"150\" height=\"150\" src=\"https:\/\/kulturweit.blog\/meru\/files\/2012\/03\/der-Vorratsschrank-150x150.jpg\" class=\"attachment-thumbnail size-thumbnail\" alt=\"\" \/><\/a>\n\t\t\t<\/dt><\/dl><dl class='gallery-item'>\n\t\t\t<dt class='gallery-icon portrait'>\n\t\t\t\t<a href='https:\/\/kulturweit.blog\/meru\/bilder\/194-2\/das-bad\/'><img loading=\"lazy\" decoding=\"async\" width=\"150\" height=\"150\" src=\"https:\/\/kulturweit.blog\/meru\/files\/2012\/03\/das-Bad-150x150.jpg\" class=\"attachment-thumbnail size-thumbnail\" alt=\"\" \/><\/a>\n\t\t\t<\/dt><\/dl><dl class='gallery-item'>\n\t\t\t<dt class='gallery-icon portrait'>\n\t\t\t\t<a href='https:\/\/kulturweit.blog\/meru\/bilder\/194-2\/die-dusche\/'><img loading=\"lazy\" decoding=\"async\" width=\"150\" height=\"150\" src=\"https:\/\/kulturweit.blog\/meru\/files\/2012\/03\/die-Dusche-150x150.jpg\" class=\"attachment-thumbnail size-thumbnail\" alt=\"\" \/><\/a>\n\t\t\t<\/dt><\/dl><br style=\"clear: both\" \/><dl class='gallery-item'>\n\t\t\t<dt class='gallery-icon portrait'>\n\t\t\t\t<a href='https:\/\/kulturweit.blog\/meru\/bilder\/194-2\/mein-waschbecken\/'><img loading=\"lazy\" decoding=\"async\" width=\"150\" height=\"150\" src=\"https:\/\/kulturweit.blog\/meru\/files\/2012\/03\/mein-Waschbecken-150x150.jpg\" class=\"attachment-thumbnail size-thumbnail\" alt=\"\" \/><\/a>\n\t\t\t<\/dt><\/dl><dl class='gallery-item'>\n\t\t\t<dt class='gallery-icon portrait'>\n\t\t\t\t<a href='https:\/\/kulturweit.blog\/meru\/bilder\/194-2\/meine-badewanne\/'><img loading=\"lazy\" decoding=\"async\" width=\"150\" height=\"150\" src=\"https:\/\/kulturweit.blog\/meru\/files\/2012\/03\/meine-Badewanne--150x150.jpg\" class=\"attachment-thumbnail size-thumbnail\" alt=\"\" \/><\/a>\n\t\t\t<\/dt><\/dl><dl class='gallery-item'>\n\t\t\t<dt class='gallery-icon portrait'>\n\t\t\t\t<a href='https:\/\/kulturweit.blog\/meru\/bilder\/194-2\/moskitoschutz\/'><img loading=\"lazy\" decoding=\"async\" width=\"150\" height=\"150\" src=\"https:\/\/kulturweit.blog\/meru\/files\/2012\/03\/Moskitoschutz-150x150.jpg\" class=\"attachment-thumbnail size-thumbnail\" alt=\"\" \/><\/a>\n\t\t\t<\/dt><\/dl><br style=\"clear: both\" \/><dl class='gallery-item'>\n\t\t\t<dt class='gallery-icon landscape'>\n\t\t\t\t<a href='https:\/\/kulturweit.blog\/meru\/bilder\/194-2\/zimmerwand\/'><img loading=\"lazy\" decoding=\"async\" width=\"150\" height=\"150\" src=\"https:\/\/kulturweit.blog\/meru\/files\/2012\/03\/Zimmerwand-150x150.jpg\" class=\"attachment-thumbnail size-thumbnail\" alt=\"\" \/><\/a>\n\t\t\t<\/dt><\/dl>\n\t\t\t<br style='clear: both' \/>\n\t\t<\/div>\n<\/p>\n","protected":false},"excerpt":{"rendered":"<p>So, weil immer wieder gefragt wurde, wie sieht dein Zimmer aus, wie wohnst du, hier die ersten Bilder. Und nein ich habe nicht f\u00fcr euch aufger\u00e4umt, hatte keine Lust zu. Und wie ihr sehen k\u00f6nnt habe ich sogar eine Badewanne &hellip; <a href=\"https:\/\/kulturweit.blog\/meru\/bilder\/194-2\/\">Weiterlesen <span class=\"meta-nav\">&rarr;<\/span><\/a><\/p>\n","protected":false},"author":700,"featured_media":257,"parent":106,"menu_order":0,"comment_status":"open","ping_status":"open","template":"","meta":{"footnotes":""},"class_list":["post-194","page","type-page","status-publish","has-post-thumbnail","hentry"],"amp_enabled":true,"_links":{"self":[{"href":"https:\/\/kulturweit.blog\/meru\/wp-json\/wp\/v2\/pages\/194"}],"collection":[{"href":"https:\/\/kulturweit.blog\/meru\/wp-json\/wp\/v2\/pages"}],"about":[{"href":"https:\/\/kulturweit.blog\/meru\/wp-json\/wp\/v2\/types\/page"}],"author":[{"embeddable":true,"href":"https:\/\/kulturweit.blog\/meru\/wp-json\/wp\/v2\/users\/700"}],"replies":[{"embeddable":true,"href":"https:\/\/kulturweit.blog\/meru\/wp-json\/wp\/v2\/comments?post=194"}],"version-history":[{"count":0,"href":"https:\/\/kulturweit.blog\/meru\/wp-json\/wp\/v2\/pages\/194\/revisions"}],"up":[{"embeddable":true,"href":"https:\/\/kulturweit.blog\/meru\/wp-json\/wp\/v2\/pages\/106"}],"wp:featuredmedia":[{"embeddable":true,"href":"https:\/\/kulturweit.blog\/meru\/wp-json\/wp\/v2\/media\/257"}],"wp:attachment":[{"href":"https:\/\/kulturweit.blog\/meru\/wp-json\/wp\/v2\/media?parent=194"}],"curies":[{"name":"wp","href":"https:\/\/api.w.org\/{rel}","templated":true}]}}