{"id":8,"date":"2023-03-17T19:23:07","date_gmt":"2023-03-17T18:23:07","guid":{"rendered":"https:\/\/kulturweit.blog\/merle2023argentinienposadas\/?page_id=8"},"modified":"2023-03-17T19:23:07","modified_gmt":"2023-03-17T18:23:07","slug":"das-bin-ich","status":"publish","type":"page","link":"https:\/\/kulturweit.blog\/merle2023argentinienposadas\/das-bin-ich\/","title":{"rendered":"Das bin ich :)"},"content":{"rendered":"<h6>Hola, ich bin Merle:)<a href=\"https:\/\/kulturweit.blog\/merle2023argentinienposadas\/files\/2023\/03\/1679076700922.jpg\"><img loading=\"lazy\" decoding=\"async\" class=\"wp-image-9 alignleft\" src=\"https:\/\/kulturweit.blog\/merle2023argentinienposadas\/files\/2023\/03\/1679076700922-300x450.jpg\" alt=\"\" width=\"129\" height=\"194\" srcset=\"https:\/\/kulturweit.blog\/merle2023argentinienposadas\/files\/2023\/03\/1679076700922-300x450.jpg 300w, https:\/\/kulturweit.blog\/merle2023argentinienposadas\/files\/2023\/03\/1679076700922-624x936.jpg 624w, https:\/\/kulturweit.blog\/merle2023argentinienposadas\/files\/2023\/03\/1679076700922.jpg 683w\" sizes=\"(max-width: 129px) 100vw, 129px\" \/><\/a><br \/>\nIch habe letzten Sommer mein Abi gemacht, war anschlie\u00dfend mit Interrail in Europa unterwegs und habe vor ein paar Tagen zum ersten Mal in meinem Leben den europ\u00e4ischen Kontinent verlassen.<br \/>\nNun werde ich f\u00fcr knapp 6 Monate in Posadas, im Norden von Argentinien, leben und arbeiten.<br \/>\nDie Schule, welche ich im Deutschunterricht und mit Projekten unterst\u00fctze, hei\u00dft Instituto Gutenberg und liegt im Zentrum der Provinz-Hauptstadt.<\/h6>\n","protected":false},"excerpt":{"rendered":"<p>Hola, ich bin Merle:) Ich habe letzten Sommer mein Abi gemacht, war anschlie\u00dfend mit Interrail in Europa unterwegs und habe vor ein paar Tagen zum ersten Mal in meinem Leben den europ\u00e4ischen Kontinent verlassen. Nun werde ich f\u00fcr knapp 6 Monate in Posadas, im Norden von Argentinien, leben und arbeiten. Die Schule, welche ich im &hellip; <span class=\"more-link\"><a href=\"https:\/\/kulturweit.blog\/merle2023argentinienposadas\/das-bin-ich\/\">Mehr lesen &raquo;<\/a><\/span><\/p>\n","protected":false},"author":3142,"featured_media":0,"parent":0,"menu_order":0,"comment_status":"closed","ping_status":"closed","template":"","meta":{"footnotes":""},"class_list":["post-8","page","type-page","status-publish","hentry"],"amp_enabled":true,"_links":{"self":[{"href":"https:\/\/kulturweit.blog\/merle2023argentinienposadas\/wp-json\/wp\/v2\/pages\/8"}],"collection":[{"href":"https:\/\/kulturweit.blog\/merle2023argentinienposadas\/wp-json\/wp\/v2\/pages"}],"about":[{"href":"https:\/\/kulturweit.blog\/merle2023argentinienposadas\/wp-json\/wp\/v2\/types\/page"}],"author":[{"embeddable":true,"href":"https:\/\/kulturweit.blog\/merle2023argentinienposadas\/wp-json\/wp\/v2\/users\/3142"}],"replies":[{"embeddable":true,"href":"https:\/\/kulturweit.blog\/merle2023argentinienposadas\/wp-json\/wp\/v2\/comments?post=8"}],"version-history":[{"count":3,"href":"https:\/\/kulturweit.blog\/merle2023argentinienposadas\/wp-json\/wp\/v2\/pages\/8\/revisions"}],"predecessor-version":[{"id":13,"href":"https:\/\/kulturweit.blog\/merle2023argentinienposadas\/wp-json\/wp\/v2\/pages\/8\/revisions\/13"}],"wp:attachment":[{"href":"https:\/\/kulturweit.blog\/merle2023argentinienposadas\/wp-json\/wp\/v2\/media?parent=8"}],"curies":[{"name":"wp","href":"https:\/\/api.w.org\/{rel}","templated":true}]}}