{"id":134,"date":"2016-09-29T11:22:57","date_gmt":"2016-09-29T08:22:57","guid":{"rendered":"https:\/\/kulturweit.blog\/meinjahrinblagoevgrad\/?page_id=134"},"modified":"2016-09-29T11:22:57","modified_gmt":"2016-09-29T08:22:57","slug":"startseite","status":"publish","type":"page","link":"https:\/\/kulturweit.blog\/meinjahrinblagoevgrad\/","title":{"rendered":"Startseite"},"content":{"rendered":"<p><strong>Hallo zusammen! \ud83d\ude42<\/strong><\/p>\n<p>Ich hei\u00dfe Toni, bin achtzehn Jahre alt und ab September 2016 \u00a0mit &#8222;kulturweit&#8220; und dem &#8222;P\u00e4dagogischen Austauschdienst&#8220; (PAD\/Zfa) f\u00fcr ein ganzes Jahr in Bulgarien. Ich werde mein Freiwilliges Soziales Jahr am\u00a0Fremdsprachengymnasium &#8222;Lyudmil Stoyanov&#8220; in Blagoevgrad absolvieren.<\/p>\n<p>&#8220; Blago- WAS?? Noch nie davon geh\u00f6rt&#8230;Wo liegt das denn?!?&#8220;- Mit dieser Frage wurde ich in den letzten Wochen sehr h\u00e4ufig konfrontiert. Um hier mal ein bisschen Klarheit zu schaffen: Blagoevgrad ist eine Stadt im S\u00fcdwesten Bulgariens, am Fu\u00dfe des Pirin- und Rilagebirges, etwa 100 km s\u00fcdwestlich von der Hauptstadt Sofia. Sie hat ca. 77.441 Einwohner, von denen viele Studenten sein sollen, da es zwei gro\u00dfe Universit\u00e4ten gibt.<\/p>\n<p>Viel mehr wei\u00df ich auch noch nicht&#8230; doch in den n\u00e4chsten zw\u00f6lf Monaten werde ich euch sicher noch viel, viel mehr \u00fcber meine einj\u00e4hrige Heimat erz\u00e4hlen k\u00f6nnen! Ich werde mich nat\u00fcrlich bem\u00fchen, hier in diesem Blog so regelm\u00e4\u00dfig wie m\u00f6glich von meinen Erlebnissen in Bulgarien \u00a0zu berichten.<\/p>\n<p>Bis bald! Oder wie man in Bulgarien sagt: \u0414\u043e \u0441\u043a\u043e\u0440\u043e! (gesprochen: do skoro- aber vergesst blo\u00df nicht das gerollte &#8222;r&#8220; ! \ud83d\ude09 )<\/p>\n<p>Eure Toni \ud83d\ude42<\/p>\n","protected":false},"excerpt":{"rendered":"<p>Hallo zusammen! \ud83d\ude42 Ich hei\u00dfe Toni, bin achtzehn Jahre alt und ab September 2016 \u00a0mit &#8222;kulturweit&#8220; und dem &#8222;P\u00e4dagogischen Austauschdienst&#8220; (PAD\/Zfa) f\u00fcr ein ganzes Jahr in Bulgarien. Ich werde mein Freiwilliges Soziales Jahr am\u00a0Fremdsprachengymnasium &#8222;Lyudmil Stoyanov&#8220; in Blagoevgrad absolvieren. &#8220; &hellip; <a href=\"https:\/\/kulturweit.blog\/meinjahrinblagoevgrad\/\">Weiterlesen <span class=\"meta-nav\">&rarr;<\/span><\/a><\/p>\n","protected":false},"author":2024,"featured_media":0,"parent":0,"menu_order":0,"comment_status":"closed","ping_status":"closed","template":"","meta":{"footnotes":""},"class_list":["post-134","page","type-page","status-publish","hentry"],"amp_enabled":false,"_links":{"self":[{"href":"https:\/\/kulturweit.blog\/meinjahrinblagoevgrad\/wp-json\/wp\/v2\/pages\/134"}],"collection":[{"href":"https:\/\/kulturweit.blog\/meinjahrinblagoevgrad\/wp-json\/wp\/v2\/pages"}],"about":[{"href":"https:\/\/kulturweit.blog\/meinjahrinblagoevgrad\/wp-json\/wp\/v2\/types\/page"}],"author":[{"embeddable":true,"href":"https:\/\/kulturweit.blog\/meinjahrinblagoevgrad\/wp-json\/wp\/v2\/users\/2024"}],"replies":[{"embeddable":true,"href":"https:\/\/kulturweit.blog\/meinjahrinblagoevgrad\/wp-json\/wp\/v2\/comments?post=134"}],"version-history":[{"count":1,"href":"https:\/\/kulturweit.blog\/meinjahrinblagoevgrad\/wp-json\/wp\/v2\/pages\/134\/revisions"}],"predecessor-version":[{"id":135,"href":"https:\/\/kulturweit.blog\/meinjahrinblagoevgrad\/wp-json\/wp\/v2\/pages\/134\/revisions\/135"}],"wp:attachment":[{"href":"https:\/\/kulturweit.blog\/meinjahrinblagoevgrad\/wp-json\/wp\/v2\/media?parent=134"}],"curies":[{"name":"wp","href":"https:\/\/api.w.org\/{rel}","templated":true}]}}