{"id":16,"date":"2019-09-22T16:58:32","date_gmt":"2019-09-22T14:58:32","guid":{"rendered":"https:\/\/kulturweit.blog\/maryinmongolia\/?page_id=16"},"modified":"2019-09-22T17:03:30","modified_gmt":"2019-09-22T15:03:30","slug":"startseite","status":"publish","type":"page","link":"https:\/\/kulturweit.blog\/maryinmongolia\/","title":{"rendered":"About me"},"content":{"rendered":"<p>Heyho und Willkommen zu meinem Blog \u00fcber mein Freiwilligendienst in Ulaanbaatar.<\/p>\n<p>Mein Name ist Marie, ich komme aus M\u00fcnchen und ab September 2019 bin ich f\u00fcr ein halbes Jahr in der Hauptstadt der Mongolei.<\/p>\n<p>In diesem Blog werdet ihr also haupts\u00e4chlich in Fotoform von meinen Erlebnissen erfahren.<\/p>\n<p>Alles klar cool!<\/p>\n<p>&nbsp;<\/p>\n","protected":false},"excerpt":{"rendered":"<p>Heyho und Willkommen zu meinem Blog \u00fcber mein Freiwilligendienst in Ulaanbaatar. Mein Name ist Marie, ich komme aus M\u00fcnchen und ab September 2019 bin ich f\u00fcr ein halbes Jahr in der Hauptstadt der Mongolei. In diesem Blog werdet ihr also haupts\u00e4chlich in Fotoform von meinen Erlebnissen erfahren. Alles klar cool! &nbsp;<\/p>\n","protected":false},"author":2777,"featured_media":4,"parent":0,"menu_order":0,"comment_status":"closed","ping_status":"closed","template":"page-templates\/front-page.php","meta":{"footnotes":""},"class_list":["post-16","page","type-page","status-publish","has-post-thumbnail","hentry"],"_links":{"self":[{"href":"https:\/\/kulturweit.blog\/maryinmongolia\/wp-json\/wp\/v2\/pages\/16"}],"collection":[{"href":"https:\/\/kulturweit.blog\/maryinmongolia\/wp-json\/wp\/v2\/pages"}],"about":[{"href":"https:\/\/kulturweit.blog\/maryinmongolia\/wp-json\/wp\/v2\/types\/page"}],"author":[{"embeddable":true,"href":"https:\/\/kulturweit.blog\/maryinmongolia\/wp-json\/wp\/v2\/users\/2777"}],"replies":[{"embeddable":true,"href":"https:\/\/kulturweit.blog\/maryinmongolia\/wp-json\/wp\/v2\/comments?post=16"}],"version-history":[{"count":2,"href":"https:\/\/kulturweit.blog\/maryinmongolia\/wp-json\/wp\/v2\/pages\/16\/revisions"}],"predecessor-version":[{"id":20,"href":"https:\/\/kulturweit.blog\/maryinmongolia\/wp-json\/wp\/v2\/pages\/16\/revisions\/20"}],"wp:featuredmedia":[{"embeddable":true,"href":"https:\/\/kulturweit.blog\/maryinmongolia\/wp-json\/wp\/v2\/media\/4"}],"wp:attachment":[{"href":"https:\/\/kulturweit.blog\/maryinmongolia\/wp-json\/wp\/v2\/media?parent=16"}],"curies":[{"name":"wp","href":"https:\/\/api.w.org\/{rel}","templated":true}]}}